{"id":4065,"date":"2023-11-10T14:43:58","date_gmt":"2023-11-10T13:43:58","guid":{"rendered":"https:\/\/cormac.eu\/?post_type=product&#038;p=4065"},"modified":"2023-11-10T14:47:56","modified_gmt":"2023-11-10T13:47:56","slug":"stroj-na-vyrobu-rukavov","status":"publish","type":"product","link":"https:\/\/cormac.eu\/sk\/product\/sleeving-machine\/","title":{"rendered":"Stroj na v\u00fdrobu ruk\u00e1vov"},"content":{"rendered":"<p>Ruk\u00e1vovacie stroje s\u00fa navrhnut\u00e9 na umiestnenie kart\u00f3nov\u00e9ho ruk\u00e1va okolo jedn\u00e9ho v\u00fdrobku (napr. podnosy na hotov\u00e9 jedl\u00e1, dezertn\u00e9 poh\u00e1re at\u010f.) alebo skupiny v\u00fdrobkov (napr. poh\u00e1re, tehly, plechovky at\u010f.). Tento kart\u00f3nov\u00fd obal sa zabal\u00ed a upevn\u00ed pomocou tavn\u00e9ho lepidla alebo h\u00e1\u010dikov. Ruk\u00e1vniky s\u00fa k dispoz\u00edcii s r\u00f4znymi typmi uz\u00e1verov (spodn\u00fd, bo\u010dn\u00fd, vrchn\u00fd at\u010f.) a s r\u00fdchlou a jednoduchou zmenou form\u00e1tu. R\u00fdchlos\u0165 je elektronicky nastavite\u013en\u00e1 a\u017e do maxim\u00e1lnej r\u00fdchlosti 250 ruk\u00e1vov za min\u00fatu. Sortiment sleevingov\u00fdch strojov navrhnut\u00fdch spolo\u010dnos\u0165ou VIMCO je k dispoz\u00edcii so \u0161irokou \u0161k\u00e1lou r\u00f4znych rozstupov stroja, aby vyhovoval r\u00f4znym potreb\u00e1m z\u00e1kazn\u00edkov a aby bolo mo\u017en\u00e9 pracova\u0165 s r\u00f4znymi v\u00fdrobkami. T\u00edm spolo\u010dnosti Vimco je k dispoz\u00edcii na \u0161t\u00fadium a n\u00e1vrh strojov na mieru pre \u0161peci\u00e1lne ve\u013ekosti alebo tvary krab\u00edc.<\/p>\n<p><img decoding=\"async\" class=\"alignnone size-medium wp-image-4042\" src=\"https:\/\/cormac.eu\/wp-content\/uploads\/2023\/11\/sleeving-process-300x120.jpg\" alt=\"\" width=\"300\" height=\"120\" srcset=\"https:\/\/cormac.eu\/wp-content\/uploads\/2023\/11\/sleeving-process-300x120.jpg 300w, https:\/\/cormac.eu\/wp-content\/uploads\/2023\/11\/sleeving-process.jpg 582w\" sizes=\"(max-width: 300px) 100vw, 300px\" \/><\/p>\n<p>&nbsp;<\/p>\n<p>DOSTUPN\u00c9 MODELY:<\/p>\n<ul>\n<li>Ruk\u00e1vkovacie stroje pre z\u00e1sobn\u00edky, max. r\u00fdchlos\u0165 do 120 ks\/min<\/li>\n<li>Stroje na pl\u00e1\u0161\u0165ovanie hrncov a plechoviek, max. r\u00fdchlos\u0165 do 250 ks\/min<\/li>\n<li>\u0160PECI\u00c1LY: stroje na v\u00fdrobu ruk\u00e1vov na mieru<\/li>\n<\/ul>\n<p>&nbsp;<\/p>\n<table style=\"height: 358px\" width=\"828\">\n<tbody>\n<tr>\n<td width=\"264\"><strong>F<\/strong><strong>eatures<\/strong><\/td>\n<td width=\"340\"><strong>V\u00fdhody<\/strong><\/td>\n<\/tr>\n<tr>\n<td width=\"264\">Regul\u00e1cia r\u00fdchlosti<\/td>\n<td width=\"340\">Nastavite\u013en\u00e1 r\u00fdchlos\u0165<\/td>\n<\/tr>\n<tr>\n<td width=\"264\">Bo\u010dn\u00e9, horn\u00e9 alebo doln\u00e9 zatv\u00e1ranie<\/td>\n<td width=\"340\">K dispoz\u00edcii s\u00fa r\u00f4zne syst\u00e9my zatv\u00e1rania<\/td>\n<\/tr>\n<tr>\n<td width=\"264\">R\u00fdchla v\u00fdmena<\/td>\n<td width=\"340\">Priemern\u00e1 zmena v priebehu 5-10 min\u00fat<\/td>\n<\/tr>\n<tr>\n<td width=\"264\">Bez\u0161k\u00e1rov\u00e1 alebo lakovan\u00e1 oce\u013eov\u00e1 kon\u0161trukcia<\/td>\n<td width=\"340\">Vhodn\u00e9 pre r\u00f4zne odvetvia<\/td>\n<\/tr>\n<\/tbody>\n<\/table>\n<p>&nbsp;<\/p>","protected":false},"excerpt":{"rendered":"<p>Stroj na oba\u013eovanie je navrhnut\u00fd na umiestnenie kart\u00f3nov\u00e9ho obalu okolo jedn\u00e9ho v\u00fdrobku, skupiny v\u00fdrobkov alebo z\u00e1sobn\u00edka.<\/p>","protected":false},"featured_media":4041,"comment_status":"open","ping_status":"closed","template":"","meta":{"uix_meta_title":"","uix_meta_description":"","uix_canonical_url":""},"product_brand":[],"product_cat":[114],"product_tag":[],"class_list":{"0":"post-4065","1":"product","2":"type-product","3":"status-publish","4":"has-post-thumbnail","6":"product_cat-secondary-packaging","8":"first","9":"instock","10":"shipping-taxable","11":"product-type-simple"},"_links":{"self":[{"href":"https:\/\/cormac.eu\/sk\/wp-json\/wp\/v2\/product\/4065","targetHints":{"allow":["GET"]}}],"collection":[{"href":"https:\/\/cormac.eu\/sk\/wp-json\/wp\/v2\/product"}],"about":[{"href":"https:\/\/cormac.eu\/sk\/wp-json\/wp\/v2\/types\/product"}],"replies":[{"embeddable":true,"href":"https:\/\/cormac.eu\/sk\/wp-json\/wp\/v2\/comments?post=4065"}],"wp:featuredmedia":[{"embeddable":true,"href":"https:\/\/cormac.eu\/sk\/wp-json\/wp\/v2\/media\/4041"}],"wp:attachment":[{"href":"https:\/\/cormac.eu\/sk\/wp-json\/wp\/v2\/media?parent=4065"}],"wp:term":[{"taxonomy":"product_brand","embeddable":true,"href":"https:\/\/cormac.eu\/sk\/wp-json\/wp\/v2\/product_brand?post=4065"},{"taxonomy":"product_cat","embeddable":true,"href":"https:\/\/cormac.eu\/sk\/wp-json\/wp\/v2\/product_cat?post=4065"},{"taxonomy":"product_tag","embeddable":true,"href":"https:\/\/cormac.eu\/sk\/wp-json\/wp\/v2\/product_tag?post=4065"}],"curies":[{"name":"wp","href":"https:\/\/api.w.org\/{rel}","templated":true}]}}