{"id":4064,"date":"2023-11-10T14:38:19","date_gmt":"2023-11-10T13:38:19","guid":{"rendered":"https:\/\/cormac.eu\/?post_type=product&#038;p=4064"},"modified":"2023-11-10T14:43:29","modified_gmt":"2023-11-10T13:43:29","slug":"roboticka-nakladacia-jednotka","status":"publish","type":"product","link":"https:\/\/cormac.eu\/sk\/product\/robotic-loading-unit\/","title":{"rendered":"Robotick\u00e1 nakladacia jednotka"},"content":{"rendered":"<p>Navrhnut\u00e9 vo vlastnej r\u00e9\u017eii <strong>Delta a dvojosov\u00fd robot pre I<\/strong>vlo\u017eenie v\u00fdrobku alebo skupiny v\u00fdrobkov do vopred vytvoren\u00e9ho po\u013ea. Roboty mo\u017eno integrova\u0165 do samostatn\u00fdch nakladac\u00edch jednotiek aj do monoblokov\u00fdch rie\u0161en\u00ed. Tieto roboty mo\u017eno pou\u017ei\u0165 aj ako pomocn\u00e9 rie\u0161enie na pr\u00edpravu r\u00f4znych konfigur\u00e1ci\u00ed v\u00fdrobkov na vstupe do zariadenia tretej strany. Robotick\u00e9 nakladacie jednotky m\u00f4\u017eu by\u0165 vybaven\u00e9 syst\u00e9mami videnia na kontrolu v\u00fdrobkov, ktor\u00e9 s\u00fa schopn\u00e9 kontrolova\u0165 rozmery, kvalitu a orient\u00e1ciu v\u00fdrobkov a oznamova\u0165 robotom, ktor\u00e9 v\u00fdrobky maj\u00fa vybra\u0165 a ktor\u00e9 odmietnu\u0165. Robotick\u00e9 nakladacie jednotky sa m\u00f4\u017eu pou\u017e\u00edva\u0165 na r\u00f4zne aplik\u00e1cie: od prim\u00e1rneho a sekund\u00e1rneho balenia a\u017e po rie\u0161enia na konci linky na balenie do prepravn\u00fdch debien.<b> <\/b>Ka\u017ed\u00fd projekt je podrobne presk\u00faman\u00fd a analyzovan\u00fd, aby bolo mo\u017en\u00e9 navrhn\u00fa\u0165 rie\u0161enia na mieru, ktor\u00e9 s\u00fa \u00faplne prisp\u00f4soben\u00e9 produktom, s ktor\u00fdmi je potrebn\u00e9 manipulova\u0165, a tak poskytn\u00fa\u0165 vysoko flexibiln\u00e9 a modern\u00e9 rie\u0161enie.<\/p>\n<p><img fetchpriority=\"high\" decoding=\"async\" class=\"alignnone size-medium wp-image-4039\" src=\"https:\/\/cormac.eu\/wp-content\/uploads\/2023\/11\/Robotic-loading-process-288x300.jpg\" alt=\"\" width=\"288\" height=\"300\" srcset=\"https:\/\/cormac.eu\/wp-content\/uploads\/2023\/11\/Robotic-loading-process-288x300.jpg 288w, https:\/\/cormac.eu\/wp-content\/uploads\/2023\/11\/Robotic-loading-process.jpg 407w\" sizes=\"(max-width: 288px) 100vw, 288px\" \/><\/p>\n<p>&nbsp;<\/p>\n<table style=\"height: 285px\" width=\"867\">\n<tbody>\n<tr>\n<td width=\"264\"><strong>F<\/strong><strong>eatures<\/strong><\/td>\n<td width=\"340\"><strong>V\u00fdhody<\/strong><\/td>\n<\/tr>\n<tr>\n<td width=\"264\">V\u0161estrann\u00fd<\/td>\n<td width=\"340\">samostatn\u00e9 alebo monoblokov\u00e9 konfigur\u00e1cie<\/td>\n<\/tr>\n<tr>\n<td width=\"264\">Vlastn\u00fd dizajn<\/td>\n<td width=\"340\">Integr\u00e1cia syst\u00e9mu; okam\u017eit\u00e1 popredajn\u00e1 podpora<\/td>\n<\/tr>\n<tr>\n<td width=\"264\">Flexibiln\u00e9<\/td>\n<td width=\"340\">Rie\u0161enia na mieru<\/td>\n<\/tr>\n<\/tbody>\n<\/table>\n<p><strong>\u00a0<\/strong><\/p>\n<p>&nbsp;<\/p>","protected":false},"excerpt":{"rendered":"<p>Robotick\u00e1 nakladacia jednotka je ur\u010den\u00e1 na automatick\u00e9 vyberanie v\u00fdrobkov a ich ukladanie do \u0161katule.<\/p>","protected":false},"featured_media":4040,"comment_status":"open","ping_status":"closed","template":"","meta":{"uix_meta_title":"","uix_meta_description":"","uix_canonical_url":""},"product_brand":[],"product_cat":[114],"product_tag":[],"class_list":{"0":"post-4064","1":"product","2":"type-product","3":"status-publish","4":"has-post-thumbnail","6":"product_cat-secondary-packaging","8":"first","9":"instock","10":"shipping-taxable","11":"product-type-simple"},"_links":{"self":[{"href":"https:\/\/cormac.eu\/sk\/wp-json\/wp\/v2\/product\/4064","targetHints":{"allow":["GET"]}}],"collection":[{"href":"https:\/\/cormac.eu\/sk\/wp-json\/wp\/v2\/product"}],"about":[{"href":"https:\/\/cormac.eu\/sk\/wp-json\/wp\/v2\/types\/product"}],"replies":[{"embeddable":true,"href":"https:\/\/cormac.eu\/sk\/wp-json\/wp\/v2\/comments?post=4064"}],"wp:featuredmedia":[{"embeddable":true,"href":"https:\/\/cormac.eu\/sk\/wp-json\/wp\/v2\/media\/4040"}],"wp:attachment":[{"href":"https:\/\/cormac.eu\/sk\/wp-json\/wp\/v2\/media?parent=4064"}],"wp:term":[{"taxonomy":"product_brand","embeddable":true,"href":"https:\/\/cormac.eu\/sk\/wp-json\/wp\/v2\/product_brand?post=4064"},{"taxonomy":"product_cat","embeddable":true,"href":"https:\/\/cormac.eu\/sk\/wp-json\/wp\/v2\/product_cat?post=4064"},{"taxonomy":"product_tag","embeddable":true,"href":"https:\/\/cormac.eu\/sk\/wp-json\/wp\/v2\/product_tag?post=4064"}],"curies":[{"name":"wp","href":"https:\/\/api.w.org\/{rel}","templated":true}]}}