{"id":4063,"date":"2023-11-10T14:34:54","date_gmt":"2023-11-10T13:34:54","guid":{"rendered":"https:\/\/cormac.eu\/?post_type=product&#038;p=4063"},"modified":"2023-11-10T14:38:03","modified_gmt":"2023-11-10T13:38:03","slug":"stroj-na-zakryvanie","status":"publish","type":"product","link":"https:\/\/cormac.eu\/sk\/product\/lidding-machine\/","title":{"rendered":"Stroj na zakr\u00fdvanie"},"content":{"rendered":"<p>Stroje na v\u00fdrobu poklopov s\u00fa ur\u010den\u00e9 na umiest\u0148ovanie a lepenie kart\u00f3nov\u00fdch poklopov na podnosy alebo v\u00fdstavn\u00e9 boxy. Vie\u010dka sa formuj\u00fa z ploch\u00fdch polotovarov. R\u00fdchlos\u0165 je elektronicky nastavite\u013en\u00e1 a\u017e do maxim\u00e1lnej r\u00fdchlosti 20 krab\u00edc za min\u00fatu pre stroje s jednou poklopovou hlavou. V z\u00e1vislosti od po\u017eadovanej r\u00fdchlosti a vlastnost\u00ed polotovarov je mo\u017en\u00e9 navrhn\u00fa\u0165 stroje s dvojitou hlavou pre vy\u0161\u0161iu r\u00fdchlos\u0165 (a\u017e 40 ks\/min).<\/p>\n<p><img fetchpriority=\"high\" decoding=\"async\" class=\"alignnone size-medium wp-image-4038\" src=\"https:\/\/cormac.eu\/wp-content\/uploads\/2023\/11\/lidding-process-300x232.jpg\" alt=\"\" width=\"300\" height=\"232\" srcset=\"https:\/\/cormac.eu\/wp-content\/uploads\/2023\/11\/lidding-process-300x232.jpg 300w, https:\/\/cormac.eu\/wp-content\/uploads\/2023\/11\/lidding-process.jpg 453w\" sizes=\"(max-width: 300px) 100vw, 300px\" \/><\/p>\n<p>&nbsp;<\/p>\n<p>DOSTUPN\u00c9 MODELY:<\/p>\n<ul>\n<li>Vertik\u00e1lny zdv\u00edhac\u00ed stroj na zakr\u00fdvanie, max. r\u00fdchlos\u0165 20 ks\/min na hlavu<\/li>\n<li>Stroj na zakr\u00fdvanie, max. r\u00fdchlos\u0165 18 ks\/min na hlavu<\/li>\n<li>\u0160PECI\u00c1LY: \u0160peci\u00e1lny stroj na zakr\u00fdvanie na mieru pod\u013ea po\u017eiadaviek z\u00e1kazn\u00edka<\/li>\n<\/ul>\n<p>&nbsp;<\/p>\n<table style=\"height: 522px\" width=\"843\">\n<tbody>\n<tr>\n<td width=\"264\"><strong>F<\/strong><strong>eatures<\/strong><\/td>\n<td width=\"340\"><strong>V\u00fdhody<\/strong><\/td>\n<\/tr>\n<tr>\n<td width=\"264\">Jednoduch\u00e1 alebo dvojit\u00e1 krycia hlava<\/td>\n<td width=\"340\">V\u00fdber rozsahu r\u00fdchlosti<\/td>\n<\/tr>\n<tr>\n<td width=\"264\">Elektrick\u00e1 regul\u00e1cia ot\u00e1\u010dok<\/td>\n<td width=\"340\">Nastavite\u013en\u00e1 r\u00fdchlos\u0165<\/td>\n<\/tr>\n<tr>\n<td width=\"264\">Uzatv\u00e1ranie pomocou tavn\u00e9ho lepidla<\/td>\n<td width=\"340\">Bezpe\u010dn\u00fd syst\u00e9m lepenia<\/td>\n<\/tr>\n<tr>\n<td width=\"264\">R\u00fdchla v\u00fdmena<\/td>\n<td width=\"340\">Priemern\u00e1 zmena form\u00e1tu 5-10 min\u00fat<\/td>\n<\/tr>\n<tr>\n<td width=\"264\">Mo\u017enos\u0165 integr\u00e1cie<\/td>\n<td width=\"340\">Na vytvorenie kompletn\u00fdch baliacich liniek<\/td>\n<\/tr>\n<tr>\n<td width=\"264\">\u0160peci\u00e1lne in\u017einierstvo<\/td>\n<td width=\"340\">Mo\u017en\u00e9 r\u00f4zne konfigur\u00e1cie<\/td>\n<\/tr>\n<tr>\n<td width=\"264\">Nerezov\u00e1 alebo lakovan\u00e1 oce\u013eov\u00e1 kon\u0161trukcia<\/td>\n<td width=\"340\">Vhodn\u00e9 pre r\u00f4zne odvetvia<\/td>\n<\/tr>\n<\/tbody>\n<\/table>","protected":false},"excerpt":{"rendered":"<p>Stroj na v\u00fdrobu poklopov je ur\u010den\u00fd na umiest\u0148ovanie a lepenie kart\u00f3nov\u00fdch poklopov na podnos alebo v\u00fdstavn\u00fa \u0161katu\u013eu.<\/p>","protected":false},"featured_media":4037,"comment_status":"open","ping_status":"closed","template":"","meta":{"uix_meta_title":"","uix_meta_description":"","uix_canonical_url":""},"product_brand":[],"product_cat":[114],"product_tag":[],"class_list":{"0":"post-4063","1":"product","2":"type-product","3":"status-publish","4":"has-post-thumbnail","6":"product_cat-secondary-packaging","8":"first","9":"instock","10":"shipping-taxable","11":"product-type-simple"},"_links":{"self":[{"href":"https:\/\/cormac.eu\/sk\/wp-json\/wp\/v2\/product\/4063","targetHints":{"allow":["GET"]}}],"collection":[{"href":"https:\/\/cormac.eu\/sk\/wp-json\/wp\/v2\/product"}],"about":[{"href":"https:\/\/cormac.eu\/sk\/wp-json\/wp\/v2\/types\/product"}],"replies":[{"embeddable":true,"href":"https:\/\/cormac.eu\/sk\/wp-json\/wp\/v2\/comments?post=4063"}],"wp:featuredmedia":[{"embeddable":true,"href":"https:\/\/cormac.eu\/sk\/wp-json\/wp\/v2\/media\/4037"}],"wp:attachment":[{"href":"https:\/\/cormac.eu\/sk\/wp-json\/wp\/v2\/media?parent=4063"}],"wp:term":[{"taxonomy":"product_brand","embeddable":true,"href":"https:\/\/cormac.eu\/sk\/wp-json\/wp\/v2\/product_brand?post=4063"},{"taxonomy":"product_cat","embeddable":true,"href":"https:\/\/cormac.eu\/sk\/wp-json\/wp\/v2\/product_cat?post=4063"},{"taxonomy":"product_tag","embeddable":true,"href":"https:\/\/cormac.eu\/sk\/wp-json\/wp\/v2\/product_tag?post=4063"}],"curies":[{"name":"wp","href":"https:\/\/api.w.org\/{rel}","templated":true}]}}