{"id":4061,"date":"2023-11-10T14:25:58","date_gmt":"2023-11-10T13:25:58","guid":{"rendered":"https:\/\/cormac.eu\/?post_type=product&#038;p=4061"},"modified":"2024-02-05T13:59:15","modified_gmt":"2024-02-05T12:59:15","slug":"baliace-stroje","status":"publish","type":"product","link":"https:\/\/cormac.eu\/sk\/product\/wrap-around-machines\/","title":{"rendered":"Obalov\u00e9 stroje"},"content":{"rendered":"<p>Baliace stroje s\u00fa ur\u010den\u00e9 na formovanie, nakladanie a zatv\u00e1ranie prepravn\u00fdch alebo v\u00fdstavn\u00fdch skr\u00ed\u0148, pri\u010dom sa vych\u00e1dza z jedn\u00e9ho ploch\u00e9ho kart\u00f3nov\u00e9ho polotovaru. Tento polotovar sa ovinie okolo v\u00fdrobku alebo skupiny v\u00fdrobkov a potom sa presunie na nasleduj\u00face stanice, kde sa uzavrie tavn\u00fdm lepidlom. Tieto stroje s\u00fa ve\u013emi flexibiln\u00e9 a umo\u017e\u0148uj\u00fa realiz\u00e1ciu r\u00f4znych typov obalov, ako s\u00fa kompletn\u00e9 obaly, podnosy, podnosy + veko, v\u00fdstavn\u00e9 boxy at\u010f. s r\u00fdchlou a obmedzenou zmenou form\u00e1tu.<\/p>\n<p>DOSTUPN\u00c9 MODELY:<\/p>\n<ul>\n<li>Obalov\u00fd stroj s jedn\u00fdm z\u00e1sobn\u00edkom<\/li>\n<li>Obalov\u00fd stroj s dvojit\u00fdm z\u00e1sobn\u00edkom na roztoky na z\u00e1sobn\u00edky a vie\u010dka<\/li>\n<\/ul>\n<p>&nbsp;<\/p>\n<table style=\"height: 298px\" width=\"800\">\n<tbody>\n<tr>\n<td width=\"264\"><strong>F<\/strong><strong>eatures<\/strong><\/td>\n<td width=\"340\"><strong>V\u00fdhody<\/strong><\/td>\n<\/tr>\n<tr>\n<td width=\"264\">\u00a0Regul\u00e1cia r\u00fdchlosti<\/td>\n<td width=\"340\">Nastavite\u013en\u00e1 r\u00fdchlos\u0165<\/td>\n<\/tr>\n<tr>\n<td width=\"264\">R\u00fdchla v\u00fdmena<\/td>\n<td width=\"340\">Priemern\u00e1 zmena v priebehu \u010dasu 5-10 min\u00fat<\/td>\n<\/tr>\n<tr>\n<td width=\"264\">Mo\u017enos\u0165 horn\u00e9ho alebo bo\u010dn\u00e9ho nakladania<\/td>\n<td width=\"340\">Najlep\u0161\u00ed mo\u017en\u00fd sp\u00f4sob nakladania v\u00fdrobku\/skrinky<\/td>\n<\/tr>\n<tr>\n<td width=\"264\">Bez stojana z lakovanej oce\u013eovej kon\u0161trukcie<\/td>\n<td width=\"340\">Vhodn\u00e9 pre r\u00f4zne odvetvia<\/td>\n<\/tr>\n<\/tbody>\n<\/table>","protected":false},"excerpt":{"rendered":"<p>Ovinovac\u00ed stroj vezme polotovar zo z\u00e1sobn\u00edka a ovinie ho okolo v\u00fdrobku, skupiny v\u00fdrobkov alebo balenia s v\u00fdrobkami.<\/p>","protected":false},"featured_media":4035,"comment_status":"open","ping_status":"closed","template":"","meta":{"uix_meta_title":"","uix_meta_description":"","uix_canonical_url":""},"product_brand":[],"product_cat":[114],"product_tag":[],"class_list":{"0":"post-4061","1":"product","2":"type-product","3":"status-publish","4":"has-post-thumbnail","6":"product_cat-secondary-packaging","8":"first","9":"instock","10":"shipping-taxable","11":"product-type-simple"},"_links":{"self":[{"href":"https:\/\/cormac.eu\/sk\/wp-json\/wp\/v2\/product\/4061","targetHints":{"allow":["GET"]}}],"collection":[{"href":"https:\/\/cormac.eu\/sk\/wp-json\/wp\/v2\/product"}],"about":[{"href":"https:\/\/cormac.eu\/sk\/wp-json\/wp\/v2\/types\/product"}],"replies":[{"embeddable":true,"href":"https:\/\/cormac.eu\/sk\/wp-json\/wp\/v2\/comments?post=4061"}],"wp:featuredmedia":[{"embeddable":true,"href":"https:\/\/cormac.eu\/sk\/wp-json\/wp\/v2\/media\/4035"}],"wp:attachment":[{"href":"https:\/\/cormac.eu\/sk\/wp-json\/wp\/v2\/media?parent=4061"}],"wp:term":[{"taxonomy":"product_brand","embeddable":true,"href":"https:\/\/cormac.eu\/sk\/wp-json\/wp\/v2\/product_brand?post=4061"},{"taxonomy":"product_cat","embeddable":true,"href":"https:\/\/cormac.eu\/sk\/wp-json\/wp\/v2\/product_cat?post=4061"},{"taxonomy":"product_tag","embeddable":true,"href":"https:\/\/cormac.eu\/sk\/wp-json\/wp\/v2\/product_tag?post=4061"}],"curies":[{"name":"wp","href":"https:\/\/api.w.org\/{rel}","templated":true}]}}