{"id":4060,"date":"2023-11-10T14:19:52","date_gmt":"2023-11-10T13:19:52","guid":{"rendered":"https:\/\/cormac.eu\/?post_type=product&#038;p=4060"},"modified":"2023-11-10T14:25:30","modified_gmt":"2023-11-10T13:25:30","slug":"balicka-obalov","status":"publish","type":"product","link":"https:\/\/cormac.eu\/sk\/product\/case-packer\/","title":{"rendered":"Bali\u010d obalov"},"content":{"rendered":"<p>Baliace stroje na obaly s\u00fa koncov\u00e9 stroje ur\u010den\u00e9 na tvarovanie a plnenie americk\u00fdch obalov. Tieto stroje otv\u00e1raj\u00fa vopred zlepen\u00e9 puzdro a vkladaj\u00fa v\u00fdrobok (alebo skupinu v\u00fdrobkov) do puzdra pomocou syst\u00e9mu bo\u010dn\u00e9ho vkladania alebo robotickej jednotky horn\u00e9ho vkladania.<br \/>\nPuzdro sa uzatv\u00e1ra tavn\u00fdm lepidlom alebo lepiacou p\u00e1skou. Tieto bali\u010dky obalov s\u00fa ve\u013emi flexibiln\u00e9 stroje a zmena form\u00e1tu sa d\u00e1 \u013eahko a r\u00fdchlo vykona\u0165, aby bolo mo\u017en\u00e9 efekt\u00edvne manipulova\u0165 s r\u00f4znymi typmi v\u00fdrobkov.<\/p>\n<p><img decoding=\"async\" class=\"alignnone size-medium wp-image-4033\" src=\"https:\/\/cormac.eu\/wp-content\/uploads\/2023\/11\/case-packer-process-300x159.jpg\" alt=\"\" width=\"300\" height=\"159\" srcset=\"https:\/\/cormac.eu\/wp-content\/uploads\/2023\/11\/case-packer-process-300x159.jpg 300w, https:\/\/cormac.eu\/wp-content\/uploads\/2023\/11\/case-packer-process.jpg 437w\" sizes=\"(max-width: 300px) 100vw, 300px\" \/><\/p>\n<p>&nbsp;<\/p>\n<p>DOSTUPN\u00c9 MODELY:<\/p>\n<ul>\n<li>Baliaci stroj s uzatv\u00e1ran\u00edm krab\u00edc pomocou tavn\u00e9ho lepidla<\/li>\n<li>Baliaci stroj s uzatv\u00e1ran\u00edm krab\u00edc pomocou lepiacej p\u00e1sky<\/li>\n<\/ul>\n<p>&nbsp;<\/p>\n<table style=\"height: 311px\" width=\"730\">\n<tbody>\n<tr>\n<td width=\"264\"><strong>F<\/strong><strong>eatures<\/strong><\/td>\n<td width=\"340\"><strong>V\u00fdhody<\/strong><\/td>\n<\/tr>\n<tr>\n<td width=\"264\">\u00a0Regul\u00e1cia r\u00fdchlosti<\/td>\n<td width=\"340\">Nastavite\u013en\u00e1 r\u00fdchlos\u0165<\/td>\n<\/tr>\n<tr>\n<td width=\"264\">R\u00fdchla v\u00fdmena<\/td>\n<td width=\"340\">Priemern\u00e1 zmena v priebehu \u010dasu 5-10 min\u00fat<\/td>\n<\/tr>\n<tr>\n<td width=\"264\">Mo\u017enos\u0165 horn\u00e9ho alebo bo\u010dn\u00e9ho nakladania<\/td>\n<td width=\"340\">Najlep\u0161\u00ed mo\u017en\u00fd sp\u00f4sob nakladania v\u00fdrobku\/skrinky<\/td>\n<\/tr>\n<tr>\n<td width=\"264\">Bez stojana z lakovanej oce\u013eovej kon\u0161trukcie<\/td>\n<td width=\"340\">Vhodn\u00e9 pre r\u00f4zne odvetvia<\/td>\n<\/tr>\n<\/tbody>\n<\/table>","protected":false},"excerpt":{"rendered":"<p>Stroj na tvarovanie americk\u00fdch debien z blanu a ich nakladanie zboku alebo zhora.<\/p>","protected":false},"featured_media":4034,"comment_status":"open","ping_status":"closed","template":"","meta":{"uix_meta_title":"","uix_meta_description":"","uix_canonical_url":""},"product_brand":[],"product_cat":[114],"product_tag":[],"class_list":{"0":"post-4060","1":"product","2":"type-product","3":"status-publish","4":"has-post-thumbnail","6":"product_cat-secondary-packaging","8":"first","9":"instock","10":"shipping-taxable","11":"product-type-simple"},"_links":{"self":[{"href":"https:\/\/cormac.eu\/sk\/wp-json\/wp\/v2\/product\/4060","targetHints":{"allow":["GET"]}}],"collection":[{"href":"https:\/\/cormac.eu\/sk\/wp-json\/wp\/v2\/product"}],"about":[{"href":"https:\/\/cormac.eu\/sk\/wp-json\/wp\/v2\/types\/product"}],"replies":[{"embeddable":true,"href":"https:\/\/cormac.eu\/sk\/wp-json\/wp\/v2\/comments?post=4060"}],"wp:featuredmedia":[{"embeddable":true,"href":"https:\/\/cormac.eu\/sk\/wp-json\/wp\/v2\/media\/4034"}],"wp:attachment":[{"href":"https:\/\/cormac.eu\/sk\/wp-json\/wp\/v2\/media?parent=4060"}],"wp:term":[{"taxonomy":"product_brand","embeddable":true,"href":"https:\/\/cormac.eu\/sk\/wp-json\/wp\/v2\/product_brand?post=4060"},{"taxonomy":"product_cat","embeddable":true,"href":"https:\/\/cormac.eu\/sk\/wp-json\/wp\/v2\/product_cat?post=4060"},{"taxonomy":"product_tag","embeddable":true,"href":"https:\/\/cormac.eu\/sk\/wp-json\/wp\/v2\/product_tag?post=4060"}],"curies":[{"name":"wp","href":"https:\/\/api.w.org\/{rel}","templated":true}]}}