{"id":4058,"date":"2023-11-10T13:26:28","date_gmt":"2023-11-10T12:26:28","guid":{"rendered":"https:\/\/cormac.eu\/?post_type=product&#038;p=4058"},"modified":"2023-11-10T13:36:51","modified_gmt":"2023-11-10T12:36:51","slug":"kompletna-linka-na-sekundarne-balenie","status":"publish","type":"product","link":"https:\/\/cormac.eu\/sk\/product\/complete-secondary-packaging-line\/","title":{"rendered":"Kompletn\u00e1 linka na sekund\u00e1rne balenie"},"content":{"rendered":"<p>V\u0161etky jednotliv\u00e9 stroje z dostupn\u00e9ho sortimentu strojov na sekund\u00e1rne balenie pre r\u00f4zne aplik\u00e1cie mo\u017eno skombinova\u0165 do jednej kompletnej baliacej linky na k\u013e\u00fa\u010d. V tak\u00fdchto kompletn\u00fdch link\u00e1ch vyu\u017e\u00edvame dvojosov\u00e9 a trojosov\u00e9 roboty vlastnej kon\u0161trukcie na umiest\u0148ovanie a orient\u00e1ciu v\u00fdrobkov v r\u00f4znych konfigur\u00e1ci\u00e1ch krab\u00edc. Nakladacie jednotky m\u00f4\u017eu by\u0165 robotick\u00e9 alebo automatick\u00e9. Na\u0161e oddelenie v\u00fdskumu a v\u00fdvoja navrhuje a vyv\u00edja kompletn\u00e9 linky, ktor\u00e9 vytv\u00e1raj\u00fa rie\u0161enia zameran\u00e9 na v\u00fdrobok a balenie z\u00e1kazn\u00edka. Tieto linky m\u00f4\u017eu by\u0165 \u00faplne prisp\u00f4soben\u00e9 a navrhnut\u00e9 tak, aby sp\u013a\u0148ali potreby z\u00e1kazn\u00edka, s vyu\u017eit\u00edm najmodernej\u0161\u00edch technol\u00f3gi\u00ed. Poskytovan\u00edm kompletn\u00fdch liniek zaru\u010dujeme jednotnos\u0165 logiky jednotliv\u00fdch strojov, jednotnos\u0165 riadenia projektov, r\u00fdchly popredajn\u00fd servis a \u0161pecializovan\u00fd t\u00edm, ktor\u00fd okam\u017eite reaguje na potreby podpory z\u00e1kazn\u00edka.<\/p>\n<p>&nbsp;<\/p>\n<p><img fetchpriority=\"high\" decoding=\"async\" class=\"alignnone size-medium wp-image-4039\" src=\"https:\/\/cormac.eu\/wp-content\/uploads\/2023\/11\/Robotic-loading-process-288x300.jpg\" alt=\"\" width=\"288\" height=\"300\" srcset=\"https:\/\/cormac.eu\/wp-content\/uploads\/2023\/11\/Robotic-loading-process-288x300.jpg 288w, https:\/\/cormac.eu\/wp-content\/uploads\/2023\/11\/Robotic-loading-process.jpg 407w\" sizes=\"(max-width: 288px) 100vw, 288px\" \/><\/p>\n<p><strong>\u00a0<\/strong><\/p>\n<p><u>SYST\u00c9MY, KTOR\u00c9 MO\u017dNO INTEGROVA\u0164 DO KOMPLETN\u00ddCH LINIEK:<\/u><\/p>\n<ul>\n<li>Syst\u00e9my kontroly hmotnosti<\/li>\n<li>Syst\u00e9my videnia<\/li>\n<li>Syst\u00e9my na vyhadzovanie v\u00fdrobkov, ktor\u00e9 nie s\u00fa v s\u00falade s predpismi<\/li>\n<li>Syst\u00e9my ozna\u010dovania<\/li>\n<li>K\u00f3dovacie a tla\u010dov\u00e9 syst\u00e9my<\/li>\n<li>Paletovacie syst\u00e9my<\/li>\n<\/ul>\n<p>&nbsp;<\/p>\n<table style=\"height: 307px\" width=\"805\">\n<tbody>\n<tr>\n<td width=\"264\"><strong>F<\/strong><strong>eatures<\/strong><\/td>\n<td width=\"340\"><strong>V\u00fdhody<\/strong><\/td>\n<\/tr>\n<tr>\n<td width=\"264\">\u00a0Celkov\u00e9 in\u017einierstvo kompletn\u00fdch liniek<\/td>\n<td width=\"340\">R\u00f4zne rie\u0161enia balenia<\/td>\n<\/tr>\n<tr>\n<td width=\"264\">Robotick\u00e9 nakladanie<\/td>\n<td width=\"340\">R\u00fdchle, efekt\u00edvne, spo\u013eahliv\u00e9<\/td>\n<\/tr>\n<tr>\n<td width=\"264\">Dod\u00e1vka na k\u013e\u00fa\u010d<\/td>\n<td width=\"340\">Dod\u00e1vate\u013e na jednom mieste so zodpovednos\u0165ou za projekt<\/td>\n<\/tr>\n<tr>\n<td width=\"264\">Kon\u0161trukcie z nehrdzavej\u00facej alebo paitensovej ocele<\/td>\n<td width=\"340\">Spo\u013eahliv\u00fd priemysel<\/td>\n<\/tr>\n<\/tbody>\n<\/table>","protected":false},"excerpt":{"rendered":"<p>Automatick\u00e9 tvarovanie kart\u00f3nov, nakladanie v\u00fdrobkov pomocou robotick\u00fdch buniek pick and place alebo in\u00fdch syst\u00e9mov, vr\u00e1tane rie\u0161en\u00ed na konci linky vr\u00e1tane paletiz\u00e1cie.<\/p>","protected":false},"featured_media":4032,"comment_status":"open","ping_status":"closed","template":"","meta":{"uix_meta_title":"","uix_meta_description":"","uix_canonical_url":""},"product_brand":[],"product_cat":[114],"product_tag":[],"class_list":{"0":"post-4058","1":"product","2":"type-product","3":"status-publish","4":"has-post-thumbnail","6":"product_cat-secondary-packaging","8":"first","9":"instock","10":"shipping-taxable","11":"product-type-simple"},"_links":{"self":[{"href":"https:\/\/cormac.eu\/sk\/wp-json\/wp\/v2\/product\/4058","targetHints":{"allow":["GET"]}}],"collection":[{"href":"https:\/\/cormac.eu\/sk\/wp-json\/wp\/v2\/product"}],"about":[{"href":"https:\/\/cormac.eu\/sk\/wp-json\/wp\/v2\/types\/product"}],"replies":[{"embeddable":true,"href":"https:\/\/cormac.eu\/sk\/wp-json\/wp\/v2\/comments?post=4058"}],"wp:featuredmedia":[{"embeddable":true,"href":"https:\/\/cormac.eu\/sk\/wp-json\/wp\/v2\/media\/4032"}],"wp:attachment":[{"href":"https:\/\/cormac.eu\/sk\/wp-json\/wp\/v2\/media?parent=4058"}],"wp:term":[{"taxonomy":"product_brand","embeddable":true,"href":"https:\/\/cormac.eu\/sk\/wp-json\/wp\/v2\/product_brand?post=4058"},{"taxonomy":"product_cat","embeddable":true,"href":"https:\/\/cormac.eu\/sk\/wp-json\/wp\/v2\/product_cat?post=4058"},{"taxonomy":"product_tag","embeddable":true,"href":"https:\/\/cormac.eu\/sk\/wp-json\/wp\/v2\/product_tag?post=4058"}],"curies":[{"name":"wp","href":"https:\/\/api.w.org\/{rel}","templated":true}]}}