{"id":4054,"date":"2023-11-10T13:13:17","date_gmt":"2023-11-10T12:13:17","guid":{"rendered":"https:\/\/cormac.eu\/?post_type=product&#038;p=4054"},"modified":"2023-11-10T13:26:17","modified_gmt":"2023-11-10T12:26:17","slug":"stroj-na-zatvaranie-boxov","status":"publish","type":"product","link":"https:\/\/cormac.eu\/sk\/product\/box-closing-machine\/","title":{"rendered":"Stroj na zatv\u00e1ranie \u0161kat\u00fa\u013e"},"content":{"rendered":"<p>Zatv\u00e1racie stroje s\u00fa ur\u010den\u00e9 na zatv\u00e1ranie krab\u00edc s vekom po naplnen\u00ed v\u00fdrobkami. Zatv\u00e1racie stroje m\u00f4\u017eu by\u0165 line\u00e1rne pre vysokor\u00fdchlostn\u00e9 rie\u0161enia alebo ak maj\u00fa krabice 1-klopov\u00e9 veko.<br \/>\nStroje m\u00f4\u017eu by\u0165 uhlov\u00e9 v pr\u00edpade krab\u00edc s 3-klopov\u00fdmi vekami. Tieto stroje maj\u00fa plynul\u00fd pohyb. Krabice sa m\u00f4\u017eu uzatv\u00e1ra\u0165 pomocou tavn\u00e9ho lepidla alebo z\u00e1mkov\u00e9ho syst\u00e9mu.<br \/>\nR\u00fdchlos\u0165 je elektronicky nastavite\u013en\u00e1 a\u017e do maxim\u00e1lnej r\u00fdchlosti 200 boxov za min\u00fatu. Zmena form\u00e1tu je r\u00fdchla a jednoduch\u00e1.<\/p>\n<p>Kapacita: A\u017e 200 krab\u00edc za min\u00fatu.<\/p>\n<p><img decoding=\"async\" class=\"alignnone size-medium wp-image-4055\" src=\"https:\/\/cormac.eu\/wp-content\/uploads\/2023\/11\/closing-process-300x123.jpg\" alt=\"\" width=\"300\" height=\"123\" srcset=\"https:\/\/cormac.eu\/wp-content\/uploads\/2023\/11\/closing-process-300x123.jpg 300w, https:\/\/cormac.eu\/wp-content\/uploads\/2023\/11\/closing-process-600x245.jpg 600w, https:\/\/cormac.eu\/wp-content\/uploads\/2023\/11\/closing-process.jpg 644w\" sizes=\"(max-width: 300px) 100vw, 300px\" \/><\/p>\n<p>&nbsp;<\/p>\n<p>&nbsp;<\/p>\n<table style=\"height: 395px\" width=\"841\">\n<tbody>\n<tr>\n<td width=\"264\"><strong>F<\/strong><strong>eatures<\/strong><\/td>\n<td width=\"340\"><strong>V\u00fdhody<\/strong><\/td>\n<\/tr>\n<tr>\n<td width=\"264\">Preru\u0161ovan\u00fd alebo nepretr\u017eit\u00fd pohyb<\/td>\n<td width=\"340\">Integr\u00e1cia syst\u00e9mu<\/td>\n<\/tr>\n<tr>\n<td width=\"264\">Regul\u00e1cia r\u00fdchlosti<\/td>\n<td width=\"340\">Nastavite\u013en\u00e1 r\u00fdchlos\u0165<\/td>\n<\/tr>\n<tr>\n<td width=\"264\">Uzatv\u00e1ranie pomocou tavn\u00e9ho lepidla alebo h\u00e1\u010dikov<\/td>\n<td width=\"340\">Bezpe\u010dn\u00e9 zatv\u00e1ranie a kreat\u00edvny dizajn boxov<\/td>\n<\/tr>\n<tr>\n<td width=\"264\">R\u00fdchla v\u00fdmena<\/td>\n<td width=\"340\">Priemern\u00e1 zmena v priebehu \u010dasu 5-10 min\u00fat<\/td>\n<\/tr>\n<tr>\n<td width=\"264\">Oce\u013eov\u00e1 kon\u0161trukcia s lakovan\u00edm alebo farben\u00edm<\/td>\n<td width=\"340\">Vhodn\u00e9 pre r\u00f4zne odvetvia<\/td>\n<\/tr>\n<\/tbody>\n<\/table>\n<p>&nbsp;<\/p>\n<p>&nbsp;<\/p>","protected":false},"excerpt":{"rendered":"<p>Stroj na uzatv\u00e1ranie naplnen\u00fdch \u0161kat\u00fa\u013e a kart\u00f3nov s vekom.<\/p>","protected":false},"featured_media":4057,"comment_status":"open","ping_status":"closed","template":"","meta":{"uix_meta_title":"","uix_meta_description":"","uix_canonical_url":""},"product_brand":[],"product_cat":[114],"product_tag":[],"class_list":{"0":"post-4054","1":"product","2":"type-product","3":"status-publish","4":"has-post-thumbnail","6":"product_cat-secondary-packaging","8":"first","9":"instock","10":"shipping-taxable","11":"product-type-simple"},"_links":{"self":[{"href":"https:\/\/cormac.eu\/sk\/wp-json\/wp\/v2\/product\/4054","targetHints":{"allow":["GET"]}}],"collection":[{"href":"https:\/\/cormac.eu\/sk\/wp-json\/wp\/v2\/product"}],"about":[{"href":"https:\/\/cormac.eu\/sk\/wp-json\/wp\/v2\/types\/product"}],"replies":[{"embeddable":true,"href":"https:\/\/cormac.eu\/sk\/wp-json\/wp\/v2\/comments?post=4054"}],"wp:featuredmedia":[{"embeddable":true,"href":"https:\/\/cormac.eu\/sk\/wp-json\/wp\/v2\/media\/4057"}],"wp:attachment":[{"href":"https:\/\/cormac.eu\/sk\/wp-json\/wp\/v2\/media?parent=4054"}],"wp:term":[{"taxonomy":"product_brand","embeddable":true,"href":"https:\/\/cormac.eu\/sk\/wp-json\/wp\/v2\/product_brand?post=4054"},{"taxonomy":"product_cat","embeddable":true,"href":"https:\/\/cormac.eu\/sk\/wp-json\/wp\/v2\/product_cat?post=4054"},{"taxonomy":"product_tag","embeddable":true,"href":"https:\/\/cormac.eu\/sk\/wp-json\/wp\/v2\/product_tag?post=4054"}],"curies":[{"name":"wp","href":"https:\/\/api.w.org\/{rel}","templated":true}]}}