{"id":4052,"date":"2023-11-10T13:00:26","date_gmt":"2023-11-10T12:00:26","guid":{"rendered":"https:\/\/cormac.eu\/?post_type=product&#038;p=4052"},"modified":"2023-11-10T14:17:50","modified_gmt":"2023-11-10T13:17:50","slug":"stroj-na-tvarovanie-puzdier-2","status":"publish","type":"product","link":"https:\/\/cormac.eu\/sk\/product\/case-forming-machine\/","title":{"rendered":"Stroj na tvarovanie krab\u00edc"},"content":{"rendered":"<p>Stroje na tvarovanie \u0161kat\u00fa\u013e a z\u00e1sobn\u00edkov \u0161peci\u00e1lnych ve\u013ekost\u00ed a tvarov a na najr\u00f4znej\u0161ie aplik\u00e1cie. Na\u0161e tv\u00e1rniace stroje s\u00fa ur\u010den\u00e9 na v\u00fdrobu kart\u00f3nov\u00fdch krab\u00edc a podnosov s ku\u017ee\u013eovitos\u0165ou 90\u00b0 a 45\u00b0 alebo s dvojit\u00fdmi stenami. Krabice a podnosy sa formuj\u00fa z ploch\u00fdch polotovarov pomocou tavn\u00e9ho lepidla, studen\u00e9ho lepidla alebo h\u00e1\u010dikov. R\u00fdchlos\u0165 je elektronicky nastavite\u013en\u00e1 a\u017e do maxim\u00e1lnej r\u00fdchlosti 60 zdvihov za min\u00fatu s jednou tvarovacou hlavou. Pod\u013ea po\u017eadovan\u00fdch r\u00fdchlost\u00ed a vlastnost\u00ed ploch\u00fdch polotovarov s\u00fa k dispoz\u00edcii aj varianty s dvojitou tvarovacou hlavou (120 boxov\/min\u00fatu) alebo trojitou tvarovacou hlavou (180 boxov\/min\u00fatu). Zmena form\u00e1tu je r\u00fdchla a jednoduch\u00e1. Tvarovacia hlava m\u00f4\u017ee by\u0165 pevn\u00e1 alebo nastavite\u013en\u00e1. Ako volite\u013en\u00e1 v\u00fdbava je k dispoz\u00edcii aj automatick\u00e1 zmena form\u00e1tu.  V\u010faka automatizovan\u00fdm a robotick\u00fdm syst\u00e9mom nakladania v\u00fdrobkov mo\u017eno na\u0161e tv\u00e1rniace stroje integrova\u0165 so zatv\u00e1rac\u00edmi strojmi a strojmi na zakr\u00fdvanie a vytv\u00e1ra\u0165 tak kompletn\u00e9 baliace linky.<\/p>\n<p><img decoding=\"async\" class=\"alignnone wp-image-4053\" src=\"https:\/\/cormac.eu\/wp-content\/uploads\/2023\/11\/product-line-case-forming-300x48.jpg\" alt=\"\" width=\"337\" height=\"54\" srcset=\"https:\/\/cormac.eu\/wp-content\/uploads\/2023\/11\/product-line-case-forming-300x48.jpg 300w, https:\/\/cormac.eu\/wp-content\/uploads\/2023\/11\/product-line-case-forming-600x96.jpg 600w, https:\/\/cormac.eu\/wp-content\/uploads\/2023\/11\/product-line-case-forming.jpg 659w\" sizes=\"(max-width: 337px) 100vw, 337px\" \/><\/p>\n<p>DOSTUPN\u00c9 MODELY:<\/p>\n<ul>\n<li>\u00a0Tvarovacie stroje pomocou tavn\u00e9ho lepidla<\/li>\n<li>Tvarovac\u00ed stroj pomocou studen\u00e9ho lepidla, so skladacou jednotkou s chlop\u0148ami alebo bez nej<\/li>\n<li>Tvarovac\u00ed stroj na \u0161katule<\/li>\n<li>Tvarovacie stroje s jednou alebo dvoma hlavami s uzatv\u00e1ran\u00edm pomocou h\u00e1kov<\/li>\n<li>Tv\u00e1rniace stroje na dvojstenn\u00e9 \u0161katule s uz\u00e1verom<\/li>\n<li>\u0160PECI\u00c1LY: Stroje na tvarovanie vr\u00e1tane manipula\u010dn\u00fdch jednotiek, jednotiek na skladanie bo\u010dn\u00fdch chlopn\u00ed, vn\u00fatorn\u00fdch deliacich jednotiek, polohovac\u00edch jednotiek at\u010f.<\/li>\n<\/ul>\n<p>&nbsp;<\/p>\n<table style=\"height: 515px\" width=\"870\">\n<tbody>\n<tr>\n<td width=\"264\"><strong>F<\/strong><strong>eatures<\/strong><\/td>\n<td width=\"340\"><strong>V\u00fdhody<\/strong><\/td>\n<\/tr>\n<tr>\n<td width=\"264\">R\u00f4zne sp\u00f4soby lepenia<\/td>\n<td width=\"340\">Lepidlo za tepla, lepidlo za studena alebo h\u00e1\u010diky<\/td>\n<\/tr>\n<tr>\n<td width=\"264\">Nastavite\u013en\u00e1 r\u00fdchlos\u0165<\/td>\n<td width=\"340\">Regul\u00e1cia r\u00fdchlosti<\/td>\n<\/tr>\n<tr>\n<td width=\"264\">Jednoduch\u00e9, dvojit\u00e9 a trojit\u00e9 tvarovky<\/td>\n<td width=\"340\">V\u00fdber r\u00f4znych v\u00fdkonov<\/td>\n<\/tr>\n<tr>\n<td width=\"264\">R\u00fdchla v\u00fdmena<\/td>\n<td width=\"340\">Zmena form\u00e1tu 5-10 min\u00fat<\/td>\n<\/tr>\n<tr>\n<td width=\"264\">Mo\u017enos\u0165 integr\u00e1cie<\/td>\n<td width=\"340\">Na vytvorenie kompletn\u00fdch baliacich liniek<\/td>\n<\/tr>\n<tr>\n<td width=\"264\">\u0160peci\u00e1lne in\u017einierstvo<\/td>\n<td width=\"340\">Mo\u017en\u00e9 r\u00f4zne konfigur\u00e1cie<\/td>\n<\/tr>\n<tr>\n<td width=\"264\">Nerezov\u00e1 alebo lakovan\u00e1 oce\u013eov\u00e1 kon\u0161trukcia<\/td>\n<td width=\"340\">Vhodn\u00e9 pre r\u00f4zne odvetvia<\/td>\n<\/tr>\n<\/tbody>\n<\/table>\n<p>&nbsp;<\/p>","protected":false},"excerpt":{"rendered":"<p>Stroje na tvarovanie krab\u00edc a z\u00e1sobn\u00edkov \u0161peci\u00e1lnych ve\u013ekost\u00ed a tvarov, po\u010dn\u00fac ploch\u00fdmi polotovarmi.<\/p>","protected":false},"featured_media":4029,"comment_status":"open","ping_status":"closed","template":"","meta":{"uix_meta_title":"","uix_meta_description":"","uix_canonical_url":""},"product_brand":[],"product_cat":[114],"product_tag":[],"class_list":{"0":"post-4052","1":"product","2":"type-product","3":"status-publish","4":"has-post-thumbnail","6":"product_cat-secondary-packaging","8":"first","9":"instock","10":"shipping-taxable","11":"product-type-simple"},"_links":{"self":[{"href":"https:\/\/cormac.eu\/sk\/wp-json\/wp\/v2\/product\/4052","targetHints":{"allow":["GET"]}}],"collection":[{"href":"https:\/\/cormac.eu\/sk\/wp-json\/wp\/v2\/product"}],"about":[{"href":"https:\/\/cormac.eu\/sk\/wp-json\/wp\/v2\/types\/product"}],"replies":[{"embeddable":true,"href":"https:\/\/cormac.eu\/sk\/wp-json\/wp\/v2\/comments?post=4052"}],"wp:featuredmedia":[{"embeddable":true,"href":"https:\/\/cormac.eu\/sk\/wp-json\/wp\/v2\/media\/4029"}],"wp:attachment":[{"href":"https:\/\/cormac.eu\/sk\/wp-json\/wp\/v2\/media?parent=4052"}],"wp:term":[{"taxonomy":"product_brand","embeddable":true,"href":"https:\/\/cormac.eu\/sk\/wp-json\/wp\/v2\/product_brand?post=4052"},{"taxonomy":"product_cat","embeddable":true,"href":"https:\/\/cormac.eu\/sk\/wp-json\/wp\/v2\/product_cat?post=4052"},{"taxonomy":"product_tag","embeddable":true,"href":"https:\/\/cormac.eu\/sk\/wp-json\/wp\/v2\/product_tag?post=4052"}],"curies":[{"name":"wp","href":"https:\/\/api.w.org\/{rel}","templated":true}]}}