{"id":4048,"date":"2023-11-10T12:43:37","date_gmt":"2023-11-10T11:43:37","guid":{"rendered":"https:\/\/cormac.eu\/?post_type=product&#038;p=4048"},"modified":"2023-11-10T12:59:40","modified_gmt":"2023-11-10T11:59:40","slug":"kartonovaci-stroj","status":"publish","type":"product","link":"https:\/\/cormac.eu\/sk\/product\/cartoning-machine\/","title":{"rendered":"Kart\u00f3novac\u00ed stroj"},"content":{"rendered":"<p>Sortiment strojov na balenie kart\u00f3nu vr\u00e1tane strojov s preru\u0161ovan\u00fdm, preru\u0161ovan\u00fdm s viacer\u00fdmi rozstupmi a strojov s nepretr\u017eit\u00fdm pohybom. Pohyb z\u00e1vis\u00ed od \u0161pecifik\u00e1cie v\u00fdrobku a po\u017eadovanej r\u00fdchlosti, ktor\u00e1 m\u00f4\u017ee dosiahnu\u0165 a\u017e 300 kusov za min\u00fatu<em>.<br \/>\n<\/em>Kartonovacie stroje s\u00fa ur\u010den\u00e9 na <strong>bo\u010dn\u00e9 nakladanie<\/strong> a uzatv\u00e1ranie predlepen\u00fdch kart\u00f3nov pomocou tavn\u00e9ho lepidla alebo syst\u00e9mu blokovania. Zmena form\u00e1tu je r\u00fdchla a jednoduch\u00e1<em>. <\/em>V\u0161etky modely kart\u00f3novac\u00edch strojov s\u00fa k dispoz\u00edcii s r\u00f4znymi rozstupmi stroja, aby vyhovovali r\u00f4znym potreb\u00e1m z\u00e1kazn\u00edka.<em>. <\/em>K dispoz\u00edcii s\u00fa r\u00f4zne rie\u0161enia pr\u00edvodu produktu. Pre \u0161peci\u00e1lne rozmery alebo tvary boxov je mo\u017en\u00e9 vypracova\u0165 \u0161t\u00fadie.<\/p>\n<p><img decoding=\"async\" class=\"alignnone size-medium wp-image-4051\" src=\"https:\/\/cormac.eu\/wp-content\/uploads\/2023\/11\/carton-loading-process-300x91.jpg\" alt=\"\" width=\"300\" height=\"91\" srcset=\"https:\/\/cormac.eu\/wp-content\/uploads\/2023\/11\/carton-loading-process-300x91.jpg 300w, https:\/\/cormac.eu\/wp-content\/uploads\/2023\/11\/carton-loading-process.jpg 538w\" sizes=\"(max-width: 300px) 100vw, 300px\" \/><\/p>\n<p>Kapacity\/modely<\/p>\n<ul>\n<li>Model CCM100: stroj na priebe\u017en\u00e9 balenie kart\u00f3nu, max. r\u00fdchlos\u0165 300 str.<\/li>\n<li>Model ICMMP100 : preru\u0161ovan\u00fd kart\u00f3novac\u00ed stroj, viacn\u00e1sobn\u00e9 rozstupy, max. r\u00fdchlos\u0165 90 str.<\/li>\n<li>Model ICM100: preru\u0161ovan\u00fd kart\u00f3novac\u00ed stroj, max. r\u00fdchlos\u0165 60 str.<\/li>\n<li>\u0160peci\u00e1lne v\u00fdkony: na po\u017eiadanie<\/li>\n<\/ul>\n<p>&nbsp;<\/p>\n<table style=\"height: 487px\" width=\"698\">\n<tbody>\n<tr>\n<td width=\"264\"><strong>F<\/strong><strong>eatures<\/strong><\/td>\n<td width=\"340\"><strong>V\u00fdhody<\/strong><\/td>\n<\/tr>\n<tr>\n<td width=\"264\">Preru\u0161ovan\u00fd alebo nepretr\u017eit\u00fd pohyb<\/td>\n<td width=\"340\">Integr\u00e1cia syst\u00e9mu<\/td>\n<\/tr>\n<tr>\n<td width=\"264\">Robotick\u00e9 nakladanie v\u00fdrobkov<\/td>\n<td width=\"340\">Efekt\u00edvne, hygienick\u00e9, r\u00fdchle<\/td>\n<\/tr>\n<tr>\n<td width=\"264\">Nakladanie v\u00fdrobkov na mieru<\/td>\n<td width=\"340\">Nakladanie v\u00fdrobkov pod\u013ea po\u017eiadaviek z\u00e1kazn\u00edka<\/td>\n<\/tr>\n<tr>\n<td width=\"264\">Elektronick\u00e1 regul\u00e1cia ot\u00e1\u010dok<\/td>\n<td width=\"340\">Nastavite\u013en\u00e1 r\u00fdchlos\u0165<\/td>\n<\/tr>\n<tr>\n<td width=\"264\">Uzatv\u00e1ranie tavn\u00fdm lepidlom<\/td>\n<td width=\"340\">Spo\u013eahliv\u00e1 met\u00f3da lepenia<\/td>\n<\/tr>\n<tr>\n<td width=\"264\">R\u00fdchla v\u00fdmena<\/td>\n<td width=\"340\">Priemern\u00e1 zmena v priebehu 5-10 min\u00fat<\/td>\n<\/tr>\n<tr>\n<td width=\"264\">Bez\u0161k\u00e1rov\u00e1 alebo lakovan\u00e1 oce\u013eov\u00e1 kon\u0161trukcia<\/td>\n<td width=\"340\">Vhodn\u00e9 pre r\u00f4zne odvetvia<\/td>\n<\/tr>\n<\/tbody>\n<\/table>","protected":false},"excerpt":{"rendered":"<p>Stroj ur\u010den\u00fd na bo\u010dn\u00e9 vkladanie v\u00fdrobkov do vopred zlepen\u00fdch kart\u00f3nov a ich uzatv\u00e1ranie.<\/p>","protected":false},"featured_media":4028,"comment_status":"open","ping_status":"closed","template":"","meta":{"uix_meta_title":"","uix_meta_description":"","uix_canonical_url":""},"product_brand":[],"product_cat":[114],"product_tag":[300,271,299],"class_list":{"0":"post-4048","1":"product","2":"type-product","3":"status-publish","4":"has-post-thumbnail","6":"product_cat-secondary-packaging","7":"product_tag-cartoning","8":"product_tag-packaging-lines","9":"product_tag-secondary-packaging","11":"first","12":"instock","13":"shipping-taxable","14":"product-type-simple"},"_links":{"self":[{"href":"https:\/\/cormac.eu\/sk\/wp-json\/wp\/v2\/product\/4048","targetHints":{"allow":["GET"]}}],"collection":[{"href":"https:\/\/cormac.eu\/sk\/wp-json\/wp\/v2\/product"}],"about":[{"href":"https:\/\/cormac.eu\/sk\/wp-json\/wp\/v2\/types\/product"}],"replies":[{"embeddable":true,"href":"https:\/\/cormac.eu\/sk\/wp-json\/wp\/v2\/comments?post=4048"}],"wp:featuredmedia":[{"embeddable":true,"href":"https:\/\/cormac.eu\/sk\/wp-json\/wp\/v2\/media\/4028"}],"wp:attachment":[{"href":"https:\/\/cormac.eu\/sk\/wp-json\/wp\/v2\/media?parent=4048"}],"wp:term":[{"taxonomy":"product_brand","embeddable":true,"href":"https:\/\/cormac.eu\/sk\/wp-json\/wp\/v2\/product_brand?post=4048"},{"taxonomy":"product_cat","embeddable":true,"href":"https:\/\/cormac.eu\/sk\/wp-json\/wp\/v2\/product_cat?post=4048"},{"taxonomy":"product_tag","embeddable":true,"href":"https:\/\/cormac.eu\/sk\/wp-json\/wp\/v2\/product_tag?post=4048"}],"curies":[{"name":"wp","href":"https:\/\/api.w.org\/{rel}","templated":true}]}}