{"id":4006,"date":"2023-11-02T21:54:50","date_gmt":"2023-11-02T20:54:50","guid":{"rendered":"https:\/\/cormac.eu\/?post_type=product&#038;p=4006"},"modified":"2023-11-02T22:35:46","modified_gmt":"2023-11-02T21:35:46","slug":"kcm-omega-cokoladovy-depozitar-2","status":"publish","type":"product","link":"https:\/\/cormac.eu\/sk\/product\/kcm-omega-chocolate-depositor\/","title":{"rendered":"\u010cokol\u00e1dov\u00fd depozit\u00e1r KCM Omega"},"content":{"rendered":"<p>KCM 9\/18 Omega je dokonal\u00fd n\u00e1stroj na remeseln\u00fa v\u00fdrobu jednorazovo plnen\u00fdch v\u00fdrobkov. Obsahuje plne elektro-servo poh\u00e1\u0148an\u00fd odklada\u010d s patentovan\u00fdm syst\u00e9mom ot\u00e1\u010dania piestu. \u0160t\u00edhle telo sa zmest\u00ed aj do najmen\u0161ieho k\u00fata a je umiestnen\u00e9 na kolieskach, tak\u017ee sa d\u00e1 premiest\u0148ova\u0165. Integrovan\u00e9 bezpe\u010dnostn\u00e9 krytie umo\u017e\u0148uje \u00fapln\u00fd pr\u00edstup k z\u00e1sobn\u00edkom po\u010das v\u00fdroby. Depozit\u00e1r m\u00e1 35 mm vlo\u017eku valca s mo\u017enos\u0165ou v\u00fdberu z 3 r\u00f4znych priemerov piestu 10\/20\/25 mm. D\u013a\u017eka zdvihu piestov je 32 mm. Stroj umo\u017e\u0148uje optim\u00e1lnu priepustnos\u0165 pre v\u00fdrobok s inkl\u00faziami. M\u00e1 individu\u00e1lnu aktiv\u00e1ciu piestov s patentovan\u00fdm spojovac\u00edm syst\u00e9mom. Bo\u010dn\u00e9 li\u0161ty s\u00fa nastavite\u013en\u00e9 od 380 do 275 mm. To umo\u017e\u0148uje \u0161tandardn\u00e9 formy, v\u00e1kuovo tvarovan\u00e9 formy a dosky!<\/p>\n<p>&nbsp;<\/p>\n<table style=\"height: 366px\" width=\"879\">\n<tbody>\n<tr>\n<td width=\"197\">\u00a0<strong>Funkcie<\/strong><\/td>\n<td width=\"197\">\u00a0<strong>V\u00fdhody<\/strong><\/td>\n<\/tr>\n<tr>\n<td>Stroj na kolieskach<\/td>\n<td>\n<ul>\n<li>\u013eahk\u00fd pohyb<\/li>\n<\/ul>\n<\/td>\n<\/tr>\n<tr>\n<td>Syst\u00e9m ot\u00e1\u010dania piestov<\/td>\n<td>\n<ul>\n<li>najvy\u0161\u0161ia presnos\u0165<\/li>\n<\/ul>\n<\/td>\n<\/tr>\n<tr>\n<td>Konzolov\u00fd blok piestu<\/td>\n<td>\n<ul>\n<li>jednoduch\u00fd pr\u00edstup<\/li>\n<li>jednoduch\u00e9 \u010distenie<\/li>\n<\/ul>\n<\/td>\n<\/tr>\n<tr>\n<td>Upevnenie dosky d\u00fdzy so syst\u00e9mom centr\u00e1lneho uzamykania<\/td>\n<td>\n<ul>\n<li>R\u00fdchla v\u00fdmena dosiek trysiek<\/li>\n<\/ul>\n<\/td>\n<\/tr>\n<\/tbody>\n<\/table>\n<p>&nbsp;<\/p>\n<p>&nbsp;<\/p>","protected":false},"excerpt":{"rendered":"<p>Vysoko presn\u00e1 a mobiln\u00e1 jednotka na ukladanie \u010dokol\u00e1dy pre ambici\u00f3znych v\u00fdrobcov \u010dokol\u00e1dy.<\/p>","protected":false},"featured_media":4025,"comment_status":"open","ping_status":"closed","template":"","meta":{"uix_meta_title":"","uix_meta_description":"","uix_canonical_url":""},"product_brand":[],"product_cat":[107,104],"product_tag":[],"class_list":{"0":"post-4006","1":"product","2":"type-product","3":"status-publish","4":"has-post-thumbnail","6":"product_cat-artisanal","7":"product_cat-processing","9":"first","10":"instock","11":"shipping-taxable","12":"product-type-simple"},"_links":{"self":[{"href":"https:\/\/cormac.eu\/sk\/wp-json\/wp\/v2\/product\/4006","targetHints":{"allow":["GET"]}}],"collection":[{"href":"https:\/\/cormac.eu\/sk\/wp-json\/wp\/v2\/product"}],"about":[{"href":"https:\/\/cormac.eu\/sk\/wp-json\/wp\/v2\/types\/product"}],"replies":[{"embeddable":true,"href":"https:\/\/cormac.eu\/sk\/wp-json\/wp\/v2\/comments?post=4006"}],"wp:featuredmedia":[{"embeddable":true,"href":"https:\/\/cormac.eu\/sk\/wp-json\/wp\/v2\/media\/4025"}],"wp:attachment":[{"href":"https:\/\/cormac.eu\/sk\/wp-json\/wp\/v2\/media?parent=4006"}],"wp:term":[{"taxonomy":"product_brand","embeddable":true,"href":"https:\/\/cormac.eu\/sk\/wp-json\/wp\/v2\/product_brand?post=4006"},{"taxonomy":"product_cat","embeddable":true,"href":"https:\/\/cormac.eu\/sk\/wp-json\/wp\/v2\/product_cat?post=4006"},{"taxonomy":"product_tag","embeddable":true,"href":"https:\/\/cormac.eu\/sk\/wp-json\/wp\/v2\/product_tag?post=4006"}],"curies":[{"name":"wp","href":"https:\/\/api.w.org\/{rel}","templated":true}]}}