{"id":3987,"date":"2023-10-27T14:59:24","date_gmt":"2023-10-27T12:59:24","guid":{"rendered":"https:\/\/cormac.eu\/?post_type=product&#038;p=3987"},"modified":"2023-10-27T15:28:07","modified_gmt":"2023-10-27T13:28:07","slug":"gulovy-mlyn","status":"publish","type":"product","link":"https:\/\/cormac.eu\/sk\/product\/ball-mill\/","title":{"rendered":"Gu\u013eov\u00fd mlyn"},"content":{"rendered":"<p>Gu\u013eov\u00fd mlyn s kapacitou 20-50 KG vhodn\u00fd pre mal\u00fdch a stredn\u00fdch v\u00fdrobcov \u010dokol\u00e1dy a cukr\u00e1rn\u00ed. Stroj dok\u00e1\u017ee zjemni\u0165 kr\u00e9my, \u010dokol\u00e1dov\u00e9 hmoty, \u010dokol\u00e1dov\u00e9 kr\u00e9my a r\u00f4zne druhy polev a\u017e do jemnosti 20 mikr\u00f3nov. Stroj je pevn\u00fd, spo\u013eahliv\u00fd a \u013eahko ovl\u00e1date\u013en\u00fd. Jeho pr\u00edpojka nap\u00e1jania je nastaven\u00e1 na 220 V, v\u010faka \u010domu ho mo\u017eno \u013eahko zapoji\u0165 a pou\u017e\u00edva\u0165 v akomko\u013evek v\u00fdrobnom zariaden\u00ed.<\/p>\n<p>&nbsp;<\/p>\n<table width=\"491\">\n<tbody>\n<tr>\n<td width=\"246\"><strong>Funkcie<\/strong><\/td>\n<td width=\"246\"><strong>V\u00fdhody<\/strong><\/td>\n<\/tr>\n<tr>\n<td width=\"246\">Kompaktn\u00fd dizajn<\/td>\n<td width=\"246\">Jednoduch\u00e9 umiestnenie a manipul\u00e1cia<\/td>\n<\/tr>\n<tr>\n<td width=\"246\">Nap\u00e1janie 220 V<\/td>\n<td width=\"246\">M\u00f4\u017ee sa pou\u017e\u00edva\u0165 v akomko\u013evek zariaden\u00ed, dielni alebo laborat\u00f3riu<\/td>\n<\/tr>\n<tr>\n<td width=\"246\"><\/td>\n<td width=\"246\"><\/td>\n<\/tr>\n<tr>\n<td width=\"246\">Rozmery<\/td>\n<td width=\"246\">D 875 x \u0160 675 x V 1100 mm<\/td>\n<\/tr>\n<tr>\n<td width=\"246\">Hmotnos\u0165<\/td>\n<td width=\"246\">340 kg<\/td>\n<\/tr>\n<\/tbody>\n<\/table>","protected":false},"excerpt":{"rendered":"<p>N\u00edzkokapacitn\u00fd gu\u013eov\u00fd mlyn pre mal\u00fdch a stredn\u00fdch v\u00fdrobcov \u010dokol\u00e1dy a cukr\u00e1rne.<\/p>","protected":false},"featured_media":3986,"comment_status":"open","ping_status":"closed","template":"","meta":{"uix_meta_title":"","uix_meta_description":"","uix_canonical_url":""},"product_brand":[],"product_cat":[104],"product_tag":[],"class_list":{"0":"post-3987","1":"product","2":"type-product","3":"status-publish","4":"has-post-thumbnail","6":"product_cat-processing","8":"first","9":"instock","10":"shipping-taxable","11":"product-type-simple"},"_links":{"self":[{"href":"https:\/\/cormac.eu\/sk\/wp-json\/wp\/v2\/product\/3987","targetHints":{"allow":["GET"]}}],"collection":[{"href":"https:\/\/cormac.eu\/sk\/wp-json\/wp\/v2\/product"}],"about":[{"href":"https:\/\/cormac.eu\/sk\/wp-json\/wp\/v2\/types\/product"}],"replies":[{"embeddable":true,"href":"https:\/\/cormac.eu\/sk\/wp-json\/wp\/v2\/comments?post=3987"}],"wp:featuredmedia":[{"embeddable":true,"href":"https:\/\/cormac.eu\/sk\/wp-json\/wp\/v2\/media\/3986"}],"wp:attachment":[{"href":"https:\/\/cormac.eu\/sk\/wp-json\/wp\/v2\/media?parent=3987"}],"wp:term":[{"taxonomy":"product_brand","embeddable":true,"href":"https:\/\/cormac.eu\/sk\/wp-json\/wp\/v2\/product_brand?post=3987"},{"taxonomy":"product_cat","embeddable":true,"href":"https:\/\/cormac.eu\/sk\/wp-json\/wp\/v2\/product_cat?post=3987"},{"taxonomy":"product_tag","embeddable":true,"href":"https:\/\/cormac.eu\/sk\/wp-json\/wp\/v2\/product_tag?post=3987"}],"curies":[{"name":"wp","href":"https:\/\/api.w.org\/{rel}","templated":true}]}}