{"id":3938,"date":"2023-05-19T10:50:29","date_gmt":"2023-05-19T08:50:29","guid":{"rendered":"https:\/\/cormac.eu\/?post_type=product&#038;p=3938"},"modified":"2023-05-25T21:10:07","modified_gmt":"2023-05-25T19:10:07","slug":"automaticky-podavac-slimakov-2","status":"publish","type":"product","link":"https:\/\/cormac.eu\/sk\/product\/automatic-slug-feeder\/","title":{"rendered":"Automatick\u00fd pod\u00e1va\u010d slim\u00e1kov"},"content":{"rendered":"<p>Pod\u00e1va\u010d slim\u00e1kov patr\u00ed do kateg\u00f3rie manipula\u010dn\u00fdch k\u0155mnych syst\u00e9mov. Ide o vertik\u00e1lnu nakladaciu a pod\u00e1vaciu jednotku, ktor\u00e1 sa in\u0161taluje medzi v\u00fdstupn\u00fd koniec v\u00fdrobnej linky a baliaci stroj \/ flowpack.<br \/>\nPod\u00e1va\u010d Slim\u00e1k automaticky vytv\u00e1ra porcie v\u00fdrobkov na okraji. Tieto porcie sa potom automaticky pren\u00e1\u0161aj\u00fa na letm\u00fd dopravn\u00edk prostredn\u00edctvom 90\u00b0 transf\u00e9rovej jednotky. Pod\u00e1va\u010de slim\u00e1kov m\u00f4\u017eu ma\u0165 2 a\u017e 16 kan\u00e1lov v z\u00e1vislosti od po\u010dtu dr\u00e1h vstupuj\u00faceho v\u00fdrobku a ich r\u00fdchlosti. Jednotky sa m\u00f4\u017eu pou\u017e\u00edva\u0165 aj na umiest\u0148ovanie v\u00fdrobkov do z\u00e1sobn\u00edkov.<\/p>\n<p><strong>Rozsah kapacity<\/strong>: Na mieru \/ na po\u017eiadanie<\/p>\n<p>&nbsp;<\/p>\n<table>\n<tbody>\n<tr>\n<td><strong>Funkcie<\/strong><\/td>\n<td><strong>V\u00fdhody<\/strong><\/td>\n<\/tr>\n<tr>\n<td>Nastavenie d\u013a\u017eky stohu<\/td>\n<td>Kompenz\u00e1cia odch\u00fdlok hr\u00fabky v\u00fdrobku<\/td>\n<\/tr>\n<tr>\n<td>Modul\u00e1rny dizajn<\/td>\n<td>K dispoz\u00edcii v r\u00f4znych konfigur\u00e1ci\u00e1ch<\/td>\n<\/tr>\n<\/tbody>\n<\/table>","protected":false},"excerpt":{"rendered":"<p>The slug feeder belongs to the category of Handling Feeding Systems. It is a vertical loading and feeding unit, installed between the outfeed end of a production line and the packaging \/ flowpack machine. The Slug feeder automatically creates portions of products on edge. These slugs are then automatically transferred to the flighted conveyor via [&hellip;]<\/p>\n","protected":false},"featured_media":3897,"comment_status":"open","ping_status":"closed","template":"","meta":{"uix_meta_title":"","uix_meta_description":"","uix_canonical_url":""},"product_brand":[],"product_cat":[105],"product_tag":[265,266,271,279],"class_list":{"0":"post-3938","1":"product","2":"type-product","3":"status-publish","4":"has-post-thumbnail","6":"product_cat-packaging","7":"product_tag-flowpack","8":"product_tag-flowwrapping","9":"product_tag-packaging-lines","10":"product_tag-slug-feeder","12":"first","13":"instock","14":"shipping-taxable","15":"product-type-simple"},"_links":{"self":[{"href":"https:\/\/cormac.eu\/sk\/wp-json\/wp\/v2\/product\/3938","targetHints":{"allow":["GET"]}}],"collection":[{"href":"https:\/\/cormac.eu\/sk\/wp-json\/wp\/v2\/product"}],"about":[{"href":"https:\/\/cormac.eu\/sk\/wp-json\/wp\/v2\/types\/product"}],"replies":[{"embeddable":true,"href":"https:\/\/cormac.eu\/sk\/wp-json\/wp\/v2\/comments?post=3938"}],"wp:featuredmedia":[{"embeddable":true,"href":"https:\/\/cormac.eu\/sk\/wp-json\/wp\/v2\/media\/3897"}],"wp:attachment":[{"href":"https:\/\/cormac.eu\/sk\/wp-json\/wp\/v2\/media?parent=3938"}],"wp:term":[{"taxonomy":"product_brand","embeddable":true,"href":"https:\/\/cormac.eu\/sk\/wp-json\/wp\/v2\/product_brand?post=3938"},{"taxonomy":"product_cat","embeddable":true,"href":"https:\/\/cormac.eu\/sk\/wp-json\/wp\/v2\/product_cat?post=3938"},{"taxonomy":"product_tag","embeddable":true,"href":"https:\/\/cormac.eu\/sk\/wp-json\/wp\/v2\/product_tag?post=3938"}],"curies":[{"name":"wp","href":"https:\/\/api.w.org\/{rel}","templated":true}]}}