{"id":3936,"date":"2023-05-19T10:38:59","date_gmt":"2023-05-19T08:38:59","guid":{"rendered":"https:\/\/cormac.eu\/?post_type=product&#038;p=3936"},"modified":"2023-05-25T21:11:43","modified_gmt":"2023-05-25T19:11:43","slug":"automaticky-podavac-roliek-2","status":"publish","type":"product","link":"https:\/\/cormac.eu\/sk\/product\/automatic-roll-feeder\/","title":{"rendered":"Automatick\u00fd pod\u00e1va\u010d valcov"},"content":{"rendered":"<p>Automatick\u00fd pod\u00e1va\u010d valcov patr\u00ed do kateg\u00f3rie manipula\u010dn\u00fdch pod\u00e1vac\u00edch syst\u00e9mov. In\u0161taluje sa medzi v\u00fdstupn\u00fdm koncom v\u00fdrobnej linky a baliacim strojom\/baliacim strojom.<br \/>\nPrij\u00edma v\u00fdrobok a pod\u00e1va ho do prietokov\u00e9ho baliaceho stroja v po\u017eadovanom po\u010dte a ve\u013ekosti balenia. Jednotka m\u00e1 ur\u010dit\u00fd po\u010det z\u00e1sobn\u00edkov na v\u00fdrobok, ktor\u00e9 s\u00fa navrhnut\u00e9 pre \u0161pecifick\u00fd tvar v\u00fdrobku a potrebn\u00fa v\u00fdstupn\u00fa r\u00fdchlos\u0165. Ka\u017ed\u00fd z\u00e1sobn\u00edk m\u00e1 uvo\u013e\u0148ovaciu klapku a po\u010det balen\u00ed sa ur\u010duje pomocou detek\u010dn\u00fdch fotobuniek. Dopravn\u00edky s nosi\u010dmi z nehrdzavej\u00facej ocele prech\u00e1dzaj\u00fa pred fotobunkami a po\u010d\u00edtaj\u00fa spr\u00e1vny po\u010det v\u00fdrobkov, ktor\u00e9 maj\u00fa \u00eds\u0165 do ka\u017ed\u00e9ho z\u00e1sobn\u00edka na v\u00fdrobky.<\/p>\n<p><strong>Rozsah kapacity <\/strong>: Na mieru\/ na po\u017eiadanie<\/p>","protected":false},"excerpt":{"rendered":"<p>Stroj na automatick\u00e9 po\u010d\u00edtanie, zoskupovanie a pod\u00e1vanie na vstupn\u00fd p\u00e1s prietokov\u00e9ho bali\u010da.<\/p>","protected":false},"featured_media":3898,"comment_status":"open","ping_status":"closed","template":"","meta":{"uix_meta_title":"","uix_meta_description":"","uix_canonical_url":""},"product_brand":[],"product_cat":[105],"product_tag":[277,278,271],"class_list":{"0":"post-3936","1":"product","2":"type-product","3":"status-publish","4":"has-post-thumbnail","6":"product_cat-packaging","7":"product_tag-bread-roll-feeder","8":"product_tag-feeding-system","9":"product_tag-packaging-lines","11":"first","12":"instock","13":"shipping-taxable","14":"product-type-simple"},"_links":{"self":[{"href":"https:\/\/cormac.eu\/sk\/wp-json\/wp\/v2\/product\/3936","targetHints":{"allow":["GET"]}}],"collection":[{"href":"https:\/\/cormac.eu\/sk\/wp-json\/wp\/v2\/product"}],"about":[{"href":"https:\/\/cormac.eu\/sk\/wp-json\/wp\/v2\/types\/product"}],"replies":[{"embeddable":true,"href":"https:\/\/cormac.eu\/sk\/wp-json\/wp\/v2\/comments?post=3936"}],"wp:featuredmedia":[{"embeddable":true,"href":"https:\/\/cormac.eu\/sk\/wp-json\/wp\/v2\/media\/3898"}],"wp:attachment":[{"href":"https:\/\/cormac.eu\/sk\/wp-json\/wp\/v2\/media?parent=3936"}],"wp:term":[{"taxonomy":"product_brand","embeddable":true,"href":"https:\/\/cormac.eu\/sk\/wp-json\/wp\/v2\/product_brand?post=3936"},{"taxonomy":"product_cat","embeddable":true,"href":"https:\/\/cormac.eu\/sk\/wp-json\/wp\/v2\/product_cat?post=3936"},{"taxonomy":"product_tag","embeddable":true,"href":"https:\/\/cormac.eu\/sk\/wp-json\/wp\/v2\/product_tag?post=3936"}],"curies":[{"name":"wp","href":"https:\/\/api.w.org\/{rel}","templated":true}]}}