{"id":3935,"date":"2023-05-18T23:09:21","date_gmt":"2023-05-18T21:09:21","guid":{"rendered":"https:\/\/cormac.eu\/?post_type=product&#038;p=3935"},"modified":"2023-05-19T10:50:05","modified_gmt":"2023-05-19T08:50:05","slug":"automaticky-podavac-hromad","status":"publish","type":"product","link":"https:\/\/cormac.eu\/sk\/product\/automatic-pile-feeder\/","title":{"rendered":"Automatick\u00fd pod\u00e1va\u010d hrom\u00e1d"},"content":{"rendered":"<p>Automatick\u00fd pod\u00e1va\u010d hrom\u00e1d patr\u00ed do kateg\u00f3rie manipula\u010dn\u00fdch pod\u00e1vac\u00edch syst\u00e9mov. Je to horizont\u00e1lna nakladacia a pod\u00e1vacia jednotka, ktor\u00e1 sa in\u0161taluje na v\u00fdstupnom konci v\u00fdrobn\u00fdch liniek.  Jeho \u00falohou je zoskupova\u0165 v\u00fdrobky, ktor\u00e9 le\u017eia na plocho, do hrom\u00e1d a pren\u00e1\u0161a\u0165 hromady do pr\u00edvodn\u00fdch letiek ov\u00edjacieho stroja (strojov). Tento pod\u00e1va\u010d hrom\u00e1d jemne vytv\u00e1ra hromady s r\u00f4znou v\u00fd\u0161kou, od jednej vrstvy a\u017e po maxim\u00e1lnu stabiln\u00fa v\u00fd\u0161ku. V\u00fdrobky, ktor\u00e9 sa maj\u00fa spracova\u0165, s\u00fa zvy\u010dajne su\u0161ienky, krekery, sendvi\u010dov\u00e9 su\u0161ienky, pl\u00e1tky toastov alebo su\u0161ienky.  \u0160pi\u010dkov\u00fd \u0161tvorosov\u00fd horizont\u00e1lny pod\u00e1va\u010d je poh\u00e1\u0148an\u00fd 4 servomotormi.  T\u00e1to verzia umo\u017e\u0148uje nastavenie v\u00fd\u0161ky stohu po\u010das chodu stroja bez preru\u0161enia. K dispoz\u00edcii je aj dvojosov\u00e1 verzia poh\u00e1\u0148an\u00e1 dvoma servomotormi.<\/p>\n<p><strong>Rozsah kapacity<\/strong> : na mieru\/na po\u017eiadanie<\/p>\n<p>&nbsp;<\/p>\n<table>\n<tbody>\n<tr>\n<td><strong>Funkcie<\/strong><\/td>\n<td><strong>V\u00fdhody<\/strong><\/td>\n<\/tr>\n<tr>\n<td>Nastavenie v\u00fd\u0161ky stohu<\/td>\n<td>Kompenz\u00e1cia odch\u00fdlok hr\u00fabky v\u00fdrobku za chodu<\/td>\n<\/tr>\n<tr>\n<td>Modul\u00e1rny dizajn<\/td>\n<td>K dispoz\u00edcii v r\u00f4znych konfigur\u00e1ci\u00e1ch<\/td>\n<\/tr>\n<\/tbody>\n<\/table>\n<p>&nbsp;<\/p>","protected":false},"excerpt":{"rendered":"<p>Tento stroj zostavuje v\u00fdrobky, ako s\u00fa su\u0161ienky, krekery a hrianky, do hrom\u00e1d a pod\u00e1va ich na vstupn\u00fd p\u00e1s prietokov\u00e9ho bali\u010da.<\/p>","protected":false},"featured_media":3897,"comment_status":"open","ping_status":"closed","template":"","meta":{"uix_meta_title":"","uix_meta_description":"","uix_canonical_url":""},"product_brand":[],"product_cat":[105],"product_tag":[275,265,271,276],"class_list":{"0":"post-3935","1":"product","2":"type-product","3":"status-publish","4":"has-post-thumbnail","6":"product_cat-packaging","7":"product_tag-feeding","8":"product_tag-flowpack","9":"product_tag-packaging-lines","10":"product_tag-stacking","12":"first","13":"instock","14":"shipping-taxable","15":"product-type-simple"},"_links":{"self":[{"href":"https:\/\/cormac.eu\/sk\/wp-json\/wp\/v2\/product\/3935","targetHints":{"allow":["GET"]}}],"collection":[{"href":"https:\/\/cormac.eu\/sk\/wp-json\/wp\/v2\/product"}],"about":[{"href":"https:\/\/cormac.eu\/sk\/wp-json\/wp\/v2\/types\/product"}],"replies":[{"embeddable":true,"href":"https:\/\/cormac.eu\/sk\/wp-json\/wp\/v2\/comments?post=3935"}],"wp:featuredmedia":[{"embeddable":true,"href":"https:\/\/cormac.eu\/sk\/wp-json\/wp\/v2\/media\/3897"}],"wp:attachment":[{"href":"https:\/\/cormac.eu\/sk\/wp-json\/wp\/v2\/media?parent=3935"}],"wp:term":[{"taxonomy":"product_brand","embeddable":true,"href":"https:\/\/cormac.eu\/sk\/wp-json\/wp\/v2\/product_brand?post=3935"},{"taxonomy":"product_cat","embeddable":true,"href":"https:\/\/cormac.eu\/sk\/wp-json\/wp\/v2\/product_cat?post=3935"},{"taxonomy":"product_tag","embeddable":true,"href":"https:\/\/cormac.eu\/sk\/wp-json\/wp\/v2\/product_tag?post=3935"}],"curies":[{"name":"wp","href":"https:\/\/api.w.org\/{rel}","templated":true}]}}