{"id":3931,"date":"2023-05-18T22:52:56","date_gmt":"2023-05-18T20:52:56","guid":{"rendered":"https:\/\/cormac.eu\/?post_type=product&#038;p=3931"},"modified":"2023-05-18T22:59:15","modified_gmt":"2023-05-18T20:59:15","slug":"balenie-stroja-flowpack-900","status":"publish","type":"product","link":"https:\/\/cormac.eu\/sk\/product\/flowpack-machine-pack-900\/","title":{"rendered":"Stroj Flowpack - balenie 900"},"content":{"rendered":"<p>Tento stroj\u010dek Flowpack patr\u00ed do s\u00e9rie 9, ktor\u00e1 m\u00e1 horn\u00fd dr\u017eiak filmov\u00e9ho kot\u00fa\u010da. T\u00e1to kon\u0161truk\u010dn\u00e1 platforma sa pou\u017e\u00edva pre viacer\u00e9 konfigur\u00e1cie, ktor\u00e9 v kombin\u00e1cii so \u0161irokou \u0161k\u00e1lou pr\u00edslu\u0161enstva umo\u017e\u0148uj\u00fa prisp\u00f4sobi\u0165 stroj mnoh\u00fdm r\u00f4znym produktom, ktor\u00e9 sa maj\u00fa bali\u0165 v r\u00f4znych v\u00fdrobn\u00fdch prostrediach. Stroj sa m\u00f4\u017ee dod\u00e1va\u0165 v r\u00f4znych verzi\u00e1ch, napr\u00edklad na tepeln\u00e9 alebo studen\u00e9 uzatv\u00e1ranie, s rota\u010dn\u00fdm uzatv\u00e1ra\u010dom\/rez\u00e1kom, v nerezovom vyhotoven\u00ed a v pravom alebo \u013eavom preveden\u00ed.<\/p>\n<p><strong>Rozsah kapacity:<\/strong>\u00a0 200 - 600 kusov za min\u00fatu \/ 40 m\/min\u00fatu<\/p>\n<p>&nbsp;<\/p>\n<table style=\"height: 881px\" width=\"656\">\n<tbody>\n<tr>\n<td style=\"text-align: center\"><strong>Funkcie<\/strong><\/td>\n<td>\n<p style=\"text-align: center\"><strong>V\u00fdhody<\/strong><\/p>\n<\/td>\n<\/tr>\n<tr>\n<td>Konzolov\u00e1 kon\u0161trukcia<\/td>\n<td>\n<ul>\n<li>Dobr\u00fd pr\u00edstup ku v\u0161etk\u00fdm \u010dastiam stroja<\/li>\n<li>Jednoduch\u00e1 \u00fadr\u017eba<\/li>\n<\/ul>\n<\/td>\n<\/tr>\n<tr>\n<td>Dopravn\u00fd p\u00e1s s tla\u010dn\u00fdmi lopatkami<\/td>\n<td>\n<ul>\n<li>Jednoduch\u00e1 zmena vzdialenosti tla\u010didiel<\/li>\n<li>nie je potrebn\u00e9 \u017eiadne n\u00e1radie<\/li>\n<\/ul>\n<\/td>\n<\/tr>\n<tr>\n<td>Modul\u00e1rna kon\u0161trukcia<\/td>\n<td>\n<ul>\n<li>Prisp\u00f4sobivos\u0165 po\u017eiadavk\u00e1m z\u00e1kazn\u00edka<\/li>\n<\/ul>\n<\/td>\n<\/tr>\n<tr>\n<td>Pneumatick\u00fd dr\u017eiak cievky<\/td>\n<td>\n<ul>\n<li>Jednoduch\u00e1 v\u00fdmena cievky<\/li>\n<li>Axi\u00e1lne nastavenie po\u010das chodu stroja<\/li>\n<\/ul>\n<\/td>\n<\/tr>\n<tr>\n<td>Univerz\u00e1lny tvarovac\u00ed box<\/td>\n<td>\n<ul>\n<li>Nastavite\u013en\u00e9 na r\u00f4zne ve\u013ekosti v\u00fdrobkov<\/li>\n<\/ul>\n<\/td>\n<\/tr>\n<tr>\n<td>Modul pozd\u013a\u017eneho tesnenia<\/td>\n<td>\n<ul>\n<li>1 p\u00e1r koliesok na \u0165ahanie studenej f\u00f3lie<\/li>\n<li>2 p\u00e1ry vyhrievan\u00fdch tesniacich kolies<\/li>\n<li>1 p\u00e1r ku\u017ee\u013eov\u00fdch plutvov\u00fdch skladac\u00edch kolies<\/li>\n<\/ul>\n<\/td>\n<\/tr>\n<tr>\n<td>Modul pozd\u013a\u017eneho zv\u00e1rania<\/td>\n<td>\n<ul>\n<li>Jednoduch\u00e9 odstr\u00e1nenie\/v\u00fdmena<\/li>\n<li>Jednoduch\u00e9 \u010distenie<\/li>\n<\/ul>\n<\/td>\n<\/tr>\n<tr>\n<td>Rota\u010dn\u00fd rezac\u00ed a zv\u00e1rac\u00ed modul<\/td>\n<td>\n<ul>\n<li>Vyroben\u00e9 pod\u013ea v\u00fdrobkov a f\u00f3li\u00ed<\/li>\n<\/ul>\n<\/td>\n<\/tr>\n<tr>\n<td>V\u00fdstupn\u00fd dopravn\u00edk<\/td>\n<td>\n<ul>\n<li>Variabiln\u00e1 r\u00fdchlos\u0165<\/li>\n<li>syst\u00e9m detekcie a odmietnutia<\/li>\n<\/ul>\n<\/td>\n<\/tr>\n<tr>\n<td>\u00a0Dotykov\u00fd displej<\/td>\n<td>\n<ul>\n<li>\u00dapln\u00e9 elektronick\u00e9 ovl\u00e1danie<\/li>\n<li>Intuit\u00edvne ovl\u00e1danie<\/li>\n<li>Ukladanie parametrov<\/li>\n<li>V\u00fdstrahy a upozornenia<\/li>\n<\/ul>\n<\/td>\n<\/tr>\n<\/tbody>\n<\/table>\n<p>&nbsp;<\/p>","protected":false},"excerpt":{"rendered":"<p>Stroj Flowpack na prietokov\u00e9 balenie be\u017en\u00fdch v\u00fdrobkov pri stredn\u00fdch a\u017e vysok\u00fdch v\u00fdrobn\u00fdch r\u00fdchlostiach s pou\u017eit\u00edm poloautomatick\u00e9ho alebo plne automatick\u00e9ho syst\u00e9mu pod\u00e1vania.<\/p>","protected":false},"featured_media":3895,"comment_status":"open","ping_status":"closed","template":"","meta":{"uix_meta_title":"","uix_meta_description":"","uix_canonical_url":""},"product_brand":[],"product_cat":[105],"product_tag":[265,266,271],"class_list":{"0":"post-3931","1":"product","2":"type-product","3":"status-publish","4":"has-post-thumbnail","6":"product_cat-packaging","7":"product_tag-flowpack","8":"product_tag-flowwrapping","9":"product_tag-packaging-lines","11":"first","12":"instock","13":"shipping-taxable","14":"product-type-simple"},"_links":{"self":[{"href":"https:\/\/cormac.eu\/sk\/wp-json\/wp\/v2\/product\/3931","targetHints":{"allow":["GET"]}}],"collection":[{"href":"https:\/\/cormac.eu\/sk\/wp-json\/wp\/v2\/product"}],"about":[{"href":"https:\/\/cormac.eu\/sk\/wp-json\/wp\/v2\/types\/product"}],"replies":[{"embeddable":true,"href":"https:\/\/cormac.eu\/sk\/wp-json\/wp\/v2\/comments?post=3931"}],"wp:featuredmedia":[{"embeddable":true,"href":"https:\/\/cormac.eu\/sk\/wp-json\/wp\/v2\/media\/3895"}],"wp:attachment":[{"href":"https:\/\/cormac.eu\/sk\/wp-json\/wp\/v2\/media?parent=3931"}],"wp:term":[{"taxonomy":"product_brand","embeddable":true,"href":"https:\/\/cormac.eu\/sk\/wp-json\/wp\/v2\/product_brand?post=3931"},{"taxonomy":"product_cat","embeddable":true,"href":"https:\/\/cormac.eu\/sk\/wp-json\/wp\/v2\/product_cat?post=3931"},{"taxonomy":"product_tag","embeddable":true,"href":"https:\/\/cormac.eu\/sk\/wp-json\/wp\/v2\/product_tag?post=3931"}],"curies":[{"name":"wp","href":"https:\/\/api.w.org\/{rel}","templated":true}]}}