{"id":3930,"date":"2023-05-18T22:35:25","date_gmt":"2023-05-18T20:35:25","guid":{"rendered":"https:\/\/cormac.eu\/?post_type=product&#038;p=3930"},"modified":"2023-05-18T22:46:02","modified_gmt":"2023-05-18T20:46:02","slug":"balenie-stroja-flowpack-90","status":"publish","type":"product","link":"https:\/\/cormac.eu\/sk\/product\/flowpack-machine-pack-90\/","title":{"rendered":"Stroj Flowpack - balenie 90"},"content":{"rendered":"<p>Tento stroj Flowpack patr\u00ed k s\u00e9rii 9, ktor\u00e1 m\u00e1 horn\u00fd dr\u017eiak filmov\u00e9ho kot\u00fa\u010da. T\u00e1to kon\u0161truk\u010dn\u00e1 platforma sa pou\u017e\u00edva pre viacer\u00e9 konfigur\u00e1cie, ktor\u00e9 v kombin\u00e1cii so \u0161irokou \u0161k\u00e1lou pr\u00edslu\u0161enstva umo\u017e\u0148uj\u00fa prisp\u00f4sobi\u0165 stroj mnoh\u00fdm r\u00f4znym produktom, ktor\u00e9 sa maj\u00fa bali\u0165 v r\u00f4znych v\u00fdrobn\u00fdch prostrediach. Stroj sa m\u00f4\u017ee dod\u00e1va\u0165 v r\u00f4znych verzi\u00e1ch, napr\u00edklad na tepeln\u00e9 alebo studen\u00e9 uzatv\u00e1ranie, s rota\u010dn\u00fdm uzatv\u00e1ra\u010dom\/rez\u00e1kom, v nerezovom vyhotoven\u00ed a v pravom alebo \u013eavom preveden\u00ed.<\/p>\n<p><strong>Rozsah kapacity:<\/strong> 100-300 ppm ; 30 mts \/min<\/p>\n<p>&nbsp;<\/p>\n<table style=\"height: 709px\" width=\"717\">\n<tbody>\n<tr>\n<td><strong>Funkcie<\/strong><\/td>\n<td><strong>V\u00fdhody<\/strong><\/td>\n<\/tr>\n<tr>\n<td>Konzolov\u00e1 kon\u0161trukcia<\/td>\n<td>\n<ul>\n<li>Dobr\u00fd pr\u00edstup ku v\u0161etk\u00fdm \u010dastiam stroja<\/li>\n<li>Jednoduch\u00e1 \u00fadr\u017eba<\/li>\n<\/ul>\n<\/td>\n<\/tr>\n<tr>\n<td><\/td>\n<td><\/td>\n<\/tr>\n<tr>\n<td>Modul\u00e1rna kon\u0161trukcia<\/td>\n<td>\n<ul>\n<li>Prisp\u00f4sobivos\u0165 po\u017eiadavk\u00e1m z\u00e1kazn\u00edka<\/li>\n<\/ul>\n<\/td>\n<\/tr>\n<tr>\n<td>Pneumatick\u00fd dr\u017eiak cievky<\/td>\n<td>\n<ul>\n<li>Jednoduch\u00e1 v\u00fdmena cievky<\/li>\n<li>Axi\u00e1lne nastavenie po\u010das chodu stroja<\/li>\n<\/ul>\n<\/td>\n<\/tr>\n<tr>\n<td>Modul\u00e1rna pozd\u013a\u017ena tesniaca jednotka<\/td>\n<td>\n<ul>\n<li>1 p\u00e1r studen\u00fdch koliesok na \u0165ahanie f\u00f3lie<\/li>\n<li>2 p\u00e1ry vyhrievan\u00fdch kolies na utesnenie<\/li>\n<li>1 p\u00e1r ku\u017ee\u013eov\u00fdch koliesok na skladanie plutvov\u00e9ho tesnenia<\/li>\n<\/ul>\n<\/td>\n<\/tr>\n<tr>\n<td>Univerz\u00e1lny tvarovac\u00ed box<\/td>\n<td>\n<ul>\n<li>Nastavite\u013en\u00e9 na r\u00f4zne ve\u013ekosti v\u00fdrobkov<\/li>\n<\/ul>\n<\/td>\n<\/tr>\n<tr>\n<td>V\u00fdstupn\u00fd dopravn\u00edk s premenlivou r\u00fdchlos\u0165ou<\/td>\n<td>\n<ul>\n<li>Nastavite\u013en\u00e1 r\u00fdchlos\u0165 balenia<\/li>\n<\/ul>\n<\/td>\n<\/tr>\n<tr>\n<td>\u00a0Dotykov\u00fd displej<\/td>\n<td>\n<ul>\n<li>\u00dapln\u00e9 elektronick\u00e9 ovl\u00e1danie<\/li>\n<li>Intuit\u00edvne ovl\u00e1danie<\/li>\n<li>Ukladanie parametrov<\/li>\n<li>V\u00fdstrahy a upozornenia<\/li>\n<\/ul>\n<\/td>\n<\/tr>\n<\/tbody>\n<\/table>","protected":false},"excerpt":{"rendered":"<p>Stroj Flowpack na prietokov\u00e9 balenie be\u017en\u00fdch v\u00fdrobkov v n\u00edzko a\u017e stredne r\u00fdchlych v\u00fdrobn\u00fdch s\u00e9ri\u00e1ch.<\/p>","protected":false},"featured_media":3892,"comment_status":"open","ping_status":"closed","template":"","meta":{"uix_meta_title":"","uix_meta_description":"","uix_canonical_url":""},"product_brand":[],"product_cat":[105],"product_tag":[265,266,271],"class_list":{"0":"post-3930","1":"product","2":"type-product","3":"status-publish","4":"has-post-thumbnail","6":"product_cat-packaging","7":"product_tag-flowpack","8":"product_tag-flowwrapping","9":"product_tag-packaging-lines","11":"first","12":"instock","13":"shipping-taxable","14":"product-type-simple"},"_links":{"self":[{"href":"https:\/\/cormac.eu\/sk\/wp-json\/wp\/v2\/product\/3930","targetHints":{"allow":["GET"]}}],"collection":[{"href":"https:\/\/cormac.eu\/sk\/wp-json\/wp\/v2\/product"}],"about":[{"href":"https:\/\/cormac.eu\/sk\/wp-json\/wp\/v2\/types\/product"}],"replies":[{"embeddable":true,"href":"https:\/\/cormac.eu\/sk\/wp-json\/wp\/v2\/comments?post=3930"}],"wp:featuredmedia":[{"embeddable":true,"href":"https:\/\/cormac.eu\/sk\/wp-json\/wp\/v2\/media\/3892"}],"wp:attachment":[{"href":"https:\/\/cormac.eu\/sk\/wp-json\/wp\/v2\/media?parent=3930"}],"wp:term":[{"taxonomy":"product_brand","embeddable":true,"href":"https:\/\/cormac.eu\/sk\/wp-json\/wp\/v2\/product_brand?post=3930"},{"taxonomy":"product_cat","embeddable":true,"href":"https:\/\/cormac.eu\/sk\/wp-json\/wp\/v2\/product_cat?post=3930"},{"taxonomy":"product_tag","embeddable":true,"href":"https:\/\/cormac.eu\/sk\/wp-json\/wp\/v2\/product_tag?post=3930"}],"curies":[{"name":"wp","href":"https:\/\/api.w.org\/{rel}","templated":true}]}}