{"id":3927,"date":"2023-05-18T22:15:35","date_gmt":"2023-05-18T20:15:35","guid":{"rendered":"https:\/\/cormac.eu\/?post_type=product&#038;p=3927"},"modified":"2023-05-19T11:00:29","modified_gmt":"2023-05-19T09:00:29","slug":"balenie-stroja-flowpack-60-2","status":"publish","type":"product","link":"https:\/\/cormac.eu\/sk\/product\/flowpack-machine-pack-60\/","title":{"rendered":"Stroj Flowpack - balenie 60"},"content":{"rendered":"<p>Tento stroj\u010dek Flowpack patr\u00ed do s\u00e9rie 6, ktor\u00e1 m\u00e1 spodn\u00fd dr\u017eiak filmov\u00e9ho kot\u00fa\u010da.<br \/>\nT\u00e1to kon\u0161truk\u010dn\u00e1 platforma sa pou\u017e\u00edva pre viacer\u00e9 konfigur\u00e1cie, ktor\u00e9 v kombin\u00e1cii so \u0161irokou \u0161k\u00e1lou pr\u00edslu\u0161enstva umo\u017e\u0148uj\u00fa prisp\u00f4sobi\u0165 stroj mnoh\u00fdm r\u00f4znym v\u00fdrobkom, ktor\u00e9 sa maj\u00fa bali\u0165 v r\u00f4znych v\u00fdrobn\u00fdch prostrediach.<br \/>\nStroj je mo\u017en\u00e9 doda\u0165 v r\u00f4znych verzi\u00e1ch, napr\u00edklad na tepeln\u00e9 alebo studen\u00e9 tesnenie, s rota\u010dn\u00fdm tesnen\u00edm\/rezan\u00edm, z nehrdzavej\u00facej ocele a v pravom alebo \u013eavom preveden\u00ed.<br \/>\nStroj je mo\u017en\u00e9 doda\u0165 s r\u00f4znymi prisp\u00f4soben\u00fdmi syst\u00e9mami pod\u00e1vania.<\/p>\n<p><strong>Rozsah kapacity<\/strong>: 100 - 300 kusov za min\u00fatu; 30 m\/min<\/p>\n<p>&nbsp;<\/p>\n<table style=\"height: 742px\" width=\"638\">\n<tbody>\n<tr>\n<td>\n<p style=\"text-align: center\"><strong>Funkcie<\/strong><\/p>\n<\/td>\n<td>\n<p style=\"text-align: center\"><strong>V\u00fdhody<\/strong><\/p>\n<\/td>\n<\/tr>\n<tr>\n<td>Konzolov\u00e1 kon\u0161trukcia<\/td>\n<td>\n<ul>\n<li>Dobr\u00fd pr\u00edstup ku v\u0161etk\u00fdm \u010dastiam stroja<\/li>\n<li>Jednoduch\u00e1 \u00fadr\u017eba<\/li>\n<\/ul>\n<\/td>\n<\/tr>\n<tr>\n<td>Modul\u00e1rna kon\u0161trukcia<\/td>\n<td>\n<ul>\n<li>Prisp\u00f4sobivos\u0165 po\u017eiadavk\u00e1m z\u00e1kazn\u00edka<\/li>\n<li>vysok\u00e1 flexibilita<\/li>\n<\/ul>\n<\/td>\n<\/tr>\n<tr>\n<td>Pneumatick\u00fd dr\u017eiak cievky<\/td>\n<td>\n<ul>\n<li>Jednoduch\u00e1 v\u00fdmena cievky<\/li>\n<li>Axi\u00e1lne nastavenie po\u010das chodu stroja<\/li>\n<\/ul>\n<\/td>\n<\/tr>\n<tr>\n<td>Univerz\u00e1lny tvarovac\u00ed box<\/td>\n<td>\n<ul>\n<li>Nastavite\u013en\u00e9 na r\u00f4zne ve\u013ekosti v\u00fdrobkov<\/li>\n<\/ul>\n<\/td>\n<\/tr>\n<tr>\n<td>Modul\u00e1rna pozd\u013a\u017ena tesniaca jednotka<\/td>\n<td>\n<ul>\n<li>1 p\u00e1r kolies na \u0165ahanie za studena<\/li>\n<li>2 p\u00e1ry vyhrievan\u00fdch tesniacich kolies<\/li>\n<li>1 p\u00e1r ku\u017ee\u013eov\u00fdch plutvov\u00fdch skladac\u00edch kolies<\/li>\n<\/ul>\n<\/td>\n<\/tr>\n<tr>\n<td>Univerz\u00e1lny tvarovac\u00ed box<\/td>\n<td>\n<ul>\n<li>Nastavite\u013en\u00e9 na r\u00f4zne ve\u013ekosti v\u00fdrobkov<\/li>\n<\/ul>\n<\/td>\n<\/tr>\n<tr>\n<td>V\u00fdstupn\u00fd dopravn\u00edk s premenlivou r\u00fdchlos\u0165ou<\/td>\n<td>\n<ul>\n<li>Nastavite\u013en\u00e1 r\u00fdchlos\u0165 balenia<\/li>\n<\/ul>\n<\/td>\n<\/tr>\n<tr>\n<td>\u00a010,4\" dotykov\u00fd displej<\/td>\n<td>\n<ul>\n<li>\u00dapln\u00e9 elektronick\u00e9 ovl\u00e1danie<\/li>\n<li>Intuit\u00edvne ovl\u00e1danie<\/li>\n<li>Ukladanie parametrov<\/li>\n<li>Zobrazen\u00e9 alarmy a varovania<\/li>\n<\/ul>\n<\/td>\n<\/tr>\n<\/tbody>\n<\/table>","protected":false},"excerpt":{"rendered":"<p>Stroj Flowpack na prietokov\u00e9 balenie nepravideln\u00fdch alebo krehk\u00fdch v\u00fdrobkov pri n\u00edzkych a\u017e stredn\u00fdch v\u00fdrobn\u00fdch r\u00fdchlostiach.<\/p>","protected":false},"featured_media":3891,"comment_status":"open","ping_status":"closed","template":"","meta":{"uix_meta_title":"","uix_meta_description":"","uix_canonical_url":""},"product_brand":[],"product_cat":[105],"product_tag":[274,265,266],"class_list":{"0":"post-3927","1":"product","2":"type-product","3":"status-publish","4":"has-post-thumbnail","6":"product_cat-packaging","7":"product_tag-complete-packaging-lines","8":"product_tag-flowpack","9":"product_tag-flowwrapping","11":"first","12":"instock","13":"shipping-taxable","14":"product-type-simple"},"_links":{"self":[{"href":"https:\/\/cormac.eu\/sk\/wp-json\/wp\/v2\/product\/3927","targetHints":{"allow":["GET"]}}],"collection":[{"href":"https:\/\/cormac.eu\/sk\/wp-json\/wp\/v2\/product"}],"about":[{"href":"https:\/\/cormac.eu\/sk\/wp-json\/wp\/v2\/types\/product"}],"replies":[{"embeddable":true,"href":"https:\/\/cormac.eu\/sk\/wp-json\/wp\/v2\/comments?post=3927"}],"wp:featuredmedia":[{"embeddable":true,"href":"https:\/\/cormac.eu\/sk\/wp-json\/wp\/v2\/media\/3891"}],"wp:attachment":[{"href":"https:\/\/cormac.eu\/sk\/wp-json\/wp\/v2\/media?parent=3927"}],"wp:term":[{"taxonomy":"product_brand","embeddable":true,"href":"https:\/\/cormac.eu\/sk\/wp-json\/wp\/v2\/product_brand?post=3927"},{"taxonomy":"product_cat","embeddable":true,"href":"https:\/\/cormac.eu\/sk\/wp-json\/wp\/v2\/product_cat?post=3927"},{"taxonomy":"product_tag","embeddable":true,"href":"https:\/\/cormac.eu\/sk\/wp-json\/wp\/v2\/product_tag?post=3927"}],"curies":[{"name":"wp","href":"https:\/\/api.w.org\/{rel}","templated":true}]}}