{"id":3913,"date":"2023-05-18T21:35:42","date_gmt":"2023-05-18T19:35:42","guid":{"rendered":"https:\/\/cormac.eu\/?post_type=product&#038;p=3913"},"modified":"2023-05-18T22:13:54","modified_gmt":"2023-05-18T20:13:54","slug":"kompletne-systemy-flowpack","status":"publish","type":"product","link":"https:\/\/cormac.eu\/sk\/product\/complete-flowpack-systems\/","title":{"rendered":"Kompletn\u00e9 syst\u00e9my flowpack"},"content":{"rendered":"<p>Kompletn\u00e9 baliace linky na pod\u00e1vanie, prietokov\u00e9 balenie a sekund\u00e1rne balenie \u0161irokej \u0161k\u00e1ly v\u00fdrobkov z r\u00f4znych odvetv\u00ed.<\/p>\n<p>Tieto linky sa daj\u00fa prisp\u00f4sobi\u0165 komplexn\u00fdm projektom a ich konfigur\u00e1cia je \u00faplne prisp\u00f4soben\u00e1 po\u017eiadavk\u00e1m z\u00e1kazn\u00edka.<\/p>\n<p>Pod\u00e1vacie syst\u00e9my m\u00f4\u017eu zah\u0155\u0148a\u0165 jednoriadkov\u00e9 alebo viacriadkov\u00e9 distribu\u010dn\u00e9 syst\u00e9my, robotick\u00e9 nakladacie bunky, syst\u00e9my na orient\u00e1ciu v\u00fdrobkov, formova\u010de a naklada\u010de hrom\u00e1d a slim\u00e1kov, vyrovn\u00e1vacie syst\u00e9my , r\u00f4zne stroje na prietokov\u00e9 balenie, vyp\u00fa\u0161\u0165acie syst\u00e9my a rie\u0161enia sekund\u00e1rneho balenia.<\/p>\n<p>&nbsp;<\/p>\n<p><img decoding=\"async\" class=\"alignnone wp-image-3919\" src=\"https:\/\/cormac.eu\/wp-content\/uploads\/2023\/05\/Pos-1-300x141.jpg\" alt=\"\" width=\"323\" height=\"152\" srcset=\"https:\/\/cormac.eu\/wp-content\/uploads\/2023\/05\/Pos-1-300x141.jpg 300w, https:\/\/cormac.eu\/wp-content\/uploads\/2023\/05\/Pos-1-768x360.jpg 768w, https:\/\/cormac.eu\/wp-content\/uploads\/2023\/05\/Pos-1-600x281.jpg 600w, https:\/\/cormac.eu\/wp-content\/uploads\/2023\/05\/Pos-1.jpg 888w\" sizes=\"(max-width: 323px) 100vw, 323px\" \/> <img fetchpriority=\"high\" decoding=\"async\" class=\"alignnone wp-image-3925\" src=\"https:\/\/cormac.eu\/wp-content\/uploads\/2023\/05\/SAF3-300x130.jpg\" alt=\"\" width=\"360\" height=\"156\" srcset=\"https:\/\/cormac.eu\/wp-content\/uploads\/2023\/05\/SAF3-300x130.jpg 300w, https:\/\/cormac.eu\/wp-content\/uploads\/2023\/05\/SAF3-768x334.jpg 768w, https:\/\/cormac.eu\/wp-content\/uploads\/2023\/05\/SAF3-600x261.jpg 600w, https:\/\/cormac.eu\/wp-content\/uploads\/2023\/05\/SAF3.jpg 868w\" sizes=\"(max-width: 360px) 100vw, 360px\" \/><\/p>\n<p><img decoding=\"async\" class=\"alignnone size-medium wp-image-3915\" src=\"https:\/\/cormac.eu\/wp-content\/uploads\/2023\/05\/HSS1-and-HSS2-300x218.jpg\" alt=\"\" width=\"300\" height=\"218\" srcset=\"https:\/\/cormac.eu\/wp-content\/uploads\/2023\/05\/HSS1-and-HSS2-300x218.jpg 300w, https:\/\/cormac.eu\/wp-content\/uploads\/2023\/05\/HSS1-and-HSS2-768x559.jpg 768w, https:\/\/cormac.eu\/wp-content\/uploads\/2023\/05\/HSS1-and-HSS2-600x437.jpg 600w, https:\/\/cormac.eu\/wp-content\/uploads\/2023\/05\/HSS1-and-HSS2.jpg 776w\" sizes=\"(max-width: 300px) 100vw, 300px\" \/><img loading=\"lazy\" decoding=\"async\" class=\"alignnone size-medium wp-image-3923\" src=\"https:\/\/cormac.eu\/wp-content\/uploads\/2023\/05\/SAF1-300x172.jpg\" alt=\"\" width=\"300\" height=\"172\" srcset=\"https:\/\/cormac.eu\/wp-content\/uploads\/2023\/05\/SAF1-300x172.jpg 300w, https:\/\/cormac.eu\/wp-content\/uploads\/2023\/05\/SAF1-600x345.jpg 600w, https:\/\/cormac.eu\/wp-content\/uploads\/2023\/05\/SAF1.jpg 714w\" sizes=\"(max-width: 300px) 100vw, 300px\" \/><\/p>\n<p><img loading=\"lazy\" decoding=\"async\" class=\"alignnone wp-image-3920\" src=\"https:\/\/cormac.eu\/wp-content\/uploads\/2023\/05\/Pos-2-300x73.jpg\" alt=\"\" width=\"386\" height=\"94\" srcset=\"https:\/\/cormac.eu\/wp-content\/uploads\/2023\/05\/Pos-2-300x73.jpg 300w, https:\/\/cormac.eu\/wp-content\/uploads\/2023\/05\/Pos-2-768x187.jpg 768w, https:\/\/cormac.eu\/wp-content\/uploads\/2023\/05\/Pos-2-600x146.jpg 600w, https:\/\/cormac.eu\/wp-content\/uploads\/2023\/05\/Pos-2.jpg 891w\" sizes=\"(max-width: 386px) 100vw, 386px\" \/><\/p>\n<p>&nbsp;<\/p>\n<p>&nbsp;<\/p>\n<p>&nbsp;<\/p>","protected":false},"excerpt":{"rendered":"<p>Kompletn\u00e9 syst\u00e9my prietokov\u00e9ho balenia s automatickou distrib\u00faciou, orient\u00e1ciou v\u00fdrobkov, zoskupovan\u00edm a pod\u00e1van\u00edm.<\/p>","protected":false},"featured_media":3914,"comment_status":"open","ping_status":"closed","template":"","meta":{"uix_meta_title":"","uix_meta_description":"","uix_canonical_url":""},"product_brand":[],"product_cat":[105,114],"product_tag":[274,265,266],"class_list":{"0":"post-3913","1":"product","2":"type-product","3":"status-publish","4":"has-post-thumbnail","6":"product_cat-packaging","7":"product_cat-secondary-packaging","8":"product_tag-complete-packaging-lines","9":"product_tag-flowpack","10":"product_tag-flowwrapping","12":"first","13":"instock","14":"shipping-taxable","15":"product-type-simple"},"_links":{"self":[{"href":"https:\/\/cormac.eu\/sk\/wp-json\/wp\/v2\/product\/3913","targetHints":{"allow":["GET"]}}],"collection":[{"href":"https:\/\/cormac.eu\/sk\/wp-json\/wp\/v2\/product"}],"about":[{"href":"https:\/\/cormac.eu\/sk\/wp-json\/wp\/v2\/types\/product"}],"replies":[{"embeddable":true,"href":"https:\/\/cormac.eu\/sk\/wp-json\/wp\/v2\/comments?post=3913"}],"wp:featuredmedia":[{"embeddable":true,"href":"https:\/\/cormac.eu\/sk\/wp-json\/wp\/v2\/media\/3914"}],"wp:attachment":[{"href":"https:\/\/cormac.eu\/sk\/wp-json\/wp\/v2\/media?parent=3913"}],"wp:term":[{"taxonomy":"product_brand","embeddable":true,"href":"https:\/\/cormac.eu\/sk\/wp-json\/wp\/v2\/product_brand?post=3913"},{"taxonomy":"product_cat","embeddable":true,"href":"https:\/\/cormac.eu\/sk\/wp-json\/wp\/v2\/product_cat?post=3913"},{"taxonomy":"product_tag","embeddable":true,"href":"https:\/\/cormac.eu\/sk\/wp-json\/wp\/v2\/product_tag?post=3913"}],"curies":[{"name":"wp","href":"https:\/\/api.w.org\/{rel}","templated":true}]}}