{"id":3911,"date":"2023-05-18T20:55:48","date_gmt":"2023-05-18T18:55:48","guid":{"rendered":"https:\/\/cormac.eu\/?post_type=product&#038;p=3911"},"modified":"2023-05-19T11:03:43","modified_gmt":"2023-05-19T09:03:43","slug":"balenie-stroja-flowpack-30-2","status":"publish","type":"product","link":"https:\/\/cormac.eu\/sk\/product\/flowpack-machine-pack-30\/","title":{"rendered":"Stroj Flowpack - balenie 30"},"content":{"rendered":"<p>Zariadenie Flowpack zo s\u00e9rie 3, ktor\u00e9 m\u00e1 horn\u00fd a doln\u00fd dr\u017eiak filmov\u00e9ho kot\u00fa\u010da. T\u00e1to kon\u0161truk\u010dn\u00e1 platforma sa pou\u017e\u00edva pre viacer\u00e9 konfigur\u00e1cie, \u010do v kombin\u00e1cii so \u0161irokou \u0161k\u00e1lou pr\u00edslu\u0161enstva umo\u017e\u0148uje prisp\u00f4sobi\u0165 stroj mnoh\u00fdm r\u00f4znym v\u00fdrobkom, ktor\u00e9 sa maj\u00fa bali\u0165 v r\u00f4znych v\u00fdrobn\u00fdch prostrediach. Stroj sa m\u00f4\u017ee dod\u00e1va\u0165 v r\u00f4znych verzi\u00e1ch, napr\u00edklad na tepeln\u00e9 alebo studen\u00e9 zv\u00e1ranie, s rota\u010dn\u00fdm tesnen\u00edm\/rezan\u00edm, z nehrdzavej\u00facej ocele a v pravom alebo \u013eavom vyhotoven\u00ed. Stroj je mo\u017en\u00e9 doda\u0165 s r\u00f4znymi na mieru prisp\u00f4soben\u00fdmi syst\u00e9mami pod\u00e1vania.<\/p>\n<p><strong>Rozsah kapacity:<\/strong> 100-300 ppm ; 30 m\/min<\/p>\n<p>&nbsp;<\/p>\n<table style=\"height: 599px\" width=\"627\">\n<tbody>\n<tr>\n<td><strong>Funkcie<\/strong><\/td>\n<td><strong>V\u00fdhody<\/strong><\/td>\n<\/tr>\n<tr>\n<td>Konzolov\u00e1 kon\u0161trukcia<\/td>\n<td>\n<ul>\n<li>Dobr\u00fd pr\u00edstup ku v\u0161etk\u00fdm \u010dastiam stroja<\/li>\n<li>Jednoduch\u00e1 \u00fadr\u017eba<\/li>\n<\/ul>\n<\/td>\n<\/tr>\n<tr>\n<td>Modul\u00e1rna kon\u0161trukcia<\/td>\n<td>\n<ul>\n<li>Prisp\u00f4sobivos\u0165 po\u017eiadavk\u00e1m z\u00e1kazn\u00edka<\/li>\n<li>vysok\u00e1 flexibilita<\/li>\n<\/ul>\n<\/td>\n<\/tr>\n<tr>\n<td>Pneumatick\u00fd dr\u017eiak cievky<\/td>\n<td>\n<ul>\n<li>Jednoduch\u00e1 v\u00fdmena cievky<\/li>\n<li>Axi\u00e1lne nastavenie po\u010das chodu stroja<\/li>\n<\/ul>\n<\/td>\n<\/tr>\n<tr>\n<td>Modul\u00e1rna pozd\u013a\u017ena tesniaca jednotka<\/td>\n<td>\n<ul>\n<li>1 p\u00e1r kolies na \u0165ahanie za studena<\/li>\n<li>2 p\u00e1ry vyhrievan\u00fdch tesniacich kolies<\/li>\n<li>1 p\u00e1r ku\u017ee\u013eov\u00fdch plutvov\u00fdch skladac\u00edch kolies<\/li>\n<\/ul>\n<\/td>\n<\/tr>\n<tr>\n<td>V\u00fdstupn\u00fd dopravn\u00edk<\/td>\n<td>\n<ul>\n<li>Variabiln\u00e9 nastavenie r\u00fdchlosti<\/li>\n<\/ul>\n<\/td>\n<\/tr>\n<tr>\n<td>\u00a010,4\" dotykov\u00fd displej<\/td>\n<td>\n<ul>\n<li>\u00dapln\u00e9 elektronick\u00e9 ovl\u00e1danie<\/li>\n<li>Intuit\u00edvne ovl\u00e1danie<\/li>\n<li>Ukladanie a zobrazovanie parametrov<\/li>\n<li>V\u00fdstrahy a upozornenia<\/li>\n<\/ul>\n<\/td>\n<\/tr>\n<\/tbody>\n<\/table>","protected":false},"excerpt":{"rendered":"<p>Stroj Flowpack na prietokov\u00e9 balenie ploch\u00fdch v\u00fdrobkov pri n\u00edzkych a\u017e stredn\u00fdch r\u00fdchlostiach.<\/p>","protected":false},"featured_media":3890,"comment_status":"open","ping_status":"closed","template":"","meta":{"uix_meta_title":"","uix_meta_description":"","uix_canonical_url":""},"product_brand":[],"product_cat":[105],"product_tag":[265,266],"class_list":{"0":"post-3911","1":"product","2":"type-product","3":"status-publish","4":"has-post-thumbnail","6":"product_cat-packaging","7":"product_tag-flowpack","8":"product_tag-flowwrapping","10":"first","11":"instock","12":"shipping-taxable","13":"product-type-simple"},"_links":{"self":[{"href":"https:\/\/cormac.eu\/sk\/wp-json\/wp\/v2\/product\/3911","targetHints":{"allow":["GET"]}}],"collection":[{"href":"https:\/\/cormac.eu\/sk\/wp-json\/wp\/v2\/product"}],"about":[{"href":"https:\/\/cormac.eu\/sk\/wp-json\/wp\/v2\/types\/product"}],"replies":[{"embeddable":true,"href":"https:\/\/cormac.eu\/sk\/wp-json\/wp\/v2\/comments?post=3911"}],"wp:featuredmedia":[{"embeddable":true,"href":"https:\/\/cormac.eu\/sk\/wp-json\/wp\/v2\/media\/3890"}],"wp:attachment":[{"href":"https:\/\/cormac.eu\/sk\/wp-json\/wp\/v2\/media?parent=3911"}],"wp:term":[{"taxonomy":"product_brand","embeddable":true,"href":"https:\/\/cormac.eu\/sk\/wp-json\/wp\/v2\/product_brand?post=3911"},{"taxonomy":"product_cat","embeddable":true,"href":"https:\/\/cormac.eu\/sk\/wp-json\/wp\/v2\/product_cat?post=3911"},{"taxonomy":"product_tag","embeddable":true,"href":"https:\/\/cormac.eu\/sk\/wp-json\/wp\/v2\/product_tag?post=3911"}],"curies":[{"name":"wp","href":"https:\/\/api.w.org\/{rel}","templated":true}]}}