{"id":3790,"date":"2023-03-05T18:01:43","date_gmt":"2023-03-05T17:01:43","guid":{"rendered":"https:\/\/cormac.eu\/?post_type=product&#038;p=3790"},"modified":"2023-03-05T18:01:43","modified_gmt":"2023-03-05T17:01:43","slug":"system-oznacovania-paliet-2","status":"publish","type":"product","link":"https:\/\/cormac.eu\/sk\/product\/pallet-labelling-system\/","title":{"rendered":"Syst\u00e9m ozna\u010dovania paliet"},"content":{"rendered":"<p>Plne integrovan\u00fd koniec linky mus\u00ed zaru\u010di\u0165 dokonal\u00fa vysledovate\u013enos\u0165 v\u00fdrobku. To si vy\u017eaduje integrovan\u00fd syst\u00e9m prepojen\u00fd so syst\u00e9mom riadenia z\u00e1kazn\u00edka a zah\u0155\u0148aj\u00faci paletiz\u00e1tor, baliaci stroj na stre\u010dov\u00e9 balenie a syst\u00e9m ozna\u010dovania paliet. N\u00e1\u0161 plne integrovan\u00fd syst\u00e9m ozna\u010dovania paliet je dokonale integrovan\u00fd od n\u00e1vrhu hardv\u00e9ru a\u017e po n\u00e1vrh softv\u00e9ru. Automatick\u00fd tla\u010dov\u00fd a n\u00e1vrhov\u00fd syst\u00e9m na ozna\u010dovanie paliet dok\u00e1\u017ee tla\u010di\u0165 a aplikova\u0165 etikety na dve strany palety a dod\u00e1va sa s v\u00e1kuovou doskou na uchytenie etikiet, \u010d\u00edta\u010dkou \u010diarov\u00fdch k\u00f3dov na kontrolu umiestnenia a \u010ditate\u013enosti etikiet a bezpe\u010dnostn\u00fdm modulom na zaru\u010denie bezpe\u010dnosti pou\u017e\u00edvate\u013ea.<\/p>\n<p>&nbsp;<\/p>\n<table width=\"491\">\n<tbody>\n<tr>\n<td width=\"491\"><strong>Funkcie \u00a0<\/strong><\/td>\n<\/tr>\n<tr>\n<td width=\"491\">Nalepte \u0161t\u00edtky na dve strany palety<\/td>\n<\/tr>\n<tr>\n<td width=\"491\">V\u00e1kuov\u00e1 doska na uchytenie \u0161t\u00edtkov<\/td>\n<\/tr>\n<tr>\n<td width=\"491\">\u010c\u00edta\u010dka \u010diarov\u00fdch k\u00f3dov<\/td>\n<\/tr>\n<tr>\n<td width=\"491\">Bezpe\u010dnostn\u00fd modul<\/td>\n<\/tr>\n<\/tbody>\n<\/table>\n<p>&nbsp;<\/p>","protected":false},"excerpt":{"rendered":"<p>Zariadenie na ozna\u010dovanie paliet, ktor\u00e9 sa m\u00e1 integrova\u0165 so syst\u00e9mom paletiz\u00e1cie<\/p>","protected":false},"featured_media":3789,"comment_status":"open","ping_status":"closed","template":"","meta":{"uix_meta_title":"","uix_meta_description":"","uix_canonical_url":""},"product_brand":[],"product_cat":[257],"product_tag":[],"class_list":{"0":"post-3790","1":"product","2":"type-product","3":"status-publish","4":"has-post-thumbnail","6":"product_cat-end-of-line-packaging","8":"first","9":"instock","10":"shipping-taxable","11":"product-type-simple"},"_links":{"self":[{"href":"https:\/\/cormac.eu\/sk\/wp-json\/wp\/v2\/product\/3790","targetHints":{"allow":["GET"]}}],"collection":[{"href":"https:\/\/cormac.eu\/sk\/wp-json\/wp\/v2\/product"}],"about":[{"href":"https:\/\/cormac.eu\/sk\/wp-json\/wp\/v2\/types\/product"}],"replies":[{"embeddable":true,"href":"https:\/\/cormac.eu\/sk\/wp-json\/wp\/v2\/comments?post=3790"}],"wp:featuredmedia":[{"embeddable":true,"href":"https:\/\/cormac.eu\/sk\/wp-json\/wp\/v2\/media\/3789"}],"wp:attachment":[{"href":"https:\/\/cormac.eu\/sk\/wp-json\/wp\/v2\/media?parent=3790"}],"wp:term":[{"taxonomy":"product_brand","embeddable":true,"href":"https:\/\/cormac.eu\/sk\/wp-json\/wp\/v2\/product_brand?post=3790"},{"taxonomy":"product_cat","embeddable":true,"href":"https:\/\/cormac.eu\/sk\/wp-json\/wp\/v2\/product_cat?post=3790"},{"taxonomy":"product_tag","embeddable":true,"href":"https:\/\/cormac.eu\/sk\/wp-json\/wp\/v2\/product_tag?post=3790"}],"curies":[{"name":"wp","href":"https:\/\/api.w.org\/{rel}","templated":true}]}}