{"id":3787,"date":"2023-03-05T17:17:39","date_gmt":"2023-03-05T16:17:39","guid":{"rendered":"https:\/\/cormac.eu\/?post_type=product&#038;p=3787"},"modified":"2023-03-05T17:19:53","modified_gmt":"2023-03-05T16:19:53","slug":"stretch-wrapping-machine","status":"publish","type":"product","link":"https:\/\/cormac.eu\/sk\/product\/stretch-wrapping-machine\/","title":{"rendered":"Stretch baliaci stroj"},"content":{"rendered":"<p>The range of automatic stretch wrapping machines delivers optimal stability, reliability and pallet load. The various models can be executed with a rotating platform, a rotating arm or a rotating ring. The stretch wrappping machines allow for stable and compact packing of\u00a0any type of palletized product\u00a0with stretch film and may be executed with special features\u00a0or with non-standard dimensions. These machines can be integrated in existing packaging line\u00a0or stand alone.<\/p>\n<table width=\"491\">\n<tbody>\n<tr>\n<td width=\"491\"><strong>Funkcie \u00a0<\/strong><strong>\u00a0\u00a0\u00a0<\/strong><strong>(depending on type of wrapper)<\/strong><\/td>\n<\/tr>\n<tr>\n<td width=\"491\">Powered pre-strech ratio up from 300% up to 400%<\/td>\n<\/tr>\n<tr>\n<td width=\"491\">Automatic hooking, cutting And film sealing unit<\/td>\n<\/tr>\n<tr>\n<td width=\"491\">Turn table rotation start and stop at low speed with frequency control<\/td>\n<\/tr>\n<tr>\n<td width=\"491\">Electric control panel with PLC and operative panel<\/td>\n<\/tr>\n<tr>\n<td width=\"491\">Film roll up&amp;down stroke speed adjustable by frequency driver<\/td>\n<\/tr>\n<tr>\n<td width=\"491\">Stretchable film tension adjustment<\/td>\n<\/tr>\n<tr>\n<td width=\"491\">Arm rotation start &amp; stop at low speed controlled by frequency driver<\/td>\n<\/tr>\n<tr>\n<td width=\"491\">Photocell for automatic pellet height detection<\/td>\n<\/tr>\n<tr>\n<td width=\"491\">Visual display for fault signalling and cycle times setting<\/td>\n<\/tr>\n<tr>\n<td width=\"491\">Pantograph type top pneumatic presser\u00a0 (ring model)<\/td>\n<\/tr>\n<tr>\n<td width=\"491\">Integrated water proof top sheet dispenser (ring model)<\/td>\n<\/tr>\n<\/tbody>\n<\/table>\n<p>&nbsp;<\/p>\n<table style=\"height: 227px\" width=\"502\">\n<tbody>\n<tr>\n<td width=\"171\">Stretch wrapping system<\/td>\n<td style=\"text-align: center\" colspan=\"2\" width=\"153\">production speeds<\/td>\n<\/tr>\n<tr>\n<td style=\"text-align: center\"><\/td>\n<td style=\"text-align: center\" colspan=\"2\">RPM<\/td>\n<\/tr>\n<tr>\n<td><\/td>\n<td style=\"text-align: center\">standard<\/td>\n<td style=\"text-align: center\">\u0160peci\u00e1lne<\/td>\n<\/tr>\n<tr>\n<td>Rotating platform<\/td>\n<td style=\"text-align: center\">16<\/td>\n<td style=\"text-align: center\">18<\/td>\n<\/tr>\n<tr>\n<td>Rotary arm<\/td>\n<td style=\"text-align: center\">20<\/td>\n<td style=\"text-align: center\">30<\/td>\n<\/tr>\n<tr>\n<td>Rotary ring<\/td>\n<td style=\"text-align: center\">40<\/td>\n<td style=\"text-align: center\">55<\/td>\n<\/tr>\n<\/tbody>\n<\/table>","protected":false},"excerpt":{"rendered":"<p>Stroje na balenie do pr\u00fa\u017ekov s rotuj\u00facou plo\u0161inou, ramenom alebo kr\u00fa\u017ekom.<\/p>","protected":false},"featured_media":3786,"comment_status":"open","ping_status":"closed","template":"","meta":{"uix_meta_title":"","uix_meta_description":"","uix_canonical_url":""},"product_brand":[],"product_cat":[257],"product_tag":[],"class_list":{"0":"post-3787","1":"product","2":"type-product","3":"status-publish","4":"has-post-thumbnail","6":"product_cat-end-of-line-packaging","8":"first","9":"instock","10":"shipping-taxable","11":"product-type-simple"},"_links":{"self":[{"href":"https:\/\/cormac.eu\/sk\/wp-json\/wp\/v2\/product\/3787","targetHints":{"allow":["GET"]}}],"collection":[{"href":"https:\/\/cormac.eu\/sk\/wp-json\/wp\/v2\/product"}],"about":[{"href":"https:\/\/cormac.eu\/sk\/wp-json\/wp\/v2\/types\/product"}],"replies":[{"embeddable":true,"href":"https:\/\/cormac.eu\/sk\/wp-json\/wp\/v2\/comments?post=3787"}],"wp:featuredmedia":[{"embeddable":true,"href":"https:\/\/cormac.eu\/sk\/wp-json\/wp\/v2\/media\/3786"}],"wp:attachment":[{"href":"https:\/\/cormac.eu\/sk\/wp-json\/wp\/v2\/media?parent=3787"}],"wp:term":[{"taxonomy":"product_brand","embeddable":true,"href":"https:\/\/cormac.eu\/sk\/wp-json\/wp\/v2\/product_brand?post=3787"},{"taxonomy":"product_cat","embeddable":true,"href":"https:\/\/cormac.eu\/sk\/wp-json\/wp\/v2\/product_cat?post=3787"},{"taxonomy":"product_tag","embeddable":true,"href":"https:\/\/cormac.eu\/sk\/wp-json\/wp\/v2\/product_tag?post=3787"}],"curies":[{"name":"wp","href":"https:\/\/api.w.org\/{rel}","templated":true}]}}