{"id":3783,"date":"2023-03-05T16:29:34","date_gmt":"2023-03-05T15:29:34","guid":{"rendered":"https:\/\/cormac.eu\/?post_type=product&#038;p=3783"},"modified":"2023-03-05T16:33:43","modified_gmt":"2023-03-05T15:33:43","slug":"paletizacny-system-pre-debny-a-zvazky-2","status":"publish","type":"product","link":"https:\/\/cormac.eu\/sk\/product\/palletizing-system-for-cases-and-bundles\/","title":{"rendered":"Paletovac\u00ed syst\u00e9m pre debny a zv\u00e4zky"},"content":{"rendered":"<p>Sortiment paletiz\u00e1torov zah\u0155\u0148a automatick\u00e9 vysoko\u00farov\u0148ov\u00e9 a n\u00edzko\u00farov\u0148ov\u00e9 paletiz\u00e1tory pre pevn\u00e9 alebo mobiln\u00e9 palety. Tieto syst\u00e9my s\u00fa plne prisp\u00f4soben\u00e9 po\u017eiadavk\u00e1m z\u00e1kazn\u00edka. M\u00f4\u017eu by\u0165 navrhnut\u00e9 s ve\u013ekou alebo malou plochou v z\u00e1vislosti od dostupn\u00e9ho priestoru.<br \/>\nM\u00f4\u017eu by\u0165 vybaven\u00e9 jednoduch\u00fdm, dvojit\u00fdm alebo trojit\u00fdm pr\u00edvodom a zariadeniami na tvarovanie vrstiev s jednoduch\u00fdm alebo dvojit\u00fdm tla\u010diarom, blokmi alebo s robotmi. V\u00e4\u010d\u0161inu syst\u00e9mov mo\u017eno naprogramova\u0165 tak, aby sa automaticky prisp\u00f4sobili r\u00f4znym ve\u013ekostiam v\u00fdrobkov.<\/p>\n<p>&nbsp;<\/p>\n<table width=\"528\">\n<tbody>\n<tr>\n<td width=\"528\"><strong>Funkcie<\/strong><\/td>\n<\/tr>\n<tr>\n<td>Syst\u00e9my pre mobiln\u00e9 alebo pevn\u00e9 palety<\/td>\n<\/tr>\n<tr>\n<td>90\u00b0 syst\u00e9m prenosu vrstiev<\/td>\n<\/tr>\n<tr>\n<td>Vysoko\u00farov\u0148ov\u00e9 alebo n\u00edzko\u00farov\u0148ov\u00e9 pod\u00e1vacie dopravn\u00edky<\/td>\n<\/tr>\n<tr>\n<td>Automatick\u00e1 regul\u00e1cia ve\u013ekosti v\u00fdrobku<\/td>\n<\/tr>\n<tr>\n<td>Prisp\u00f4soben\u00e9 po\u017eiadavk\u00e1m z\u00e1kazn\u00edka<\/td>\n<\/tr>\n<\/tbody>\n<\/table>\n<p>&nbsp;<\/p>\n<p><strong>Kapacity pre r\u00f4zne syst\u00e9my<\/strong><\/p>\n<table style=\"height: 707px\" width=\"616\">\n<tbody>\n<tr>\n<td width=\"172\"><strong>Paletovac\u00ed syst\u00e9m<\/strong><\/td>\n<td width=\"57\">\n<p style=\"text-align: center\"><strong>Paleta<\/strong><\/p>\n<\/td>\n<td colspan=\"2\" width=\"131\">\n<p style=\"text-align: center\"><strong>R\u00fdchlos\u0165 v\u00fdroby<\/strong><\/p>\n<\/td>\n<\/tr>\n<tr>\n<td width=\"172\"><\/td>\n<td width=\"57\"><\/td>\n<td width=\"67\">\n<p style=\"text-align: center\"><strong>CMP<\/strong><\/p>\n<\/td>\n<td width=\"64\">\n<p style=\"text-align: center\"><strong>SPM<\/strong><\/p>\n<\/td>\n<\/tr>\n<tr>\n<td width=\"172\">Kompaktn\u00e1 n\u00edzka \u00farove\u0148<\/td>\n<td width=\"57\">\n<p style=\"text-align: center\">\n<\/td>\n<td style=\"text-align: center\" width=\"67\">25<\/td>\n<td width=\"64\">\n<p style=\"text-align: center\">2,5<\/p>\n<\/td>\n<\/tr>\n<tr>\n<td width=\"172\">Kompaktn\u00fd robotick\u00fd ostrov<\/td>\n<td width=\"57\">\n<p style=\"text-align: center\">\n<\/td>\n<td style=\"text-align: center\" width=\"67\">25<\/td>\n<td width=\"64\">\n<p style=\"text-align: center\">2,5<\/p>\n<\/td>\n<\/tr>\n<tr>\n<td width=\"172\">Robotick\u00fd ostrov<\/td>\n<td width=\"57\">\n<p style=\"text-align: center\">\n<\/td>\n<td style=\"text-align: center\" width=\"67\">25<\/td>\n<td width=\"64\">\n<p style=\"text-align: center\">2,5<\/p>\n<\/td>\n<\/tr>\n<tr>\n<td width=\"172\">Kompaktn\u00fd na vysokej \u00farovni<\/td>\n<td width=\"57\">\n<p style=\"text-align: center\">\n<\/td>\n<td style=\"text-align: center\" width=\"67\">40<\/td>\n<td width=\"64\">\n<p style=\"text-align: center\">4<\/p>\n<\/td>\n<\/tr>\n<tr>\n<td width=\"172\">Vysok\u00e1 \u00farove\u0148 viacer\u00fdch zna\u010diek<\/td>\n<td width=\"57\">\n<p style=\"text-align: center\">pevn\u00e9<\/p>\n<\/td>\n<td style=\"text-align: center\" width=\"67\">40<\/td>\n<td width=\"64\">\n<p style=\"text-align: center\">4,5<\/p>\n<\/td>\n<\/tr>\n<tr>\n<td width=\"172\">Robotick\u00fd syst\u00e9m<\/td>\n<td width=\"57\">\n<p style=\"text-align: center\">\n<\/td>\n<td style=\"text-align: center\" width=\"67\">60<\/td>\n<td width=\"64\">\n<p style=\"text-align: center\">4,5<\/p>\n<\/td>\n<\/tr>\n<tr>\n<td width=\"172\">Pr\u00edvod na vysokej \u00farovni<\/td>\n<td width=\"57\">\n<p style=\"text-align: center\">pevn\u00e9<\/p>\n<\/td>\n<td style=\"text-align: center\" width=\"67\">60<\/td>\n<td style=\"text-align: center\" width=\"64\">4,5<\/td>\n<\/tr>\n<tr>\n<td width=\"172\">Vysok\u00e1 \u00farove\u0148 pr\u00edvodu<\/td>\n<td width=\"57\">\n<p style=\"text-align: center\">mobiln\u00fd<\/p>\n<\/td>\n<td style=\"text-align: center\" width=\"67\">120<\/td>\n<td width=\"64\">\n<p style=\"text-align: center\">8<\/p>\n<\/td>\n<\/tr>\n<tr>\n<td width=\"172\">Vysok\u00e1 \u00farove\u0148 pr\u00edvodu<\/td>\n<td width=\"57\">\n<p style=\"text-align: center\">\n<\/td>\n<td style=\"text-align: center\" width=\"67\">140<\/td>\n<td width=\"64\">\n<p style=\"text-align: center\">11<\/p>\n<\/td>\n<\/tr>\n<\/tbody>\n<\/table>","protected":false},"excerpt":{"rendered":"<p>Automatick\u00fd paletiza\u010dn\u00fd syst\u00e9m na mieru pre debny a zv\u00e4zky s n\u00edzkou, strednou a vysokou kapacitou.<\/p>","protected":false},"featured_media":3785,"comment_status":"open","ping_status":"closed","template":"","meta":{"uix_meta_title":"","uix_meta_description":"","uix_canonical_url":""},"product_brand":[],"product_cat":[257],"product_tag":[],"class_list":{"0":"post-3783","1":"product","2":"type-product","3":"status-publish","4":"has-post-thumbnail","6":"product_cat-end-of-line-packaging","8":"first","9":"instock","10":"shipping-taxable","11":"product-type-simple"},"_links":{"self":[{"href":"https:\/\/cormac.eu\/sk\/wp-json\/wp\/v2\/product\/3783","targetHints":{"allow":["GET"]}}],"collection":[{"href":"https:\/\/cormac.eu\/sk\/wp-json\/wp\/v2\/product"}],"about":[{"href":"https:\/\/cormac.eu\/sk\/wp-json\/wp\/v2\/types\/product"}],"replies":[{"embeddable":true,"href":"https:\/\/cormac.eu\/sk\/wp-json\/wp\/v2\/comments?post=3783"}],"wp:featuredmedia":[{"embeddable":true,"href":"https:\/\/cormac.eu\/sk\/wp-json\/wp\/v2\/media\/3785"}],"wp:attachment":[{"href":"https:\/\/cormac.eu\/sk\/wp-json\/wp\/v2\/media?parent=3783"}],"wp:term":[{"taxonomy":"product_brand","embeddable":true,"href":"https:\/\/cormac.eu\/sk\/wp-json\/wp\/v2\/product_brand?post=3783"},{"taxonomy":"product_cat","embeddable":true,"href":"https:\/\/cormac.eu\/sk\/wp-json\/wp\/v2\/product_cat?post=3783"},{"taxonomy":"product_tag","embeddable":true,"href":"https:\/\/cormac.eu\/sk\/wp-json\/wp\/v2\/product_tag?post=3783"}],"curies":[{"name":"wp","href":"https:\/\/api.w.org\/{rel}","templated":true}]}}