{"id":3775,"date":"2023-03-03T17:50:36","date_gmt":"2023-03-03T16:50:36","guid":{"rendered":"https:\/\/cormac.eu\/?post_type=product&#038;p=3775"},"modified":"2023-03-03T18:08:03","modified_gmt":"2023-03-03T17:08:03","slug":"profesionalna-prazicka-kavy-v-obchode-2","status":"publish","type":"product","link":"https:\/\/cormac.eu\/sk\/product\/shop-coffee-roaster-professional\/","title":{"rendered":"Zariadenie na pra\u017eenie k\u00e1vy v kaviarni (profesion\u00e1lne)"},"content":{"rendered":"<p>Pra\u017eiarne k\u00e1vy s technol\u00f3giou na vizualiz\u00e1ciu tepelnej krivky produktu po\u010das procesu pra\u017eenia. Ide\u00e1lne krivky pra\u017eenia pre ka\u017ed\u00fd v\u00fdrobok mo\u017eno navrhn\u00fa\u0165 pomocou potenciometra alebo zaveden\u00edm \u00fadajov. Okrem toho automatick\u00e1 a inteligentn\u00e1 regul\u00e1cia teploty umo\u017e\u0148uje ulo\u017ei\u0165 ide\u00e1lnu krivku pra\u017eenia pre ur\u010dit\u00fd v\u00fdrobok, aby sa dala \u013eahko a presne reprodukova\u0165, a to aj v pr\u00edpade, \u017ee by sa vyskytli rozdiely, ako napr\u00edklad vlo\u017eenie in\u00e9ho mno\u017estva v\u00fdrobku, vy\u0161\u0161ia alebo ni\u017e\u0161ia teplota okolia, rozdiel vo vlhkosti alebo teplote zelen\u00e9ho v\u00fdrobku at\u010f. Pra\u017ei\u010dky k\u00e1vy s\u00fa vybaven\u00e9 dotykov\u00fdm displejom, modulovan\u00fdmi hor\u00e1kmi a modulom WI-FI na dia\u013ekov\u00e9 monitorovanie a ovl\u00e1danie z mobiln\u00e9ho telef\u00f3nu, tabletu alebo po\u010d\u00edta\u010da. Tento sign\u00e1l sa m\u00f4\u017ee premietnu\u0165 z\u00e1kazn\u00edkom na dia\u013eku, aby mohli v priamom prenose sledova\u0165 krivku pra\u017eenia svojho v\u00fdrobku a potvrdi\u0165, \u017ee ich v\u00fdrobok sa pra\u017e\u00ed optim\u00e1lne.<\/p>\n<table width=\"586\">\n<tbody>\n<tr>\n<td colspan=\"2\" width=\"586\"><strong>Funkcie<\/strong><\/td>\n<\/tr>\n<tr>\n<td width=\"292\">PLC a dotykov\u00fd displej Schneider<\/td>\n<td width=\"293\">Ulo\u017eenie \u0161upky<\/td>\n<\/tr>\n<tr>\n<td width=\"292\">Nakladac\u00ed z\u00e1sobn\u00edk<\/td>\n<td width=\"293\">\u010cistenie chladi\u010da dver\u00ed<\/td>\n<\/tr>\n<tr>\n<td width=\"292\">Inteligentn\u00e9 ovl\u00e1danie pe\u010denia<\/td>\n<td width=\"293\">\u00a0Nez\u00e1visl\u00e1 karafa<\/td>\n<\/tr>\n<tr>\n<td width=\"292\">Ods\u00e1vac\u00ed chladi\u010d<\/td>\n<td width=\"293\">Hor\u00e1k<\/td>\n<\/tr>\n<tr>\n<td width=\"292\">Odber vzoriek<\/td>\n<td width=\"293\"><\/td>\n<\/tr>\n<\/tbody>\n<\/table>\n<p>&nbsp;<\/p>\n<table width=\"586\">\n<tbody>\n<tr>\n<td width=\"292\"><strong>Technick\u00e9 \u00fadaje<\/strong><\/td>\n<td width=\"293\"><\/td>\n<\/tr>\n<tr>\n<td width=\"292\">Kapacita<\/td>\n<td width=\"293\">6-8 kg\/h<\/td>\n<\/tr>\n<tr>\n<td width=\"292\">Rozmery<\/td>\n<td width=\"293\">D 99 x \u0160 80 x V 94 cm<\/td>\n<\/tr>\n<tr>\n<td width=\"292\">Energia<\/td>\n<td width=\"293\">* Zemn\u00fd plyn: 0,2 a\u017e 0,4 m3\/h<br \/>\n* But\u00e1n: 0,1 a\u017e 0,3 kg\/h<\/td>\n<\/tr>\n<tr>\n<td width=\"292\">Maxim\u00e1lny tepeln\u00fd v\u00fdkon<\/td>\n<td width=\"293\">\u00a05 000 Kcal\/h<\/td>\n<\/tr>\n<tr>\n<td width=\"292\">Nap\u00e4tie<\/td>\n<td width=\"293\">\u00a0220 V 50\/60 Hz<\/td>\n<\/tr>\n<tr>\n<td width=\"292\">Nap\u00e1janie<\/td>\n<td width=\"293\">0,5 kW<\/td>\n<\/tr>\n<tr>\n<td width=\"292\">Hmotnos\u0165<\/td>\n<td width=\"293\">85 kg<\/td>\n<\/tr>\n<\/tbody>\n<\/table>","protected":false},"excerpt":{"rendered":"<p>Profesion\u00e1lna pra\u017ei\u010dka k\u00e1vy pre obchody a mal\u00e9 prev\u00e1dzky<\/p>","protected":false},"featured_media":3774,"comment_status":"open","ping_status":"closed","template":"","meta":{"uix_meta_title":"","uix_meta_description":"","uix_canonical_url":""},"product_brand":[],"product_cat":[107,104],"product_tag":[],"class_list":{"0":"post-3775","1":"product","2":"type-product","3":"status-publish","4":"has-post-thumbnail","6":"product_cat-artisanal","7":"product_cat-processing","9":"first","10":"instock","11":"shipping-taxable","12":"product-type-simple"},"_links":{"self":[{"href":"https:\/\/cormac.eu\/sk\/wp-json\/wp\/v2\/product\/3775","targetHints":{"allow":["GET"]}}],"collection":[{"href":"https:\/\/cormac.eu\/sk\/wp-json\/wp\/v2\/product"}],"about":[{"href":"https:\/\/cormac.eu\/sk\/wp-json\/wp\/v2\/types\/product"}],"replies":[{"embeddable":true,"href":"https:\/\/cormac.eu\/sk\/wp-json\/wp\/v2\/comments?post=3775"}],"wp:featuredmedia":[{"embeddable":true,"href":"https:\/\/cormac.eu\/sk\/wp-json\/wp\/v2\/media\/3774"}],"wp:attachment":[{"href":"https:\/\/cormac.eu\/sk\/wp-json\/wp\/v2\/media?parent=3775"}],"wp:term":[{"taxonomy":"product_brand","embeddable":true,"href":"https:\/\/cormac.eu\/sk\/wp-json\/wp\/v2\/product_brand?post=3775"},{"taxonomy":"product_cat","embeddable":true,"href":"https:\/\/cormac.eu\/sk\/wp-json\/wp\/v2\/product_cat?post=3775"},{"taxonomy":"product_tag","embeddable":true,"href":"https:\/\/cormac.eu\/sk\/wp-json\/wp\/v2\/product_tag?post=3775"}],"curies":[{"name":"wp","href":"https:\/\/api.w.org\/{rel}","templated":true}]}}