{"id":3773,"date":"2023-03-03T17:22:34","date_gmt":"2023-03-03T16:22:34","guid":{"rendered":"https:\/\/cormac.eu\/?post_type=product&#038;p=3773"},"modified":"2023-03-03T17:25:32","modified_gmt":"2023-03-03T16:25:32","slug":"praziaci-stroj-pre-kaviarne-stredny","status":"publish","type":"product","link":"https:\/\/cormac.eu\/sk\/product\/coffee-shop-roasting-machine-medium\/","title":{"rendered":"Zariadenie na pra\u017eenie k\u00e1vy v kaviarni (stredn\u00e9)"},"content":{"rendered":"<p>Tento pra\u017ei\u010d je vhodn\u00fd pre maloobchodn\u00e9 predajne k\u00e1vy alebo remeseln\u00e9 v\u00fdrobne. Dok\u00e1\u017ee pra\u017ei\u0165 nielen zelen\u00e9 k\u00e1vov\u00e9 zrn\u00e1, ale aj in\u00e9 produkty, ako s\u00fa obilniny a orechy.Stroj m\u00e1 elegantn\u00fd vzh\u013ead, ktor\u00fd bude skuto\u010dne hodnotn\u00fdm doplnkom maloobchodnej predajne. \u013dahko sa ovl\u00e1da a nevy\u017eaduje si ve\u013ek\u00fa \u00fadr\u017ebu. Kvalita pra\u017eenia bude vynikaj\u00faca a \u00fa\u010dinok pra\u017eenia bude konzistentn\u00fd so stabiln\u00fdm bodom pra\u017eenia.<\/p>\n<table width=\"586\">\n<tbody>\n<tr>\n<td colspan=\"2\" width=\"586\"><strong>Funkcie<\/strong><\/td>\n<\/tr>\n<tr>\n<td width=\"292\">Chladni\u010dka s ods\u00e1van\u00edm<\/td>\n<td width=\"293\">N\u00e1doba na vzorky<\/td>\n<\/tr>\n<tr>\n<td width=\"292\">Leskl\u00e1 \u010dierna farba so zlat\u00fdmi akcentmi<\/td>\n<td width=\"293\">Elegantn\u00fd vzh\u013ead<\/td>\n<\/tr>\n<tr>\n<td width=\"292\">N\u00edzka \u00fadr\u017eba<\/td>\n<td width=\"293\">Jednoduch\u00e1 in\u0161tal\u00e1cia<\/td>\n<\/tr>\n<tr>\n<td width=\"292\">Nalo\u017eenie z\u00e1sobn\u00edka<\/td>\n<td width=\"293\">Digit\u00e1lny termostat<\/td>\n<\/tr>\n<tr>\n<td width=\"292\">Z\u00e1suvka na plevy<\/td>\n<td width=\"293\">N\u00e1doba na vzorky<\/td>\n<\/tr>\n<\/tbody>\n<\/table>\n<p>&nbsp;<\/p>\n<table width=\"586\">\n<tbody>\n<tr>\n<td width=\"292\"><strong>Technick\u00e9 \u00fadaje<\/strong><\/td>\n<td width=\"293\">&nbsp;<\/td>\n<\/tr>\n<tr>\n<td width=\"292\">Kapacita<\/td>\n<td width=\"293\">6-8 kg\/h<\/td>\n<\/tr>\n<tr>\n<td width=\"292\">Rozmery<\/td>\n<td width=\"293\">96 x 46 x 82 cm<\/td>\n<\/tr>\n<tr>\n<td width=\"292\">Hmotnos\u0165<\/td>\n<td width=\"293\">79 kg<\/td>\n<\/tr>\n<tr>\n<td width=\"292\">Nap\u00e4tie<\/td>\n<td width=\"293\">220 V 50 Hz<\/td>\n<\/tr>\n<tr>\n<td width=\"292\">nap\u00e1janie<\/td>\n<td width=\"293\">2,84 kW ; spotreba 12,9 A<\/td>\n<\/tr>\n<\/tbody>\n<\/table>","protected":false},"excerpt":{"rendered":"<p>Pra\u017ei\u010dka pre kaviarne, vhodn\u00e1 ako vzorka pra\u017ei\u010dky alebo na pou\u017eitie v \u0161pecializovan\u00fdch predajniach, ktor\u00e9 chc\u00fa pra\u017ei\u0165 k\u00e1vu priamo pred z\u00e1kazn\u00edkom.<\/p>\n<p>&nbsp;<\/p>","protected":false},"featured_media":3771,"comment_status":"open","ping_status":"closed","template":"","meta":{"uix_meta_title":"","uix_meta_description":"","uix_canonical_url":""},"product_brand":[],"product_cat":[107],"product_tag":[],"class_list":{"0":"post-3773","1":"product","2":"type-product","3":"status-publish","4":"has-post-thumbnail","6":"product_cat-artisanal","8":"first","9":"instock","10":"shipping-taxable","11":"product-type-simple"},"_links":{"self":[{"href":"https:\/\/cormac.eu\/sk\/wp-json\/wp\/v2\/product\/3773","targetHints":{"allow":["GET"]}}],"collection":[{"href":"https:\/\/cormac.eu\/sk\/wp-json\/wp\/v2\/product"}],"about":[{"href":"https:\/\/cormac.eu\/sk\/wp-json\/wp\/v2\/types\/product"}],"replies":[{"embeddable":true,"href":"https:\/\/cormac.eu\/sk\/wp-json\/wp\/v2\/comments?post=3773"}],"wp:featuredmedia":[{"embeddable":true,"href":"https:\/\/cormac.eu\/sk\/wp-json\/wp\/v2\/media\/3771"}],"wp:attachment":[{"href":"https:\/\/cormac.eu\/sk\/wp-json\/wp\/v2\/media?parent=3773"}],"wp:term":[{"taxonomy":"product_brand","embeddable":true,"href":"https:\/\/cormac.eu\/sk\/wp-json\/wp\/v2\/product_brand?post=3773"},{"taxonomy":"product_cat","embeddable":true,"href":"https:\/\/cormac.eu\/sk\/wp-json\/wp\/v2\/product_cat?post=3773"},{"taxonomy":"product_tag","embeddable":true,"href":"https:\/\/cormac.eu\/sk\/wp-json\/wp\/v2\/product_tag?post=3773"}],"curies":[{"name":"wp","href":"https:\/\/api.w.org\/{rel}","templated":true}]}}