{"id":3769,"date":"2023-03-03T16:49:01","date_gmt":"2023-03-03T15:49:01","guid":{"rendered":"https:\/\/cormac.eu\/?post_type=product&#038;p=3769"},"modified":"2023-03-03T16:59:06","modified_gmt":"2023-03-03T15:59:06","slug":"industrial-coffee-grinder-2","status":"publish","type":"product","link":"https:\/\/cormac.eu\/sk\/product\/industrial-coffee-grinder-2\/","title":{"rendered":"Industrial coffee grinder (medium)"},"content":{"rendered":"<p>Industrial coffee grinder, specially designed for medium to large scale of production. The special design of the grinding discs assures a complete and uniform ground. The machine is easily regulated by turning the top circular part , thus varying the degree of grinding. In the grinding chamber&#8217;s interior, the ejectors accomplish the mixture, as well as the crushing of the chaffs that could be ground. The grinding chamber is ventilated by air, preventing the coffee to overheat so that optimal quality and aroma can be achieved. The cofffee temperature is controlled by means of a probe. This machine can easily grind cofffee from very fine to thick and can work continuously for many hours in a row. The machine is air-cooled and has a ventilation system to prevent coffee from heating up.<\/p>\n<p>&nbsp;<\/p>\n<table width=\"586\">\n<tbody>\n<tr>\n<td colspan=\"2\" width=\"586\"><strong>Funkcie<\/strong><\/td>\n<\/tr>\n<tr>\n<td width=\"283\">Z\u00e1sobn\u00edk na nakladanie<\/td>\n<td width=\"303\">\u010cistota dver\u00ed<\/td>\n<\/tr>\n<tr>\n<td width=\"283\">Neodymov\u00fd magnet<\/td>\n<td width=\"303\">Motor a poh\u00e1\u0148an\u00e9 remenice<\/td>\n<\/tr>\n<tr>\n<td width=\"283\">Manu\u00e1lny register<\/td>\n<td width=\"303\">Tepeln\u00e1 ochrana<\/td>\n<\/tr>\n<tr>\n<td width=\"283\">Ventila\u010dn\u00fd okruh<\/td>\n<td width=\"303\">Rozv\u00e1dza\u010d<\/td>\n<\/tr>\n<tr>\n<td width=\"283\">Kot\u00fa\u010de so \u0161peci\u00e1lnou tvrdos\u0165ou Halb Platte<\/td>\n<td width=\"303\">Teplomer<\/td>\n<\/tr>\n<tr>\n<td width=\"283\">Monoblokov\u00fd podvozok<\/td>\n<td width=\"303\">Teplotn\u00e1 sonda<\/td>\n<\/tr>\n<\/tbody>\n<\/table>\n<p>&nbsp;<\/p>\n<table width=\"586\">\n<tbody>\n<tr>\n<td><strong>Technick\u00e9 \u00fadaje<\/strong><\/td>\n<td><\/td>\n<\/tr>\n<tr>\n<td>Kapacita<\/td>\n<td>300 &#8211; 600 Kg\/hr<\/td>\n<\/tr>\n<tr>\n<td>Nap\u00e1janie<\/td>\n<td>12 HP<\/td>\n<\/tr>\n<tr>\n<td>Nap\u00e4tie<\/td>\n<td>Trojf\u00e1zov\u00e9 nap\u00e4tie 230\/400 V 50 Hz<\/td>\n<\/tr>\n<\/tbody>\n<\/table>","protected":false},"excerpt":{"rendered":"<p>Coffee Disc grinder\u00a0 for\u00a0 medium and large production with easy settings to grind\u00a0 coffeee from very fine to coarse.<\/p>","protected":false},"featured_media":3767,"comment_status":"open","ping_status":"closed","template":"","meta":{"uix_meta_title":"","uix_meta_description":"","uix_canonical_url":""},"product_brand":[],"product_cat":[104],"product_tag":[],"class_list":{"0":"post-3769","1":"product","2":"type-product","3":"status-publish","4":"has-post-thumbnail","6":"product_cat-processing","8":"first","9":"instock","10":"shipping-taxable","11":"product-type-simple"},"_links":{"self":[{"href":"https:\/\/cormac.eu\/sk\/wp-json\/wp\/v2\/product\/3769","targetHints":{"allow":["GET"]}}],"collection":[{"href":"https:\/\/cormac.eu\/sk\/wp-json\/wp\/v2\/product"}],"about":[{"href":"https:\/\/cormac.eu\/sk\/wp-json\/wp\/v2\/types\/product"}],"replies":[{"embeddable":true,"href":"https:\/\/cormac.eu\/sk\/wp-json\/wp\/v2\/comments?post=3769"}],"wp:featuredmedia":[{"embeddable":true,"href":"https:\/\/cormac.eu\/sk\/wp-json\/wp\/v2\/media\/3767"}],"wp:attachment":[{"href":"https:\/\/cormac.eu\/sk\/wp-json\/wp\/v2\/media?parent=3769"}],"wp:term":[{"taxonomy":"product_brand","embeddable":true,"href":"https:\/\/cormac.eu\/sk\/wp-json\/wp\/v2\/product_brand?post=3769"},{"taxonomy":"product_cat","embeddable":true,"href":"https:\/\/cormac.eu\/sk\/wp-json\/wp\/v2\/product_cat?post=3769"},{"taxonomy":"product_tag","embeddable":true,"href":"https:\/\/cormac.eu\/sk\/wp-json\/wp\/v2\/product_tag?post=3769"}],"curies":[{"name":"wp","href":"https:\/\/api.w.org\/{rel}","templated":true}]}}