{"id":3765,"date":"2023-03-03T16:29:40","date_gmt":"2023-03-03T15:29:40","guid":{"rendered":"https:\/\/cormac.eu\/?post_type=product&#038;p=3765"},"modified":"2023-03-03T16:58:38","modified_gmt":"2023-03-03T15:58:38","slug":"priemyselny-mlyncek-na-kavu-2","status":"publish","type":"product","link":"https:\/\/cormac.eu\/sk\/product\/industrial-coffee-grinder\/","title":{"rendered":"Priemyseln\u00fd mlyn\u010dek na k\u00e1vu (mal\u00fd)"},"content":{"rendered":"<p>Priemyseln\u00fd mlyn\u010dek na k\u00e1vu, \u0161peci\u00e1lne navrhnut\u00fd pre stredne ve\u013ek\u00fa v\u00fdrobu. \u0160peci\u00e1lna kon\u0161trukcia mlec\u00edch diskov zabezpe\u010duje kompletn\u00e9 a rovnomern\u00e9 mletie.  Stroj sa \u013eahko reguluje ot\u00e1\u010dan\u00edm hornej kruhovej \u010dasti , \u010d\u00edm sa men\u00ed stupe\u0148 mletia. Vo vn\u00fatornej \u010dasti mlecej komory sa pomocou vyhadzova\u010dov dosahuje zmie\u0161avanie, ako aj drvenie plev, ktor\u00e9 by sa mohli pomlie\u0165. Mlynsk\u00e1 komora je vetran\u00e1 vzduchom, \u010do zabra\u0148uje prehriatiu k\u00e1vy, aby sa dosiahla optim\u00e1lna kvalita a ar\u00f3ma. Teplota k\u00e1vy sa kontroluje pomocou sondy. Tento pr\u00edstroj dok\u00e1\u017ee \u013eahko namlie\u0165 k\u00e1vu od ve\u013emi jemnej a\u017e po hust\u00fa.<\/p>\n<p>&nbsp;<\/p>\n<table width=\"586\">\n<tbody>\n<tr>\n<td colspan=\"2\" width=\"586\"><strong>Funkcie<\/strong><\/td>\n<\/tr>\n<tr>\n<td width=\"283\">Z\u00e1sobn\u00edk na nakladanie<\/td>\n<td width=\"303\">\u010cistota dver\u00ed<\/td>\n<\/tr>\n<tr>\n<td width=\"283\">Neodymov\u00fd magnet<\/td>\n<td width=\"303\">Motor a poh\u00e1\u0148an\u00e9 remenice<\/td>\n<\/tr>\n<tr>\n<td width=\"283\">Manu\u00e1lny register<\/td>\n<td width=\"303\">Tepeln\u00e1 ochrana<\/td>\n<\/tr>\n<tr>\n<td width=\"283\">Ventila\u010dn\u00fd okruh<\/td>\n<td width=\"303\">Rozv\u00e1dza\u010d<\/td>\n<\/tr>\n<tr>\n<td width=\"283\">Kot\u00fa\u010de so \u0161peci\u00e1lnou tvrdos\u0165ou Halb Platte<\/td>\n<td width=\"303\">Teplomer<\/td>\n<\/tr>\n<tr>\n<td width=\"283\">Monoblokov\u00fd podvozok<\/td>\n<td width=\"303\">Teplotn\u00e1 sonda<\/td>\n<\/tr>\n<\/tbody>\n<\/table>\n<p>&nbsp;<\/p>\n<table width=\"586\">\n<tbody>\n<tr>\n<td><strong>Technick\u00e9 \u00fadaje<\/strong><\/td>\n<td><\/td>\n<\/tr>\n<tr>\n<td>Kapacita<\/td>\n<td>150-300 kg\/h<\/td>\n<\/tr>\n<tr>\n<td>Nap\u00e1janie<\/td>\n<td>7,5 HP<\/td>\n<\/tr>\n<tr>\n<td>Nap\u00e4tie<\/td>\n<td>Trojf\u00e1zov\u00e9 nap\u00e4tie 230\/400 V 50 Hz<\/td>\n<\/tr>\n<\/tbody>\n<\/table>","protected":false},"excerpt":{"rendered":"<p>Diskov\u00fd mlyn\u010dek na k\u00e1vu pre mal\u00e9 a stredn\u00e9 podniky s jednoduch\u00fdm nastaven\u00edm mletia k\u00e1vy od ve\u013emi jemn\u00e9ho a\u017e po hrub\u00e9. Tento mlyn\u010dek m\u00f4\u017ee pracova\u0165 nepretr\u017eite mnoho hod\u00edn v rade. Pr\u00edstroj je chladen\u00fd vzduchom a m\u00e1 ventila\u010dn\u00fd syst\u00e9m, ktor\u00fd zabra\u0148uje zahrievaniu k\u00e1vy.<\/p>","protected":false},"featured_media":3766,"comment_status":"open","ping_status":"closed","template":"","meta":{"uix_meta_title":"","uix_meta_description":"","uix_canonical_url":""},"product_brand":[],"product_cat":[104],"product_tag":[],"class_list":{"0":"post-3765","1":"product","2":"type-product","3":"status-publish","4":"has-post-thumbnail","6":"product_cat-processing","8":"first","9":"instock","10":"shipping-taxable","11":"product-type-simple"},"_links":{"self":[{"href":"https:\/\/cormac.eu\/sk\/wp-json\/wp\/v2\/product\/3765","targetHints":{"allow":["GET"]}}],"collection":[{"href":"https:\/\/cormac.eu\/sk\/wp-json\/wp\/v2\/product"}],"about":[{"href":"https:\/\/cormac.eu\/sk\/wp-json\/wp\/v2\/types\/product"}],"replies":[{"embeddable":true,"href":"https:\/\/cormac.eu\/sk\/wp-json\/wp\/v2\/comments?post=3765"}],"wp:featuredmedia":[{"embeddable":true,"href":"https:\/\/cormac.eu\/sk\/wp-json\/wp\/v2\/media\/3766"}],"wp:attachment":[{"href":"https:\/\/cormac.eu\/sk\/wp-json\/wp\/v2\/media?parent=3765"}],"wp:term":[{"taxonomy":"product_brand","embeddable":true,"href":"https:\/\/cormac.eu\/sk\/wp-json\/wp\/v2\/product_brand?post=3765"},{"taxonomy":"product_cat","embeddable":true,"href":"https:\/\/cormac.eu\/sk\/wp-json\/wp\/v2\/product_cat?post=3765"},{"taxonomy":"product_tag","embeddable":true,"href":"https:\/\/cormac.eu\/sk\/wp-json\/wp\/v2\/product_tag?post=3765"}],"curies":[{"name":"wp","href":"https:\/\/api.w.org\/{rel}","templated":true}]}}