{"id":3758,"date":"2023-03-03T11:10:45","date_gmt":"2023-03-03T10:10:45","guid":{"rendered":"https:\/\/cormac.eu\/?post_type=product&#038;p=3758"},"modified":"2023-03-03T13:35:24","modified_gmt":"2023-03-03T12:35:24","slug":"priemyselna-prazicka-kavy","status":"publish","type":"product","link":"https:\/\/cormac.eu\/sk\/product\/industrial-coffee-roaster\/","title":{"rendered":"Priemyseln\u00e1 pra\u017ei\u010dka k\u00e1vy"},"content":{"rendered":"<p>Zariadenie na prirodzen\u00e9 pra\u017eenie zelen\u00fdch k\u00e1vov\u00fdch z\u0155n, orechov, obiln\u00edn s kapacitou pra\u017eenia od 15 kg do 30 kg\/cyklus s dosiahnut\u00edm 3 a\u017e 5 pra\u017eiacich cyklov za hodinu v z\u00e1vislosti od druhu k\u00e1vy a miesta pra\u017eenia. Poskytuje modula\u010dn\u00e9 riadenie teploty, PLC s inteligentn\u00fdm softv\u00e9rom a dotykov\u00fdm displejom na vytv\u00e1ranie a sledovanie profilov pra\u017eenia. V\u0161etky pra\u017eiace cykly z\u00edskavaj\u00fa rovnak\u00fd pra\u017eiaci profil a pra\u017eiace recepty mo\u017eno prisp\u00f4sobi\u0165 a ulo\u017ei\u0165 pod\u013ea p\u00f4vodu ka\u017ed\u00e9ho v\u00fdrobku.<br \/>\nV\u010faka svojej priemernej ve\u013ekosti sa d\u00e1 namontova\u0165 takmer kdeko\u013evek a nepretr\u017eite pracova\u0165 v automatickom alebo poloautomatickom re\u017eime pri zachovan\u00ed vynikaj\u00facej kvality.<\/p>\n<p>&nbsp;<\/p>\n<table width=\"586\">\n<tbody>\n<tr>\n<td width=\"251\"><strong>Funkcie<\/strong><\/td>\n<td width=\"335\"><strong>V\u00fdhody<\/strong><\/td>\n<\/tr>\n<tr>\n<td>Nalo\u017eenie z\u00e1sobn\u00edka<\/td>\n<td>Jednoduch\u00e1 in\u0161tal\u00e1cia<\/td>\n<\/tr>\n<tr>\n<td>Plynov\u00e9 vykurovanie<\/td>\n<td>Elegantn\u00fd vzh\u013ead<\/td>\n<\/tr>\n<tr>\n<td>Rekuper\u00e1cia a recykl\u00e1cia hor\u00faceho vzduchu<\/td>\n<td>N\u00edzke n\u00e1klady na \u00fadr\u017ebu<\/td>\n<\/tr>\n<tr>\n<td>Izol\u00e1cia pomocou krema\u010dn\u00e9ho vl\u00e1kna s teplotou 1250 \u00b0C<\/td>\n<td>Bezpe\u010dnos\u0165, \u00faspora energie, efekt\u00edvnos\u0165<\/td>\n<\/tr>\n<tr>\n<td>Ohnisko zo \u017eiaruvzdornej ocele<\/td>\n<td>\u017diadna \u00fadr\u017eba<\/td>\n<\/tr>\n<tr>\n<td>Nez\u00e1visl\u00e9 ventil\u00e1tory na pe\u010denie a chladenie.<\/td>\n<td>Regul\u00e1cia teploty<\/td>\n<\/tr>\n<tr>\n<td>Cykl\u00f3nov\u00e1 spa\u013eov\u0148a plev.<\/td>\n<td><\/td>\n<\/tr>\n<tr>\n<td>Nez\u00e1visl\u00e1 elektrick\u00e1 skrinka.<\/td>\n<td>Zv\u00fd\u0161en\u00e1 bezpe\u010dnos\u0165 a kontrola<\/td>\n<\/tr>\n<tr>\n<td>Modula\u010dn\u00fd hor\u00e1k<\/td>\n<td>\u00daspora energie<\/td>\n<\/tr>\n<tr>\n<td>PLC a dotykov\u00fd displej<\/td>\n<td>\u00dapln\u00e1 kontrola parametrov procesu<\/td>\n<\/tr>\n<\/tbody>\n<\/table>\n<p>&nbsp;<\/p>\n<table width=\"586\">\n<tbody>\n<tr>\n<td><strong>Technick\u00e9 \u00fadaje<\/strong><\/td>\n<td><\/td>\n<\/tr>\n<tr>\n<td>Rozmery<\/td>\n<td>D 2300 x \u0160 1800 x V 2170-2480 mm<\/td>\n<\/tr>\n<tr>\n<td>Hmotnos\u0165<\/td>\n<td>1500 kg<\/td>\n<\/tr>\n<tr>\n<td>Nap\u00e4tie<\/td>\n<td>Trojf\u00e1zov\u00e9 nap\u00e4tie 380V + N+E 50\/60 Hz<\/td>\n<\/tr>\n<\/tbody>\n<\/table>","protected":false},"excerpt":{"rendered":"<p>Poloautomatick\u00e9 a\u017e plne automatick\u00e9 zariadenie na pra\u017eenie schopn\u00e9 pra\u017ei\u0165 \u0161irok\u00fa \u0161k\u00e1lu v\u00fdrobkov prirodzen\u00fdm sp\u00f4sobom.<\/p>","protected":false},"featured_media":3759,"comment_status":"open","ping_status":"closed","template":"","meta":{"uix_meta_title":"","uix_meta_description":"","uix_canonical_url":""},"product_brand":[],"product_cat":[104],"product_tag":[],"class_list":{"0":"post-3758","1":"product","2":"type-product","3":"status-publish","4":"has-post-thumbnail","6":"product_cat-processing","8":"first","9":"instock","10":"shipping-taxable","11":"product-type-simple"},"_links":{"self":[{"href":"https:\/\/cormac.eu\/sk\/wp-json\/wp\/v2\/product\/3758","targetHints":{"allow":["GET"]}}],"collection":[{"href":"https:\/\/cormac.eu\/sk\/wp-json\/wp\/v2\/product"}],"about":[{"href":"https:\/\/cormac.eu\/sk\/wp-json\/wp\/v2\/types\/product"}],"replies":[{"embeddable":true,"href":"https:\/\/cormac.eu\/sk\/wp-json\/wp\/v2\/comments?post=3758"}],"wp:featuredmedia":[{"embeddable":true,"href":"https:\/\/cormac.eu\/sk\/wp-json\/wp\/v2\/media\/3759"}],"wp:attachment":[{"href":"https:\/\/cormac.eu\/sk\/wp-json\/wp\/v2\/media?parent=3758"}],"wp:term":[{"taxonomy":"product_brand","embeddable":true,"href":"https:\/\/cormac.eu\/sk\/wp-json\/wp\/v2\/product_brand?post=3758"},{"taxonomy":"product_cat","embeddable":true,"href":"https:\/\/cormac.eu\/sk\/wp-json\/wp\/v2\/product_cat?post=3758"},{"taxonomy":"product_tag","embeddable":true,"href":"https:\/\/cormac.eu\/sk\/wp-json\/wp\/v2\/product_tag?post=3758"}],"curies":[{"name":"wp","href":"https:\/\/api.w.org\/{rel}","templated":true}]}}