{"id":3756,"date":"2023-03-03T10:19:24","date_gmt":"2023-03-03T09:19:24","guid":{"rendered":"https:\/\/cormac.eu\/?post_type=product&#038;p=3756"},"modified":"2023-03-03T17:14:19","modified_gmt":"2023-03-03T16:14:19","slug":"stroj-na-prazenie-kavy-2","status":"publish","type":"product","link":"https:\/\/cormac.eu\/sk\/product\/coffee-roasting-machine\/","title":{"rendered":"Zariadenie na pra\u017eenie k\u00e1vy v kaviarni (mal\u00e9)"},"content":{"rendered":"<p>Tento pra\u017ei\u010d je vhodn\u00fd pre maloobchodn\u00e9 predajne k\u00e1vy alebo remeseln\u00e9 v\u00fdrobne. M\u00f4\u017ee pra\u017ei\u0165 nielen zelen\u00e9 k\u00e1vov\u00e9 zrn\u00e1, ale aj in\u00e9 produkty, ako s\u00fa obilniny a orechy. Stroj m\u00e1 elegantn\u00fd vzh\u013ead, ktor\u00fd maloobchodnej predajni dod\u00e1 skuto\u010dn\u00fa propag\u00e1ciu a hodnotu v\u00fdrobku. \u013dahko sa ovl\u00e1da a nevy\u017eaduje si ve\u013ek\u00fa \u00fadr\u017ebu. Kvalita pra\u017eenia bude vynikaj\u00faca a \u00fa\u010dinok pra\u017eenia bude konzistentn\u00fd so stabiln\u00fdm bodom pra\u017eenia.<\/p>\n<table width=\"586\">\n<tbody>\n<tr>\n<td colspan=\"2\" width=\"586\"><strong>Funkcie<\/strong><\/td>\n<\/tr>\n<tr>\n<td width=\"292\">Plug and play<\/td>\n<td width=\"293\">Jednoduch\u00e1 in\u0161tal\u00e1cia<\/td>\n<\/tr>\n<tr>\n<td width=\"292\">Leskl\u00e1 \u010dierna farba so zlat\u00fdmi akcentmi<\/td>\n<td width=\"293\">Elegantn\u00fd vzh\u013ead<\/td>\n<\/tr>\n<tr>\n<td width=\"292\">N\u00edzka \u00fadr\u017eba<\/td>\n<td width=\"293\">N\u00edzke n\u00e1klady na \u00fadr\u017ebu<\/td>\n<\/tr>\n<tr>\n<td width=\"292\">Nalo\u017eenie z\u00e1sobn\u00edka<\/td>\n<td width=\"293\">Digit\u00e1lny termostat<\/td>\n<\/tr>\n<tr>\n<td width=\"292\">Z\u00e1suvka na plevy<\/td>\n<td width=\"293\">N\u00e1doba na vzorky<\/td>\n<\/tr>\n<\/tbody>\n<\/table>\n<p>&nbsp;<\/p>\n<table width=\"586\">\n<tbody>\n<tr>\n<td width=\"292\"><strong>Technick\u00e9 \u00fadaje<\/strong><\/td>\n<td width=\"293\"><\/td>\n<\/tr>\n<tr>\n<td width=\"292\">Kapacita<\/td>\n<td width=\"293\">Do 2 kg\/hod<\/td>\n<\/tr>\n<tr>\n<td width=\"292\">Rozmery<\/td>\n<td width=\"293\">67 x 44 x 68 cm<\/td>\n<\/tr>\n<tr>\n<td width=\"292\">Hmotnos\u0165<\/td>\n<td width=\"293\">65 kg<\/td>\n<\/tr>\n<tr>\n<td width=\"292\">Nap\u00e4tie<\/td>\n<td width=\"293\">220 V 50 Hz<\/td>\n<\/tr>\n<tr>\n<td width=\"292\">nap\u00e1janie<\/td>\n<td width=\"293\">1,5 kW<\/td>\n<\/tr>\n<\/tbody>\n<\/table>\n<p>&nbsp;<\/p>","protected":false},"excerpt":{"rendered":"<p>Mal\u00fd stroj na pra\u017eenie k\u00e1vy pre gurm\u00e1nov a kaviarne<\/p>","protected":false},"featured_media":3748,"comment_status":"open","ping_status":"closed","template":"","meta":{"uix_meta_title":"","uix_meta_description":"","uix_canonical_url":""},"product_brand":[],"product_cat":[107],"product_tag":[],"class_list":{"0":"post-3756","1":"product","2":"type-product","3":"status-publish","4":"has-post-thumbnail","6":"product_cat-artisanal","8":"first","9":"instock","10":"shipping-taxable","11":"product-type-simple"},"_links":{"self":[{"href":"https:\/\/cormac.eu\/sk\/wp-json\/wp\/v2\/product\/3756","targetHints":{"allow":["GET"]}}],"collection":[{"href":"https:\/\/cormac.eu\/sk\/wp-json\/wp\/v2\/product"}],"about":[{"href":"https:\/\/cormac.eu\/sk\/wp-json\/wp\/v2\/types\/product"}],"replies":[{"embeddable":true,"href":"https:\/\/cormac.eu\/sk\/wp-json\/wp\/v2\/comments?post=3756"}],"wp:featuredmedia":[{"embeddable":true,"href":"https:\/\/cormac.eu\/sk\/wp-json\/wp\/v2\/media\/3748"}],"wp:attachment":[{"href":"https:\/\/cormac.eu\/sk\/wp-json\/wp\/v2\/media?parent=3756"}],"wp:term":[{"taxonomy":"product_brand","embeddable":true,"href":"https:\/\/cormac.eu\/sk\/wp-json\/wp\/v2\/product_brand?post=3756"},{"taxonomy":"product_cat","embeddable":true,"href":"https:\/\/cormac.eu\/sk\/wp-json\/wp\/v2\/product_cat?post=3756"},{"taxonomy":"product_tag","embeddable":true,"href":"https:\/\/cormac.eu\/sk\/wp-json\/wp\/v2\/product_tag?post=3756"}],"curies":[{"name":"wp","href":"https:\/\/api.w.org\/{rel}","templated":true}]}}