{"id":3704,"date":"2022-06-23T16:26:06","date_gmt":"2022-06-23T14:26:06","guid":{"rendered":"https:\/\/cormac.eu\/?post_type=product&#038;p=3704"},"modified":"2022-06-23T16:26:06","modified_gmt":"2022-06-23T14:26:06","slug":"3d-dekorater","status":"publish","type":"product","link":"https:\/\/cormac.eu\/sk\/product\/3d-decorator\/","title":{"rendered":"3D dekorat\u00e9r"},"content":{"rendered":"<p>3 D dekor\u00e1tor dok\u00e1\u017ee nanies\u0165 na substr\u00e1t v\u00fdrobku dekorat\u00edvny dizajn prostredn\u00edctvom 3-osov\u00e9ho pohybu nan\u00e1\u0161acieho rozde\u013eova\u010da. Zariadenie sa m\u00f4\u017ee pou\u017e\u00edva\u0165 nad ak\u00fdmko\u013evek dopravn\u00edkov\u00fdm p\u00e1som alebo na konci chladiaceho tunela napr\u00edklad linky na v\u00fdrobu \u010dokol\u00e1dy. Dekora\u010dn\u00e1 hmota sa m\u00f4\u017ee dod\u00e1va\u0165 cez potrubie s vodn\u00fdm pl\u00e1\u0161\u0165om na hlavnom kruhu.<\/p>\n<p><img decoding=\"async\" class=\"alignnone  wp-image-3705\" src=\"https:\/\/cormac.eu\/wp-content\/uploads\/2022\/06\/wymbs-supply-tank-station-283x300.jpg\" alt=\"\" width=\"189\" height=\"200\" srcset=\"https:\/\/cormac.eu\/wp-content\/uploads\/2022\/06\/wymbs-supply-tank-station-283x300.jpg 283w, https:\/\/cormac.eu\/wp-content\/uploads\/2022\/06\/wymbs-supply-tank-station.jpg 456w\" sizes=\"(max-width: 189px) 100vw, 189px\" \/><\/p>\n<p>D\u00fdzy na nan\u00e1\u0161anie alebo zdobenie sa daj\u00fa prisp\u00f4sobi\u0165 v\u00fdrobku (v\u00fdrobkom).<br \/>\nOdkladacia hlava bola navrhnut\u00e1 tak, aby sa jej \u010dasti dali \u013eahko udr\u017eiava\u0165 alebo vymie\u0148a\u0165.<\/p>\n<table>\n<tbody>\n<tr>\n<td width=\"302\"><strong>Funkcie<\/strong><\/td>\n<td width=\"302\"><strong>V\u00fdhody<\/strong><\/td>\n<\/tr>\n<tr>\n<td width=\"302\">Rameno robota Fanuc Scara<\/td>\n<td width=\"302\">Plne programovate\u013en\u00e9<\/td>\n<\/tr>\n<tr>\n<td width=\"302\">3 osi pohybu<\/td>\n<td width=\"302\">Flexibiln\u00fd dizajn dekor\u00e1cie<br \/>\nVhodn\u00e9 pre r\u00f4zne v\u00fd\u0161ky v\u00fdrobkov<\/td>\n<\/tr>\n<tr>\n<td width=\"302\">\u0160tandard IP65<\/td>\n<td width=\"302\">Odolnos\u0165 vo\u010di prachu a vode<\/td>\n<\/tr>\n<tr>\n<td width=\"302\">Integr\u00e1lne ovl\u00e1danie<\/td>\n<td width=\"302\">Funkcia u\u010denia<br \/>\nMulti program<\/td>\n<\/tr>\n<tr>\n<td width=\"302\">Integrovan\u00fd dopravn\u00edk so synchroniza\u010dn\u00fdm sn\u00edma\u010dom<\/td>\n<td width=\"302\">Ukladanie synchronizovan\u00e9 s pohybom dopravn\u00edka<\/td>\n<\/tr>\n<tr>\n<td width=\"302\">Zas\u00favate\u013en\u00fd p\u00e1s<\/td>\n<td width=\"302\">Jednoduch\u00e9 \u010distenie<\/td>\n<\/tr>\n<tr>\n<td width=\"302\">R\u00e1m na kolieskach<\/td>\n<td width=\"302\">Mobilita<\/td>\n<\/tr>\n<tr>\n<td width=\"302\">&nbsp;<\/td>\n<td width=\"302\">&nbsp;<\/td>\n<\/tr>\n<\/tbody>\n<\/table>\n<p>&nbsp;<\/p>","protected":false},"excerpt":{"rendered":"<p>Pohybliv\u00e1 3D dekora\u010dn\u00e1 jednotka pre struny a in\u00e9 dekora\u010dn\u00e9 vzory<\/p>","protected":false},"featured_media":3703,"comment_status":"open","ping_status":"closed","template":"","meta":{"uix_meta_title":"","uix_meta_description":"","uix_canonical_url":""},"product_brand":[],"product_cat":[104],"product_tag":[],"class_list":{"0":"post-3704","1":"product","2":"type-product","3":"status-publish","4":"has-post-thumbnail","6":"product_cat-processing","8":"first","9":"instock","10":"shipping-taxable","11":"product-type-simple"},"_links":{"self":[{"href":"https:\/\/cormac.eu\/sk\/wp-json\/wp\/v2\/product\/3704","targetHints":{"allow":["GET"]}}],"collection":[{"href":"https:\/\/cormac.eu\/sk\/wp-json\/wp\/v2\/product"}],"about":[{"href":"https:\/\/cormac.eu\/sk\/wp-json\/wp\/v2\/types\/product"}],"replies":[{"embeddable":true,"href":"https:\/\/cormac.eu\/sk\/wp-json\/wp\/v2\/comments?post=3704"}],"wp:featuredmedia":[{"embeddable":true,"href":"https:\/\/cormac.eu\/sk\/wp-json\/wp\/v2\/media\/3703"}],"wp:attachment":[{"href":"https:\/\/cormac.eu\/sk\/wp-json\/wp\/v2\/media?parent=3704"}],"wp:term":[{"taxonomy":"product_brand","embeddable":true,"href":"https:\/\/cormac.eu\/sk\/wp-json\/wp\/v2\/product_brand?post=3704"},{"taxonomy":"product_cat","embeddable":true,"href":"https:\/\/cormac.eu\/sk\/wp-json\/wp\/v2\/product_cat?post=3704"},{"taxonomy":"product_tag","embeddable":true,"href":"https:\/\/cormac.eu\/sk\/wp-json\/wp\/v2\/product_tag?post=3704"}],"curies":[{"name":"wp","href":"https:\/\/api.w.org\/{rel}","templated":true}]}}