{"id":3659,"date":"2022-06-06T00:05:01","date_gmt":"2022-06-05T22:05:01","guid":{"rendered":"https:\/\/cormac.eu\/?post_type=product&#038;p=3659"},"modified":"2022-06-06T00:10:38","modified_gmt":"2022-06-05T22:10:38","slug":"valce-na-tvarovanie-sosovice-2","status":"publish","type":"product","link":"https:\/\/cormac.eu\/sk\/product\/lentil-forming-rollers\/","title":{"rendered":"Tvarovacie valce na \u0161o\u0161ovicu"},"content":{"rendered":"<p>Jedna s\u00faprava dvoch odstrediv\u00fdch bronzov\u00fdch valcov na tvarovanie \u0161o\u0161oviek je ur\u010den\u00e1 na v\u00fdrobu symetrick\u00fdch a pevn\u00fdch \u010dokol\u00e1dov\u00fdch stredov, ako s\u00fa \u0161o\u0161ovky, mal\u00e9 gu\u013e\u00f4\u010dky, srdie\u010dka a podobn\u00e9 tvary.Na povrchu valcov s\u00fa po\u017eadovan\u00e9 stredy presne vyryt\u00e9. Ka\u017ed\u00e1 vyryt\u00e1 dutina zodpoved\u00e1 jednej polovici hotov\u00e9ho v\u00fdrobku. Oba valce s\u00fa presne umiestnen\u00e9 a synchronizovan\u00e9 pomocou prevodov, tak\u017ee dutina na jednom valci v\u017edy presne zodpoved\u00e1 dutine na druhom valci, tak\u017ee obe polovice spolu tvoria dokonal\u00fd v\u00fdrobok. Oba valce sa ot\u00e1\u010daj\u00fa proti sebe rovnakou r\u00fdchlos\u0165ou. \u010cokol\u00e1da alebo zmes sa na valce priv\u00e1dza cez dvojpl\u00e1\u0161\u0165ov\u00e9 potrubie s nastavite\u013en\u00fdmi tryskami. Obvod ka\u017ed\u00e9ho valca sa pohybuje smerom nadol, \u010d\u00edm sa \u010dokol\u00e1da tla\u010d\u00ed medzi ne, aby \u00faplne vyplnila rytiny. Automatick\u00fd ventil uzatv\u00e1ra pr\u00edvodn\u00e9 potrubie v pr\u00edpade, \u017ee sa valce zastavia. vn\u00fatro valcov je dut\u00e9 a obsahuje \u0161peci\u00e1lne r\u00farky s n\u00faten\u00fdm obehom chladenej vody alebo glykolu, ktor\u00e9 zabezpe\u010duj\u00fa rovnomern\u00fa n\u00edzku teplotu na povrchu bronzu. V\u010faka tomuto \"superchladeniu\" \u010dokol\u00e1da okam\u017eite kry\u0161talizuje medzi dutinami. V\u010faka presne regulovanej medzere medzi dvoma valcami sa vytvor\u00ed koberec (alebo \"p\u00e1s\") \u010dokol\u00e1dy, ktor\u00fd dr\u017e\u00ed v\u0161etky vytvoren\u00e9 \u0161o\u0161ovky. Hr\u00fabka tohto p\u00e1su sa presne reguluje mechanick\u00fdm nastaven\u00edm, aby sa \u0161o\u0161ovica po vychladnut\u00ed dala \u013eahko oddeli\u0165 od p\u00e1su. Vstup a v\u00fdstup glykolu z valcov sa kr\u00ed\u017ei, \u010d\u00edm sa zabezpe\u010d\u00ed kon\u0161tantn\u00fd tepeln\u00fd rozdiel pozd\u013a\u017e valcov.<\/p>\n<p>Val\u010deky s\u00fa zmontovan\u00e9 s hriade\u013emi v gu\u013e\u00f4\u010dkov\u00fdch lo\u017eisk\u00e1ch v uzavretej komore z nehrdzavej\u00facej ocele a s\u00fa ulo\u017een\u00e9 na dvoch r\u00e1moch z nehrdzavej\u00facej ocele. Do tejto komory sa m\u00f4\u017ee vstrekova\u0165 odvlh\u010den\u00fd vzduch. Bo\u010dn\u00e9 pr\u00edruby valcov s\u00fa vyroben\u00e9 z nehrdzavej\u00facej ocele.  Cel\u00e1 skupina valcov je namontovan\u00e1 na vodidl\u00e1ch, ktor\u00e9 umo\u017e\u0148uj\u00fa r\u00fdchlu v\u00fdmenu. Ka\u017ed\u00fd valec je vybaven\u00fd plastovou \u0161krabkou.<\/p>\n<p>Valce s\u00fa poh\u00e1\u0148an\u00e9 prevodov\u00fdm motorom s frekven\u010dnou regul\u00e1ciou na regul\u00e1ciu r\u00fdchlosti ot\u00e1\u010dania.<br \/>\nElektrick\u00e1 skri\u0148a valcov je integrovan\u00e1 do skrine chladiaceho tunela.<\/p>\n<p>Kompletn\u00e1 linka na tvarovanie \u0161o\u0161ovice pozost\u00e1va zo z\u00e1sobn\u00edka(-ov) na \u010dokol\u00e1du, v z\u00e1vislosti od kone\u010dn\u00e9ho v\u00fdrobku z tempera\u010dn\u00e9ho stroja, s\u00fapravy tvarovac\u00edch valcov namontovan\u00fdch nad dopravn\u00fdm p\u00e1som na vstupe do chladiaceho tunela, syst\u00e9mu na pr\u00edvod chladiacej vody alebo glykolu, chladiaceho tunela a odde\u013eovacieho bubna. \u010cokol\u00e1da z p\u00e1su sa pre\u010derp\u00e1va do n\u00e1dr\u017ee na skladovanie a mie\u0161anie \u010dokol\u00e1dy. \u010casto sa po oddelen\u00ed od p\u00e1sov vytvoren\u00e9 \u0161o\u0161ovice oba\u013euj\u00fa cukrom v oba\u013eovac\u00edch bubnoch a le\u0161tia v le\u0161tiacich bubnoch. potom s\u00fa pripraven\u00e9 na balenie.<\/p>\n<p><img decoding=\"async\" class=\"alignnone wp-image-3665\" src=\"https:\/\/cormac.eu\/wp-content\/uploads\/2022\/06\/Fecoatec-lentil-P1000419-1024x769-1-300x225.jpg\" alt=\"\" width=\"182\" height=\"136\" srcset=\"https:\/\/cormac.eu\/wp-content\/uploads\/2022\/06\/Fecoatec-lentil-P1000419-1024x769-1-300x225.jpg 300w, https:\/\/cormac.eu\/wp-content\/uploads\/2022\/06\/Fecoatec-lentil-P1000419-1024x769-1-768x577.jpg 768w, https:\/\/cormac.eu\/wp-content\/uploads\/2022\/06\/Fecoatec-lentil-P1000419-1024x769-1-600x451.jpg 600w, https:\/\/cormac.eu\/wp-content\/uploads\/2022\/06\/Fecoatec-lentil-P1000419-1024x769-1.jpg 1024w\" sizes=\"(max-width: 182px) 100vw, 182px\" \/>\u00a0 \u00a0 \u00a0<img decoding=\"async\" class=\"wp-image-3662\" src=\"https:\/\/cormac.eu\/wp-content\/uploads\/2022\/06\/Fecoatec-dark-chocolate-lentils--300x200.jpg\" alt=\"\" width=\"210\" height=\"140\" srcset=\"https:\/\/cormac.eu\/wp-content\/uploads\/2022\/06\/Fecoatec-dark-chocolate-lentils--300x200.jpg 300w, https:\/\/cormac.eu\/wp-content\/uploads\/2022\/06\/Fecoatec-dark-chocolate-lentils--600x399.jpg 600w, https:\/\/cormac.eu\/wp-content\/uploads\/2022\/06\/Fecoatec-dark-chocolate-lentils-.jpg 640w\" sizes=\"(max-width: 210px) 100vw, 210px\" \/>\u00a0 \u00a0 <img decoding=\"async\" class=\"wp-image-3661\" src=\"https:\/\/cormac.eu\/wp-content\/uploads\/2022\/06\/Fecoatec-chocolate-hearts--300x200.jpg\" alt=\"\" width=\"200\" height=\"133\" srcset=\"https:\/\/cormac.eu\/wp-content\/uploads\/2022\/06\/Fecoatec-chocolate-hearts--300x200.jpg 300w, https:\/\/cormac.eu\/wp-content\/uploads\/2022\/06\/Fecoatec-chocolate-hearts--600x399.jpg 600w, https:\/\/cormac.eu\/wp-content\/uploads\/2022\/06\/Fecoatec-chocolate-hearts-.jpg 640w\" sizes=\"(max-width: 200px) 100vw, 200px\" \/>\u00a0 \u00a0 <img loading=\"lazy\" decoding=\"async\" class=\"alignnone wp-image-3660\" src=\"https:\/\/cormac.eu\/wp-content\/uploads\/2022\/06\/Fecoatec-cake-pops-693645_640-300x225.jpg\" alt=\"\" width=\"187\" height=\"140\" srcset=\"https:\/\/cormac.eu\/wp-content\/uploads\/2022\/06\/Fecoatec-cake-pops-693645_640-300x225.jpg 300w, https:\/\/cormac.eu\/wp-content\/uploads\/2022\/06\/Fecoatec-cake-pops-693645_640-600x450.jpg 600w, https:\/\/cormac.eu\/wp-content\/uploads\/2022\/06\/Fecoatec-cake-pops-693645_640.jpg 640w\" sizes=\"(max-width: 187px) 100vw, 187px\" \/><\/p>\n<div class=\"mceTemp\"><\/div>\n<table style=\"height: 946px\" width=\"715\">\n<tbody>\n<tr>\n<td width=\"230\"><strong>Funkcie<\/strong><\/td>\n<td width=\"355\"><strong>V\u00fdhody<\/strong><\/td>\n<\/tr>\n<tr>\n<td>R\u00e1m z nehrdzavej\u00facej ocele, nad\u0161tandardn\u00e1 \u010das\u0165 z obr\u00e1banej ocele<\/td>\n<td>\n<ul>\n<li>Jednoduch\u00e9 \u010distenie<\/li>\n<li>Odoln\u00fd<\/li>\n<\/ul>\n<\/td>\n<\/tr>\n<tr>\n<td>Elektronick\u00e1 ochrana<\/td>\n<td>\n<ul>\n<li>Val\u010deky sa zastavia v pr\u00edpade nadmern\u00e9ho za\u0165a\u017eenia<\/li>\n<\/ul>\n<\/td>\n<\/tr>\n<tr>\n<td>Val\u010deky namontovan\u00e9 na vodidl\u00e1ch<\/td>\n<td>\n<ul>\n<li>R\u00fdchla v\u00fdmena<\/li>\n<\/ul>\n<\/td>\n<\/tr>\n<tr>\n<td>Skr\u00ed\u017een\u00fd vstup\/v\u00fdstup glykolu<\/td>\n<td>\n<ul>\n<li>Kon\u0161tantn\u00fd tepeln\u00fd rozdiel pozd\u013a\u017e valcov<\/li>\n<\/ul>\n<\/td>\n<\/tr>\n<tr>\n<td>Bo\u010dn\u00e9 pr\u00edruby valcov z nehrdzavej\u00facej ocele<\/td>\n<td>\n<ul>\n<li>Hygienick\u00e9<\/li>\n<li>Jednoduch\u00e9 \u010distenie<\/li>\n<\/ul>\n<\/td>\n<\/tr>\n<tr>\n<td>Polykarbon\u00e1tov\u00e9 kryty<\/td>\n<td>\n<ul>\n<li>Bezpe\u010dnos\u0165 obsluhy<\/li>\n<li>Vidite\u013en\u00e1 formovacia oblas\u0165<\/li>\n<\/ul>\n<\/td>\n<\/tr>\n<tr>\n<td>OPTIONALS<\/td>\n<td><\/td>\n<\/tr>\n<tr>\n<td>Kaliaci stroj<\/td>\n<td><\/td>\n<\/tr>\n<tr>\n<td>Skladovacie\/akumula\u010dn\u00e9\/recirkula\u010dn\u00e9 n\u00e1dr\u017ee<\/td>\n<td><\/td>\n<\/tr>\n<tr>\n<td>Chladiaci tunel<\/td>\n<td><\/td>\n<\/tr>\n<tr>\n<td>Odde\u013eovac\u00ed bubon<\/td>\n<td><\/td>\n<\/tr>\n<tr>\n<td>Povlakov\u00e9 panvice<\/td>\n<td><\/td>\n<\/tr>\n<tr>\n<td>Odvlh\u010dova\u010d vzduchu pre oblas\u0165 formovania<\/td>\n<td><\/td>\n<\/tr>\n<\/tbody>\n<\/table>","protected":false},"excerpt":{"rendered":"<p>S\u00faprava tvarovac\u00edch valcov na v\u00fdrobu symetrick\u00fdch a pevn\u00fdch \u010dokol\u00e1dov\u00fdch stredov, ako s\u00fa \u0161o\u0161ovky, mal\u00e9 gu\u013e\u00f4\u010dky, srdie\u010dka a podobn\u00e9 tvary.<\/p>","protected":false},"featured_media":3664,"comment_status":"open","ping_status":"closed","template":"","meta":{"uix_meta_title":"","uix_meta_description":"","uix_canonical_url":""},"product_brand":[],"product_cat":[104],"product_tag":[204,243,177],"class_list":{"0":"post-3659","1":"product","2":"type-product","3":"status-publish","4":"has-post-thumbnail","6":"product_cat-processing","7":"product_tag-chocolate-balls","8":"product_tag-chocolate-coffee-beans","9":"product_tag-lentils","11":"first","12":"instock","13":"shipping-taxable","14":"product-type-simple"},"_links":{"self":[{"href":"https:\/\/cormac.eu\/sk\/wp-json\/wp\/v2\/product\/3659","targetHints":{"allow":["GET"]}}],"collection":[{"href":"https:\/\/cormac.eu\/sk\/wp-json\/wp\/v2\/product"}],"about":[{"href":"https:\/\/cormac.eu\/sk\/wp-json\/wp\/v2\/types\/product"}],"replies":[{"embeddable":true,"href":"https:\/\/cormac.eu\/sk\/wp-json\/wp\/v2\/comments?post=3659"}],"wp:featuredmedia":[{"embeddable":true,"href":"https:\/\/cormac.eu\/sk\/wp-json\/wp\/v2\/media\/3664"}],"wp:attachment":[{"href":"https:\/\/cormac.eu\/sk\/wp-json\/wp\/v2\/media?parent=3659"}],"wp:term":[{"taxonomy":"product_brand","embeddable":true,"href":"https:\/\/cormac.eu\/sk\/wp-json\/wp\/v2\/product_brand?post=3659"},{"taxonomy":"product_cat","embeddable":true,"href":"https:\/\/cormac.eu\/sk\/wp-json\/wp\/v2\/product_cat?post=3659"},{"taxonomy":"product_tag","embeddable":true,"href":"https:\/\/cormac.eu\/sk\/wp-json\/wp\/v2\/product_tag?post=3659"}],"curies":[{"name":"wp","href":"https:\/\/api.w.org\/{rel}","templated":true}]}}