{"id":3652,"date":"2022-06-05T20:22:55","date_gmt":"2022-06-05T18:22:55","guid":{"rendered":"https:\/\/cormac.eu\/?post_type=product&#038;p=3652"},"modified":"2022-06-17T17:12:33","modified_gmt":"2022-06-17T15:12:33","slug":"jednotka-taviacej-a-zmiesavacej-nadrze","status":"publish","type":"product","link":"https:\/\/cormac.eu\/sk\/product\/melting-and-mixing-tank-unit\/","title":{"rendered":"S\u00faprava taviacich a zmie\u0161avac\u00edch n\u00e1dr\u017e\u00ed"},"content":{"rendered":"<p>Kompaktn\u00e1 s\u00faprava n\u00e1dr\u017e\u00ed na tavenie, mie\u0161anie, skladovanie alebo pufrovanie \u010dokol\u00e1dy, zmes\u00ed, tukov\u00fdch hm\u00f4t a kr\u00e9mov. Ide o z\u00e1kazn\u00edcke zariadenie vyroben\u00e9 pod\u013ea \u0161pecifik\u00e1ci\u00ed a potrieb z\u00e1kazn\u00edka. Vo v\u0161eobecnosti toto zariadenie pozost\u00e1va z nieko\u013ek\u00fdch n\u00e1dr\u017e\u00ed na mie\u0161anie, riaden\u00e9 tavenie a skladovanie alebo pufrovanie hm\u00f4t vr\u00e1tane (volite\u013en\u00e9ho) automatick\u00e9ho syst\u00e9mu CIP, medzipumpy a potrubia a d\u00e1vkovan\u00e9ho vyp\u00fa\u0161\u0165ania do miesta spotreby. N\u00e1dr\u017ee maj\u00fa vertik\u00e1lnu kon\u0161trukciu a s\u00fa vybaven\u00e9 trojit\u00fdm pl\u00e1\u0161\u0165om: z\u00f3na produktu, cirkul\u00e1cia vykurovacieho m\u00e9dia a tepeln\u00e1 izol\u00e1cia. Okrem toho obsahuj\u00fa automatick\u00fd syst\u00e9m v\u00fdroby vykurovacieho m\u00e9dia s odstrediv\u00fdm \u010derpadlom, elektrick\u00fdm ohrieva\u010dom, teplotnou sondou a kontroln\u00fdmi prvkami.<\/p>\n<p>&nbsp;<\/p>\n<p><img decoding=\"async\" class=\"alignnone wp-image-3650\" src=\"https:\/\/cormac.eu\/wp-content\/uploads\/2022\/06\/fecoatec-melted-chocolate-300x300.jpg\" alt=\"\" width=\"130\" height=\"130\" srcset=\"https:\/\/cormac.eu\/wp-content\/uploads\/2022\/06\/fecoatec-melted-chocolate-300x300.jpg 300w, https:\/\/cormac.eu\/wp-content\/uploads\/2022\/06\/fecoatec-melted-chocolate-1024x1024.jpg 1024w, https:\/\/cormac.eu\/wp-content\/uploads\/2022\/06\/fecoatec-melted-chocolate-150x150.jpg 150w, https:\/\/cormac.eu\/wp-content\/uploads\/2022\/06\/fecoatec-melted-chocolate-768x768.jpg 768w, https:\/\/cormac.eu\/wp-content\/uploads\/2022\/06\/fecoatec-melted-chocolate-600x600.jpg 600w, https:\/\/cormac.eu\/wp-content\/uploads\/2022\/06\/fecoatec-melted-chocolate-100x100.jpg 100w, https:\/\/cormac.eu\/wp-content\/uploads\/2022\/06\/fecoatec-melted-chocolate.jpg 1180w\" sizes=\"(max-width: 130px) 100vw, 130px\" \/>\u00a0 \u00a0<img decoding=\"async\" class=\"wp-image-3648\" src=\"https:\/\/cormac.eu\/wp-content\/uploads\/2022\/06\/Fecoatec-bowl-of-chocolate-and-milk-vanilla-cream-300x300.jpg\" alt=\"\" width=\"156\" height=\"156\" srcset=\"https:\/\/cormac.eu\/wp-content\/uploads\/2022\/06\/Fecoatec-bowl-of-chocolate-and-milk-vanilla-cream-300x300.jpg 300w, https:\/\/cormac.eu\/wp-content\/uploads\/2022\/06\/Fecoatec-bowl-of-chocolate-and-milk-vanilla-cream.jpg 1024w, https:\/\/cormac.eu\/wp-content\/uploads\/2022\/06\/Fecoatec-bowl-of-chocolate-and-milk-vanilla-cream-150x150.jpg 150w, https:\/\/cormac.eu\/wp-content\/uploads\/2022\/06\/Fecoatec-bowl-of-chocolate-and-milk-vanilla-cream-768x768.jpg 768w, https:\/\/cormac.eu\/wp-content\/uploads\/2022\/06\/Fecoatec-bowl-of-chocolate-and-milk-vanilla-cream-600x600.jpg 600w, https:\/\/cormac.eu\/wp-content\/uploads\/2022\/06\/Fecoatec-bowl-of-chocolate-and-milk-vanilla-cream-100x100.jpg 100w\" sizes=\"(max-width: 156px) 100vw, 156px\" \/> \u00a0<img decoding=\"async\" class=\"wp-image-3649\" src=\"https:\/\/cormac.eu\/wp-content\/uploads\/2022\/06\/fecoatec-chocolate-cream-swirl-300x300.jpg\" alt=\"\" width=\"160\" height=\"160\" srcset=\"https:\/\/cormac.eu\/wp-content\/uploads\/2022\/06\/fecoatec-chocolate-cream-swirl-300x300.jpg 300w, https:\/\/cormac.eu\/wp-content\/uploads\/2022\/06\/fecoatec-chocolate-cream-swirl.jpg 1024w, https:\/\/cormac.eu\/wp-content\/uploads\/2022\/06\/fecoatec-chocolate-cream-swirl-150x150.jpg 150w, https:\/\/cormac.eu\/wp-content\/uploads\/2022\/06\/fecoatec-chocolate-cream-swirl-768x768.jpg 768w, https:\/\/cormac.eu\/wp-content\/uploads\/2022\/06\/fecoatec-chocolate-cream-swirl-600x600.jpg 600w, https:\/\/cormac.eu\/wp-content\/uploads\/2022\/06\/fecoatec-chocolate-cream-swirl-100x100.jpg 100w\" sizes=\"(max-width: 160px) 100vw, 160px\" \/><\/p>\n<div class=\"mceTemp\"><\/div>\n<div class=\"mceTemp\"><\/div>\n<p>&nbsp;<\/p>\n<table style=\"height: 1030px\" width=\"701\">\n<tbody>\n<tr>\n<td width=\"230\"><strong>Funkcie<\/strong><\/td>\n<td width=\"355\"><strong>V\u00fdhody<\/strong><\/td>\n<\/tr>\n<tr>\n<td>Kompletne z nehrdzavej\u00facej ocele AISI304L<\/td>\n<td>\n<ul>\n<li>Hygiena<\/li>\n<li>Jednoduch\u00e9 \u010distenie<\/li>\n<\/ul>\n<\/td>\n<\/tr>\n<tr>\n<td>Na sn\u00edma\u010doch za\u0165a\u017eenia<\/td>\n<td>\n<ul>\n<li>Recepcia a kontrola d\u00e1vkovania<\/li>\n<\/ul>\n<\/td>\n<\/tr>\n<tr>\n<td>2 mix\u00e9ry<\/td>\n<td>\n<ul>\n<li>R\u00fdchle rozp\u00fa\u0161\u0165anie.<\/li>\n<li>Homog\u00e9nna hmotnos\u0165.<\/li>\n<li>R\u00fdchlos\u0165 ot\u00e1\u010dania riaden\u00e1 pomocou HMI<\/li>\n<\/ul>\n<\/td>\n<\/tr>\n<tr>\n<td>Stenov\u00e9 \u0161krabky na potraviny s detekciou \u00faniku oleja<\/td>\n<td>\n<ul>\n<li>Zabr\u00e1\u0148te vniknutiu oleja z prevodovky do n\u00e1dr\u017ee<\/li>\n<\/ul>\n<\/td>\n<\/tr>\n<tr>\n<td>Integrovan\u00e9 \u010derpadl\u00e1 a potrubia<\/td>\n<td>\n<ul>\n<li>S\u00faprava Plug and Play na ly\u017ei<\/li>\n<\/ul>\n<\/td>\n<\/tr>\n<tr>\n<td>Pl\u00e1\u0161\u0165<\/td>\n<td>\n<ul>\n<li>Regul\u00e1cia teploty<\/li>\n<li>Zabr\u00e1ni\u0165 hromadnej kry\u0161taliz\u00e1cii<\/li>\n<\/ul>\n<\/td>\n<\/tr>\n<tr>\n<td>Riaden\u00e9 PLC \/ HMI<\/td>\n<td>\n<ul>\n<li>Presn\u00e9 ovl\u00e1danie parametrov<\/li>\n<li>Skladovanie pr\u00edjemcu<\/li>\n<li>Nastavenie hmotnostn\u00fdch hlad\u00edn a prietokov<\/li>\n<\/ul>\n<\/td>\n<\/tr>\n<tr>\n<td>VOLITE\u013dN\u00c9<\/td>\n<td><\/td>\n<\/tr>\n<tr>\n<td>Pr\u00edstupov\u00e1 platforma<\/td>\n<td>\n<ul>\n<li>Pr\u00edstup k vysok\u00fdm dver\u00e1m n\u00e1dr\u017ee<\/li>\n<\/ul>\n<\/td>\n<\/tr>\n<tr>\n<td>Syst\u00e9m CIP<\/td>\n<td>\n<ul>\n<li>Automatizovan\u00fd proces \u010distenia.<\/li>\n<li>Menej prestojov.<\/li>\n<\/ul>\n<\/td>\n<\/tr>\n<tr>\n<td>Vykonanie AISI 316L<\/td>\n<td>\n<ul>\n<li>Odpor\u00fa\u010da sa v pr\u00edpade, \u017ee CIP pou\u017e\u00edva agres\u00edvne l\u00e1tky<\/li>\n<\/ul>\n<\/td>\n<\/tr>\n<tr>\n<td>Automatick\u00fd syst\u00e9m nakladania<\/td>\n<td>\n<ul>\n<li>Vy\u0161\u0161ia \u00fa\u010dinnos\u0165<\/li>\n<li>Lep\u0161ia konzistencia v\u00fdrobkov<\/li>\n<\/ul>\n<\/td>\n<\/tr>\n<\/tbody>\n<\/table>\n<p>&nbsp;<\/p>","protected":false},"excerpt":{"rendered":"<p>Kompaktn\u00e1 s\u00faprava taviacich, zmie\u0161avac\u00edch a vyrovn\u00e1vac\u00edch n\u00e1dr\u017e\u00ed na ly\u017eiari, kompletn\u00e1 s \u010derpadlami a potrub\u00edm<\/p>","protected":false},"featured_media":3651,"comment_status":"open","ping_status":"closed","template":"","meta":{"uix_meta_title":"","uix_meta_description":"","uix_canonical_url":""},"product_brand":[],"product_cat":[104],"product_tag":[187,238,241,190,237,201],"class_list":{"0":"post-3652","1":"product","2":"type-product","3":"status-publish","4":"has-post-thumbnail","6":"product_cat-processing","7":"product_tag-biscuit-creams","8":"product_tag-chocolate-mass","9":"product_tag-compound","10":"product_tag-dairy-creams","11":"product_tag-fat-masses","12":"product_tag-wafer-creams","14":"first","15":"instock","16":"shipping-taxable","17":"product-type-simple"},"_links":{"self":[{"href":"https:\/\/cormac.eu\/sk\/wp-json\/wp\/v2\/product\/3652","targetHints":{"allow":["GET"]}}],"collection":[{"href":"https:\/\/cormac.eu\/sk\/wp-json\/wp\/v2\/product"}],"about":[{"href":"https:\/\/cormac.eu\/sk\/wp-json\/wp\/v2\/types\/product"}],"replies":[{"embeddable":true,"href":"https:\/\/cormac.eu\/sk\/wp-json\/wp\/v2\/comments?post=3652"}],"wp:featuredmedia":[{"embeddable":true,"href":"https:\/\/cormac.eu\/sk\/wp-json\/wp\/v2\/media\/3651"}],"wp:attachment":[{"href":"https:\/\/cormac.eu\/sk\/wp-json\/wp\/v2\/media?parent=3652"}],"wp:term":[{"taxonomy":"product_brand","embeddable":true,"href":"https:\/\/cormac.eu\/sk\/wp-json\/wp\/v2\/product_brand?post=3652"},{"taxonomy":"product_cat","embeddable":true,"href":"https:\/\/cormac.eu\/sk\/wp-json\/wp\/v2\/product_cat?post=3652"},{"taxonomy":"product_tag","embeddable":true,"href":"https:\/\/cormac.eu\/sk\/wp-json\/wp\/v2\/product_tag?post=3652"}],"curies":[{"name":"wp","href":"https:\/\/api.w.org\/{rel}","templated":true}]}}