{"id":3632,"date":"2022-06-05T14:58:31","date_gmt":"2022-06-05T12:58:31","guid":{"rendered":"https:\/\/cormac.eu\/?post_type=product&#038;p=3632"},"modified":"2022-06-05T18:11:51","modified_gmt":"2022-06-05T16:11:51","slug":"linka-na-spracovanie-smotany","status":"publish","type":"product","link":"https:\/\/cormac.eu\/sk\/product\/cream-processing-line\/","title":{"rendered":"Linka na spracovanie smotany"},"content":{"rendered":"<p>Linka na spracovanie smotany na mieru bude prij\u00edma\u0165 v\u00fdrobok z prim\u00e1rneho dopravn\u00edka alebo sa bude naklada\u0165 ru\u010dne. Spracovate\u013esk\u00e1 linka spravidla kombinuje viacosov\u00e9 ukladacie stanice a vstrekovacie stanice so zdobiacimi a posypov\u00fdmi jednotkami, aby bolo mo\u017en\u00e9 vykona\u0165 viacero oper\u00e1ci\u00ed s t\u00fdm ist\u00fdm v\u00fdrobkom, zatia\u013e \u010do ten sa nepretr\u017eite pohybuje na vyhradenom dopravn\u00edku. V\u00fdrobky sa m\u00f4\u017eu na dopravn\u00edku prepravova\u0165 bu\u010f v priamom kontakte s dopravn\u00edkom, v\u00e4\u010d\u0161inou pomocou letov\u00fdch ty\u010d\u00ed s n\u00edzkym tren\u00edm, alebo v tepelne tvarovan\u00fdch z\u00e1sobn\u00edkoch. Tieto spracovate\u013esk\u00e9 linky m\u00f4\u017eu by\u0165 usporiadan\u00e9 pre r\u00f4zne typy v\u00fdrobkov. M\u00f4\u017eeme si napr\u00edklad predstavi\u0165 linku na spracovanie \u00e9clairs. Do nej sa najprv vstrekne \u010derstv\u00fd kr\u00e9m, po ktorom nasleduje poleva z fond\u00e1nu alebo polevy. \u010eal\u0161\u00edm pr\u00edkladom takejto linky m\u00f4\u017ee by\u0165 vstrekovanie \u010derstv\u00e9ho kr\u00e9mu do buchiet choux alebo profiteroles, po ktorom nasleduje zdobenie \u010dokol\u00e1dovou fond\u00e1novou polevou. Alebo si m\u00f4\u017eem predstavi\u0165 vstrekovanie d\u017eemu do berl\u00ednskych \u0161i\u0161iek alebo kr\u00e1janie a otv\u00e1ranie dlh\u00fdch \u0161i\u0161iek s pruhmi d\u017eemu, kr\u00e9mu alebo jablkov\u00e9ho pyr\u00e9, po ktor\u00fdch nasleduje nan\u00e1\u0161anie \u010derstv\u00e9ho prevzdu\u0161nen\u00e9ho kr\u00e9mu. K t\u00fdmto l\u00edni\u00e1m by patrilo aj nan\u00e1\u0161anie fond\u00e1nu a zdobenie na vrch pi\u0161k\u00f3ty.  Kombin\u00e1cie v\u00fdrobkov s\u00fa nekone\u010dn\u00e9 a tieto linky predstavuj\u00fa pre z\u00e1kazn\u00edka hodnotn\u00fa a flexibiln\u00fa invest\u00edciu.<\/p>\n<p><img decoding=\"async\" class=\"alignnone size-medium wp-image-3634\" src=\"https:\/\/cormac.eu\/wp-content\/uploads\/2022\/06\/wymbs-processing-line-01-300x53.jpg\" alt=\"\" width=\"300\" height=\"53\" srcset=\"https:\/\/cormac.eu\/wp-content\/uploads\/2022\/06\/wymbs-processing-line-01-300x53.jpg 300w, https:\/\/cormac.eu\/wp-content\/uploads\/2022\/06\/wymbs-processing-line-01-1024x180.jpg 1024w, https:\/\/cormac.eu\/wp-content\/uploads\/2022\/06\/wymbs-processing-line-01-768x135.jpg 768w, https:\/\/cormac.eu\/wp-content\/uploads\/2022\/06\/wymbs-processing-line-01-600x105.jpg 600w, https:\/\/cormac.eu\/wp-content\/uploads\/2022\/06\/wymbs-processing-line-01.jpg 1140w\" sizes=\"(max-width: 300px) 100vw, 300px\" \/>\u00a0 \u00a0<img decoding=\"async\" class=\"alignnone wp-image-3640\" src=\"https:\/\/cormac.eu\/wp-content\/uploads\/2022\/06\/wymbs-processing-line-6-300x245.jpg\" alt=\"\" width=\"127\" height=\"104\" srcset=\"https:\/\/cormac.eu\/wp-content\/uploads\/2022\/06\/wymbs-processing-line-6-300x245.jpg 300w, https:\/\/cormac.eu\/wp-content\/uploads\/2022\/06\/wymbs-processing-line-6.jpg 430w\" sizes=\"(max-width: 127px) 100vw, 127px\" \/> <img decoding=\"async\" class=\"alignnone size-full wp-image-3639\" src=\"https:\/\/cormac.eu\/wp-content\/uploads\/2022\/06\/wymbs-processing-line-5.jpg\" alt=\"\" width=\"150\" height=\"112\" \/> <img loading=\"lazy\" decoding=\"async\" class=\"alignnone size-full wp-image-3638\" src=\"https:\/\/cormac.eu\/wp-content\/uploads\/2022\/06\/wymbs-processing-line-4.jpg\" alt=\"\" width=\"150\" height=\"112\" \/> <img loading=\"lazy\" decoding=\"async\" class=\"alignnone size-full wp-image-3637\" src=\"https:\/\/cormac.eu\/wp-content\/uploads\/2022\/06\/wymbs-processing-line-3.jpg\" alt=\"\" width=\"150\" height=\"112\" \/> <img loading=\"lazy\" decoding=\"async\" class=\"alignnone size-full wp-image-3636\" src=\"https:\/\/cormac.eu\/wp-content\/uploads\/2022\/06\/wymbs-processing-line-2.jpg\" alt=\"\" width=\"150\" height=\"112\" \/><\/p>\n<p>&nbsp;<\/p>\n<table>\n<tbody>\n<tr>\n<td width=\"276\">\u00a0<strong>Funkcie<\/strong><\/td>\n<td width=\"328\">\u00a0<strong>V\u00fdhody<\/strong><\/td>\n<\/tr>\n<tr>\n<td>Obklad a nosn\u00fd syst\u00e9m z nehrdzavej\u00facej ocele<\/td>\n<td>\n<ul>\n<li>n\u00edzka hmotnos\u0165<\/li>\n<li>siln\u00e1<\/li>\n<li>jednoduch\u00e9 \u010distenie<\/li>\n<\/ul>\n<\/td>\n<\/tr>\n<tr>\n<td>Miestny dotykov\u00fd displej HMI so vzdialen\u00fdm elektrick\u00fdm panelom<\/td>\n<td>\n<ul>\n<li>ukladanie parametrov<\/li>\n<li>riadenie procesu<\/li>\n<li>jednoduch\u00e1 obsluha<\/li>\n<\/ul>\n<\/td>\n<\/tr>\n<tr>\n<td>Mo\u017enosti<\/td>\n<td>\n<ul>\n<li>integrovan\u00fd ukladac\u00ed dopravn\u00edk<\/li>\n<li>injek\u010dn\u00e9 stanice<\/li>\n<li>syst\u00e9m f\u00f3li\u00ed<\/li>\n<li>dekor\u00e1tory re\u0165azcov<\/li>\n<li>a viac<\/li>\n<\/ul>\n<\/td>\n<\/tr>\n<\/tbody>\n<\/table>\n<p>&nbsp;<\/p>\n<p>&nbsp;<\/p>","protected":false},"excerpt":{"rendered":"<p>V\u0161estrann\u00e1 a flexibiln\u00e1 v\u00fdrobn\u00e1 linka kombinuj\u00faca viacn\u00e1sobn\u00e9 nan\u00e1\u0161acie syst\u00e9my so vstrekovac\u00edmi, odformovac\u00edmi a kropiacimi jednotkami.<\/p>","protected":false},"featured_media":3633,"comment_status":"open","ping_status":"closed","template":"","meta":{"uix_meta_title":"","uix_meta_description":"","uix_canonical_url":""},"product_brand":[],"product_cat":[104],"product_tag":[187,229,227,228,225,226],"class_list":{"0":"post-3632","1":"product","2":"type-product","3":"status-publish","4":"has-post-thumbnail","6":"product_cat-processing","7":"product_tag-biscuit-creams","8":"product_tag-biscuits","9":"product_tag-choux-buns","10":"product_tag-doughnuts","11":"product_tag-eclairs","12":"product_tag-profiteroles","14":"first","15":"instock","16":"shipping-taxable","17":"product-type-simple"},"_links":{"self":[{"href":"https:\/\/cormac.eu\/sk\/wp-json\/wp\/v2\/product\/3632","targetHints":{"allow":["GET"]}}],"collection":[{"href":"https:\/\/cormac.eu\/sk\/wp-json\/wp\/v2\/product"}],"about":[{"href":"https:\/\/cormac.eu\/sk\/wp-json\/wp\/v2\/types\/product"}],"replies":[{"embeddable":true,"href":"https:\/\/cormac.eu\/sk\/wp-json\/wp\/v2\/comments?post=3632"}],"wp:featuredmedia":[{"embeddable":true,"href":"https:\/\/cormac.eu\/sk\/wp-json\/wp\/v2\/media\/3633"}],"wp:attachment":[{"href":"https:\/\/cormac.eu\/sk\/wp-json\/wp\/v2\/media?parent=3632"}],"wp:term":[{"taxonomy":"product_brand","embeddable":true,"href":"https:\/\/cormac.eu\/sk\/wp-json\/wp\/v2\/product_brand?post=3632"},{"taxonomy":"product_cat","embeddable":true,"href":"https:\/\/cormac.eu\/sk\/wp-json\/wp\/v2\/product_cat?post=3632"},{"taxonomy":"product_tag","embeddable":true,"href":"https:\/\/cormac.eu\/sk\/wp-json\/wp\/v2\/product_tag?post=3632"}],"curies":[{"name":"wp","href":"https:\/\/api.w.org\/{rel}","templated":true}]}}