{"id":3630,"date":"2022-06-05T14:25:33","date_gmt":"2022-06-05T12:25:33","guid":{"rendered":"https:\/\/cormac.eu\/?post_type=product&#038;p=3630"},"modified":"2022-06-05T14:56:26","modified_gmt":"2022-06-05T12:56:26","slug":"system-ukladania-pod-pas","status":"publish","type":"product","link":"https:\/\/cormac.eu\/sk\/product\/underband-depositing-system\/","title":{"rendered":"Syst\u00e9m ukladania pod p\u00e1s"},"content":{"rendered":"<p>Univerz\u00e1lny horn\u00fd pohonn\u00fd syst\u00e9m m\u00f4\u017ee by\u0165 namontovan\u00fd medzi pe\u010diacou a vratnou plochou, na dopravn\u00edku na pe\u010denie alebo na pohyblivom oce\u013eovom p\u00e1se pece, ktor\u00fd sa zvy\u010dajne pou\u017e\u00edva na kol\u00e1\u010de Jaffa. Takisto by mohol by\u0165 postaven\u00fd ako nov\u00fd s vlastn\u00fdm integrovan\u00fdm odkladac\u00edm dopravn\u00edkom. Podp\u00e1sov\u00fd pohonn\u00fd syst\u00e9m bol v podstate skon\u0161truovan\u00fd tak, aby sa do\u0148 zmestil n\u00e1\u0161 sortiment objemov\u00fdch vkladac\u00edch rozde\u013eova\u010dov, ale m\u00f4\u017ee by\u0165 vybaven\u00fd aj r\u00f4znymi typmi rozde\u013eova\u010dov na tlakov\u00e9 vkladanie jednoduch\u00fdch alebo kombinovan\u00fdch v\u00fdrobkov alebo dr\u00f4ten\u00fdch rezan\u00fdch marshmallows.<\/p>\n<p>&nbsp;<\/p>\n<p><img decoding=\"async\" class=\"alignnone size-full wp-image-3631\" src=\"https:\/\/cormac.eu\/wp-content\/uploads\/2022\/06\/Afbeelding-jaffa-cake.jpg\" alt=\"\" width=\"173\" height=\"119\" \/>\u00a0 <img decoding=\"async\" class=\"alignnone wp-image-3629\" src=\"https:\/\/cormac.eu\/wp-content\/uploads\/2022\/06\/piskoty.jpg\" alt=\"\" width=\"116\" height=\"120\" \/>\u00a0 <img decoding=\"async\" class=\"alignnone wp-image-3074\" src=\"https:\/\/cormac.eu\/wp-content\/uploads\/2022\/05\/Wymbs-Universal-MDS-ladyfinger-2.jpg\" alt=\"\" width=\"182\" height=\"107\" \/>\u00a0 <img loading=\"lazy\" decoding=\"async\" class=\"alignnone wp-image-3626\" src=\"https:\/\/cormac.eu\/wp-content\/uploads\/2022\/06\/Underband-application-300x259.jpg\" alt=\"\" width=\"138\" height=\"119\" srcset=\"https:\/\/cormac.eu\/wp-content\/uploads\/2022\/06\/Underband-application-300x259.jpg 300w, https:\/\/cormac.eu\/wp-content\/uploads\/2022\/06\/Underband-application.jpg 330w\" sizes=\"(max-width: 138px) 100vw, 138px\" \/><\/p>\n<p>&nbsp;<\/p>\n<table>\n<tbody>\n<tr>\n<td width=\"276\">\u00a0<strong>Funkcie<\/strong><\/td>\n<td width=\"328\">\u00a0<strong>V\u00fdhody<\/strong><\/td>\n<\/tr>\n<tr>\n<td>Obklad a nosn\u00fd syst\u00e9m z nehrdzavej\u00facej ocele<\/td>\n<td>\n<ul>\n<li>n\u00edzka hmotnos\u0165<\/li>\n<li>siln\u00e1<\/li>\n<li>jednoduch\u00e9 \u010distenie<\/li>\n<\/ul>\n<\/td>\n<\/tr>\n<tr>\n<td>Miestny dotykov\u00fd displej HMI so vzdialen\u00fdm elektrick\u00fdm panelom<\/td>\n<td>\n<ul>\n<li>ukladanie parametrov<\/li>\n<li>riadenie procesu<\/li>\n<li>jednoduch\u00e1 obsluha<\/li>\n<\/ul>\n<\/td>\n<\/tr>\n<tr>\n<td>Mo\u017enosti<\/td>\n<td>\n<ul>\n<li>Integrovan\u00fd ukladac\u00ed dopravn\u00edk<\/li>\n<li>d\u00e1vkovacia a vyrovn\u00e1vacia jednotka na su\u0161ienky<\/li>\n<\/ul>\n<\/td>\n<\/tr>\n<\/tbody>\n<\/table>\n<p>&nbsp;<\/p>","protected":false},"excerpt":{"rendered":"<p>Pohonn\u00fd syst\u00e9m na in\u0161tal\u00e1ciu medzi pe\u010diacu a vratn\u00fa plochu v\u00fdrobnej linky na pe\u010den\u00e9 v\u00fdrobky.<\/p>","protected":false},"featured_media":3627,"comment_status":"open","ping_status":"closed","template":"","meta":{"uix_meta_title":"","uix_meta_description":"","uix_canonical_url":""},"product_brand":[],"product_cat":[104],"product_tag":[223,219,194,195,196,197,198,222,207,202],"class_list":{"0":"post-3630","1":"product","2":"type-product","3":"status-publish","4":"has-post-thumbnail","6":"product_cat-processing","7":"product_tag-ganache","8":"product_tag-jaffa-cakes","9":"product_tag-jams-jellies","10":"product_tag-lady-fingers","11":"product_tag-marshmallows","12":"product_tag-meringues","13":"product_tag-muffins-cupcakes","14":"product_tag-piskoty","15":"product_tag-pralines","16":"product_tag-sponge-drops","18":"first","19":"instock","20":"shipping-taxable","21":"product-type-simple"},"_links":{"self":[{"href":"https:\/\/cormac.eu\/sk\/wp-json\/wp\/v2\/product\/3630","targetHints":{"allow":["GET"]}}],"collection":[{"href":"https:\/\/cormac.eu\/sk\/wp-json\/wp\/v2\/product"}],"about":[{"href":"https:\/\/cormac.eu\/sk\/wp-json\/wp\/v2\/types\/product"}],"replies":[{"embeddable":true,"href":"https:\/\/cormac.eu\/sk\/wp-json\/wp\/v2\/comments?post=3630"}],"wp:featuredmedia":[{"embeddable":true,"href":"https:\/\/cormac.eu\/sk\/wp-json\/wp\/v2\/media\/3627"}],"wp:attachment":[{"href":"https:\/\/cormac.eu\/sk\/wp-json\/wp\/v2\/media?parent=3630"}],"wp:term":[{"taxonomy":"product_brand","embeddable":true,"href":"https:\/\/cormac.eu\/sk\/wp-json\/wp\/v2\/product_brand?post=3630"},{"taxonomy":"product_cat","embeddable":true,"href":"https:\/\/cormac.eu\/sk\/wp-json\/wp\/v2\/product_cat?post=3630"},{"taxonomy":"product_tag","embeddable":true,"href":"https:\/\/cormac.eu\/sk\/wp-json\/wp\/v2\/product_tag?post=3630"}],"curies":[{"name":"wp","href":"https:\/\/api.w.org\/{rel}","templated":true}]}}