{"id":3186,"date":"2022-05-29T22:54:30","date_gmt":"2022-05-29T20:54:30","guid":{"rendered":"https:\/\/cormac.eu\/?post_type=product&#038;p=3186"},"modified":"2022-06-01T11:34:35","modified_gmt":"2022-06-01T09:34:35","slug":"potahovacia-panvica-2","status":"publish","type":"product","link":"https:\/\/cormac.eu\/sk\/product\/coating-pan-2\/","title":{"rendered":"Automatick\u00e1 lakovacia panvica"},"content":{"rendered":"<p>Automatick\u00e1 po\u0165ahovacia miska na po\u0165ahovanie cukrov\u00fdm sirupom, roztokom bez cukru, \u010dokol\u00e1dou alebo tukovou hmotou. Samotn\u00e1 po\u0165ahovacia n\u00e1doba je vodorovn\u00fd valec ulo\u017een\u00fd na 4 vo\u013ene sa pohybuj\u00facich hriade\u013eov\u00fdch koles\u00e1ch.Panva je poh\u00e1\u0148an\u00e1 ozuben\u00fdm reme\u0148om po celom vonkaj\u0161om obvode. Po\u010das natierania je hladina v\u00fdrobku vo vn\u00fatri n\u00edzka a rozprestiera sa do\u0161iroka, tak\u017ee v\u00fdrobok r\u00fdchlej\u0161ie schne a po\u010das procesu natierania podlieha men\u0161iemu treniu a tlaku. Rovnomern\u00e9 rozlo\u017eenie vzduchu pozd\u013a\u017e lakovacej misy zabezpe\u010duje rovnomern\u00e9 vystavenie v\u00fdrobku p\u00f4sobeniu vzduchu, a ke\u010f\u017ee sa vo vn\u00fatri udr\u017eiava nagat\u00edvny tlak, neunik\u00e1 prach. Vo vn\u00fatri lakovacej panvice striekaj\u00fa \u0161peci\u00e1lne trysky lakovac\u00ed roztok na v\u00fdrobky. Aromatick\u00e9, farebn\u00e9, kapolov\u00e9 a pr\u00e1\u0161kov\u00e9 pr\u00edsady sa m\u00f4\u017eu aplikova\u0165 prostredn\u00edctvom \u010fal\u0161\u00edch zariaden\u00ed. Po\u010das cel\u00e9ho lakovacieho cyklu nie je potrebn\u00e1 \u017eiadna obsluha. Stroj m\u00e1 r\u00fdchle \u010dasy cyklov, napr\u00edklad pribli\u017ene 4 hodiny pre cukrov\u00fa \u0161krupinu 30%, vr\u00e1tane le\u0161tenia. Cyklus le\u0161tenia prebieha automaticky po ukon\u010den\u00ed cyklu nan\u00e1\u0161ania povlaku.<\/p>\n<p>V\u0161eobecne sa tieto lakovacie panvice dod\u00e1vaj\u00fa na k\u013e\u00fa\u010d a kompletn\u00e9 vr\u00e1tane ved\u013eaj\u0161ieho vybavenia v z\u00e1vislosti od aplik\u00e1cie, ako s\u00fa vari\u010de sirupu, rozp\u00fa\u0161\u0165acie zariadenia pre roztoky bez cukru, syst\u00e9my na zachyt\u00e1vanie prachu a ods\u00e1vanie vzduchu, n\u00e1dr\u017ee na sirup, n\u00e1dr\u017ee na \u010dokol\u00e1du, syst\u00e9my na distrib\u00faciu pr\u00e1\u0161ku, automatick\u00e9 syst\u00e9my nakladania a vykladania a syst\u00e9my CIP. D\u00f4le\u017eit\u00fdm pomocn\u00fdm zariaden\u00edm, ktor\u00e9 tvor\u00ed s\u00fa\u010das\u0165 celkovej dod\u00e1vky, je \u0161pecializovan\u00e1 jednotka na \u00fapravu a su\u0161enie vzduchu.<\/p>\n<table>\n<tbody>\n<tr>\n<td colspan=\"6\" width=\"604\">\n<p style=\"text-align: center\"><strong>Dostupn\u00e9 kapacity \u00a0<\/strong><\/p>\n<\/td>\n<\/tr>\n<tr>\n<td width=\"123\">\n<p style=\"text-align: center\"><strong>V\u00fdroba:<\/strong><\/p>\n<\/td>\n<td style=\"text-align: center\" width=\"88\"><strong>laborat\u00f3rna stupnica<\/strong><\/td>\n<td style=\"text-align: center\" width=\"101\"><strong>Mal\u00e9<\/strong><\/td>\n<td style=\"text-align: center\" width=\"104\"><strong>stredn\u00e1<\/strong><\/td>\n<td colspan=\"2\" width=\"189\">\n<p style=\"text-align: center\"><strong>Ve\u013ek\u00fd<\/strong><\/p>\n<\/td>\n<\/tr>\n<tr>\n<td width=\"123\"><strong>Kapacita panvice<\/strong><\/td>\n<td width=\"88\">\n<p style=\"text-align: center\">25<\/p>\n<\/td>\n<td style=\"text-align: center\" width=\"101\">600<\/td>\n<td style=\"text-align: center\" width=\"104\">1050<\/td>\n<td style=\"text-align: center\" width=\"97\">2250<\/td>\n<td width=\"92\">\n<p style=\"text-align: center\">3650<\/p>\n<\/td>\n<\/tr>\n<tr>\n<td width=\"123\"><strong>Hotov\u00fd v\u00fdrobok<\/strong><\/td>\n<td width=\"88\">\n<p style=\"text-align: center\">20<\/p>\n<\/td>\n<td style=\"text-align: center\" width=\"101\">500<\/td>\n<td style=\"text-align: center\" width=\"104\">875<\/td>\n<td style=\"text-align: center\" width=\"97\">1875<\/td>\n<td width=\"92\">\n<p style=\"text-align: center\">3000<\/p>\n<\/td>\n<\/tr>\n<\/tbody>\n<\/table>\n<p>&nbsp;<\/p>\n<p><strong>Pr\u00edklady pou\u017eitia:<\/strong><\/p>\n<p><img decoding=\"async\" class=\"wp-image-3185\" src=\"https:\/\/cormac.eu\/wp-content\/uploads\/2022\/05\/fecoatec-Bombo-sugar-coated-300x300.jpg\" alt=\"\" width=\"137\" height=\"137\" srcset=\"https:\/\/cormac.eu\/wp-content\/uploads\/2022\/05\/fecoatec-Bombo-sugar-coated-300x300.jpg 300w, https:\/\/cormac.eu\/wp-content\/uploads\/2022\/05\/fecoatec-Bombo-sugar-coated.jpg 1024w, https:\/\/cormac.eu\/wp-content\/uploads\/2022\/05\/fecoatec-Bombo-sugar-coated-150x150.jpg 150w, https:\/\/cormac.eu\/wp-content\/uploads\/2022\/05\/fecoatec-Bombo-sugar-coated-768x768.jpg 768w, https:\/\/cormac.eu\/wp-content\/uploads\/2022\/05\/fecoatec-Bombo-sugar-coated-600x600.jpg 600w, https:\/\/cormac.eu\/wp-content\/uploads\/2022\/05\/fecoatec-Bombo-sugar-coated-100x100.jpg 100w\" sizes=\"(max-width: 137px) 100vw, 137px\" \/>\u00a0 \u00a0 <img decoding=\"async\" class=\"wp-image-3184\" src=\"https:\/\/cormac.eu\/wp-content\/uploads\/2022\/05\/Fecoatec-Bombo-chocolate-coated-300x300.jpg\" alt=\"\" width=\"138\" height=\"138\" srcset=\"https:\/\/cormac.eu\/wp-content\/uploads\/2022\/05\/Fecoatec-Bombo-chocolate-coated-300x300.jpg 300w, https:\/\/cormac.eu\/wp-content\/uploads\/2022\/05\/Fecoatec-Bombo-chocolate-coated.jpg 1024w, https:\/\/cormac.eu\/wp-content\/uploads\/2022\/05\/Fecoatec-Bombo-chocolate-coated-150x150.jpg 150w, https:\/\/cormac.eu\/wp-content\/uploads\/2022\/05\/Fecoatec-Bombo-chocolate-coated-768x768.jpg 768w, https:\/\/cormac.eu\/wp-content\/uploads\/2022\/05\/Fecoatec-Bombo-chocolate-coated-600x600.jpg 600w, https:\/\/cormac.eu\/wp-content\/uploads\/2022\/05\/Fecoatec-Bombo-chocolate-coated-100x100.jpg 100w\" sizes=\"(max-width: 138px) 100vw, 138px\" \/> \u00a0<img decoding=\"async\" class=\"alignnone wp-image-3183\" src=\"https:\/\/cormac.eu\/wp-content\/uploads\/2022\/05\/Fecoatec-bombo-chewing-gum-300x300.jpg\" alt=\"\" width=\"136\" height=\"136\" srcset=\"https:\/\/cormac.eu\/wp-content\/uploads\/2022\/05\/Fecoatec-bombo-chewing-gum-300x300.jpg 300w, https:\/\/cormac.eu\/wp-content\/uploads\/2022\/05\/Fecoatec-bombo-chewing-gum.jpg 1024w, https:\/\/cormac.eu\/wp-content\/uploads\/2022\/05\/Fecoatec-bombo-chewing-gum-150x150.jpg 150w, https:\/\/cormac.eu\/wp-content\/uploads\/2022\/05\/Fecoatec-bombo-chewing-gum-768x768.jpg 768w, https:\/\/cormac.eu\/wp-content\/uploads\/2022\/05\/Fecoatec-bombo-chewing-gum-600x600.jpg 600w, https:\/\/cormac.eu\/wp-content\/uploads\/2022\/05\/Fecoatec-bombo-chewing-gum-100x100.jpg 100w\" sizes=\"(max-width: 136px) 100vw, 136px\" \/> \u00a0<img loading=\"lazy\" decoding=\"async\" class=\"wp-image-3182\" src=\"https:\/\/cormac.eu\/wp-content\/uploads\/2022\/05\/Fecoatec-Bombo-jelly-bean-300x300.jpg\" alt=\"\" width=\"135\" height=\"135\" srcset=\"https:\/\/cormac.eu\/wp-content\/uploads\/2022\/05\/Fecoatec-Bombo-jelly-bean-300x300.jpg 300w, https:\/\/cormac.eu\/wp-content\/uploads\/2022\/05\/Fecoatec-Bombo-jelly-bean.jpg 1024w, https:\/\/cormac.eu\/wp-content\/uploads\/2022\/05\/Fecoatec-Bombo-jelly-bean-150x150.jpg 150w, https:\/\/cormac.eu\/wp-content\/uploads\/2022\/05\/Fecoatec-Bombo-jelly-bean-768x768.jpg 768w, https:\/\/cormac.eu\/wp-content\/uploads\/2022\/05\/Fecoatec-Bombo-jelly-bean-600x600.jpg 600w, https:\/\/cormac.eu\/wp-content\/uploads\/2022\/05\/Fecoatec-Bombo-jelly-bean-100x100.jpg 100w\" sizes=\"(max-width: 135px) 100vw, 135px\" \/><\/p>\n<table width=\"586\">\n<tbody>\n<tr>\n<td width=\"234\">\n<p style=\"text-align: center\"><strong>Funkcie<\/strong><\/p>\n<\/td>\n<td width=\"352\">\n<p style=\"text-align: center\"><strong>V\u00fdhody<\/strong><\/p>\n<\/td>\n<\/tr>\n<tr>\n<td>Kon\u0161trukcia AISI304L Nerezov\u00e1 oce\u013e<\/td>\n<td>\n<ul>\n<li>Pevn\u00e9 kysl\u00edkov\u00e9<\/li>\n<\/ul>\n<\/td>\n<\/tr>\n<tr>\n<td>Jednoduch\u00fd dizajn<\/td>\n<td>\n<ul>\n<li>Jednoduch\u00e1 \u00fadr\u017eba - skr\u00e1ten\u00fd \u010das \u010distenia - r\u00fdchla v\u00fdmena v\u00fdrobkov<\/li>\n<\/ul>\n<\/td>\n<\/tr>\n<tr>\n<td>Panva podopret\u00e1 na 4 vo\u013en\u00fdch kolieskach<\/td>\n<td>\n<ul>\n<li>Plynul\u00e9 a stabiln\u00e9 ot\u00e1\u010danie<\/li>\n<\/ul>\n<\/td>\n<\/tr>\n<tr>\n<td>\u0160peci\u00e1lna kon\u0161trukcia rozpra\u0161ovac\u00edch d\u00fdz<\/td>\n<td>\n<ul>\n<li>Rovnomern\u00e9 nan\u00e1\u0161anie n\u00e1terov\u00e9ho materi\u00e1lu<\/li>\n<\/ul>\n<\/td>\n<\/tr>\n<tr>\n<td>\n<p style=\"text-align: center\">MO\u017dNOSTI:<\/p>\n<\/td>\n<td><\/td>\n<\/tr>\n<tr>\n<td>\n<ul>\n<li>Vyhraden\u00e1 jednotka na manipul\u00e1ciu so vzduchom a su\u0161enie<\/li>\n<\/ul>\n<\/td>\n<td>\u00a0 \u00a0- Na r\u00fdchle su\u0161enie v\u00fdrobku<br \/>\n- Rovnomern\u00e1 distrib\u00facia vzduchu<\/td>\n<\/tr>\n<tr>\n<td>\n<ul>\n<li>D\u00e1vkovacie syst\u00e9my pre ar\u00f3my, farbiv\u00e1 a le\u0161tidl\u00e1<\/li>\n<\/ul>\n<\/td>\n<td><\/td>\n<\/tr>\n<tr>\n<td>\n<ul>\n<li>Automatick\u00e9 syst\u00e9my nakladania\/vykladania<\/li>\n<\/ul>\n<\/td>\n<td><\/td>\n<\/tr>\n<tr>\n<td>\n<ul>\n<li>Vari\u010de sirupu<\/li>\n<\/ul>\n<\/td>\n<td><\/td>\n<\/tr>\n<tr>\n<td>\n<ul>\n<li>N\u00e1dr\u017ee na rozp\u00fa\u0161\u0165anie<\/li>\n<\/ul>\n<\/td>\n<td>\u00a0 \u00a0- Pre n\u00e1terov\u00e9 roztoky bez cukru<\/td>\n<\/tr>\n<tr>\n<td>\n<ul>\n<li>N\u00e1dr\u017ee na sirup a \u010dokol\u00e1du<\/li>\n<\/ul>\n<\/td>\n<td><\/td>\n<\/tr>\n<tr>\n<td>\n<ul>\n<li>Syst\u00e9my CIP<\/li>\n<\/ul>\n<\/td>\n<td><\/td>\n<\/tr>\n<tr>\n<td>\n<ul>\n<li>Sie\u0165 Scada<\/li>\n<\/ul>\n<\/td>\n<td>\u00a0 \u00a0- Kontrola sledovania, zaznamen\u00e1vanie \u00fadajov, recept\u00fara<br \/>\nskladovanie, registr\u00e1cia v\u00fdrobn\u00fdch parametrov<\/td>\n<\/tr>\n<\/tbody>\n<\/table>","protected":false},"excerpt":{"rendered":"<p>In\u0161tal\u00e1cia automatickej po\u0165ahovacej panvice, kompletn\u00e1 a na k\u013e\u00fa\u010d, na po\u0165ahovanie cukrom, \u010dokol\u00e1dou, tukov\u00fdmi po\u0165ahmi a roztokmi bez cukru.<\/p>","protected":false},"featured_media":3181,"comment_status":"open","ping_status":"closed","template":"","meta":{"uix_meta_title":"","uix_meta_description":"","uix_canonical_url":""},"product_brand":[],"product_cat":[135,104],"product_tag":[179,204,178,177],"class_list":{"0":"post-3186","1":"product","2":"type-product","3":"status-publish","4":"has-post-thumbnail","6":"product_cat-laboratory","7":"product_cat-processing","8":"product_tag-chewing-gums","9":"product_tag-chocolate-balls","10":"product_tag-jelly-beans","11":"product_tag-lentils","13":"first","14":"instock","15":"shipping-taxable","16":"product-type-simple"},"_links":{"self":[{"href":"https:\/\/cormac.eu\/sk\/wp-json\/wp\/v2\/product\/3186","targetHints":{"allow":["GET"]}}],"collection":[{"href":"https:\/\/cormac.eu\/sk\/wp-json\/wp\/v2\/product"}],"about":[{"href":"https:\/\/cormac.eu\/sk\/wp-json\/wp\/v2\/types\/product"}],"replies":[{"embeddable":true,"href":"https:\/\/cormac.eu\/sk\/wp-json\/wp\/v2\/comments?post=3186"}],"wp:featuredmedia":[{"embeddable":true,"href":"https:\/\/cormac.eu\/sk\/wp-json\/wp\/v2\/media\/3181"}],"wp:attachment":[{"href":"https:\/\/cormac.eu\/sk\/wp-json\/wp\/v2\/media?parent=3186"}],"wp:term":[{"taxonomy":"product_brand","embeddable":true,"href":"https:\/\/cormac.eu\/sk\/wp-json\/wp\/v2\/product_brand?post=3186"},{"taxonomy":"product_cat","embeddable":true,"href":"https:\/\/cormac.eu\/sk\/wp-json\/wp\/v2\/product_cat?post=3186"},{"taxonomy":"product_tag","embeddable":true,"href":"https:\/\/cormac.eu\/sk\/wp-json\/wp\/v2\/product_tag?post=3186"}],"curies":[{"name":"wp","href":"https:\/\/api.w.org\/{rel}","templated":true}]}}