{"id":3178,"date":"2022-05-29T15:22:36","date_gmt":"2022-05-29T13:22:36","guid":{"rendered":"https:\/\/cormac.eu\/?post_type=product&#038;p=3178"},"modified":"2022-06-05T19:09:17","modified_gmt":"2022-06-05T17:09:17","slug":"chladiaci-tunel-2","status":"publish","type":"product","link":"https:\/\/cormac.eu\/sk\/product\/cooling-tunnel\/","title":{"rendered":"Chladiaci tunel"},"content":{"rendered":"<p>Chladiaci tunel s 2 alebo 4 r\u00f4znymi chladiacimi z\u00f3nami s nez\u00e1visl\u00fdm ovl\u00e1dan\u00edm chladiacej vody a chladiaceho vzduchu. \u0160peci\u00e1lna kon\u0161trukcia tunela pren\u00e1\u0161a teplotu na v\u00fdrobok pomocou konvekcie a vedenia a zabezpe\u010duje maxim\u00e1lne chladenie pri n\u00edzkej spotrebe energie.<\/p>\n<p>Chladenie sa vykon\u00e1va pomocou vzduchu s kontrolovanou teplotou a kon\u0161tantnou r\u00fdchlos\u0165ou\/pr\u00faden\u00edm. Ka\u017ed\u00e1 chladiaca z\u00f3na m\u00e1 chladiacu skupinu zlo\u017een\u00fa z v\u00fdmenn\u00edka tepla, ktor\u00fd pren\u00e1\u0161a teplotu z chladiacej vody na chladiaci vzduch, odstrediv\u00e9ho ventil\u00e1tora s vysokou \u00fa\u010dinnos\u0165ou na vytvorenie po\u017eadovan\u00e9ho prietoku vzduchu a vzduchov\u00e9ho filtra s \u00fa\u010dinnos\u0165ou G4. Teplota vzduchu sa riadi teplotnou sondou, ktor\u00e1 riadi trojcestn\u00e9 modula\u010dn\u00e9 ventily v syst\u00e9me chladiacej vody. Chladenie dna sa dosahuje recirkul\u00e1ciou studenej vody cez studen\u00e9 dosky namontovan\u00e9 na povrchu syst\u00e9mu p\u00e1sovej dopravy. Na vh\u00e1\u0148anie such\u00e9ho vzduchu do tunela sa m\u00f4\u017ee doda\u0165 su\u0161i\u010dka vzduchu, aby sa kontrolovala vlhkos\u0165 vo vn\u00fatri tunela.<\/p>\n<p>Kryty typu Sandwhich s\u00fa vyroben\u00e9 z nehrdzavej\u00facej ocele a s\u00fa naplnen\u00e9 polyuret\u00e1novou izol\u00e1ciou s vysokou hustotou. Kryty sa daj\u00fa \u013eahko zdvihn\u00fa\u0165 na oboch stran\u00e1ch chladiaceho tunela pomocou plynov\u00fdch flia\u0161. Dopravn\u00fd p\u00e1s je z potravin\u00e1rskeho polyuret\u00e1nu a je antistatick\u00fd. Posuvn\u00e1 plocha p\u00e1su je vyroben\u00e1 z nehrdzavej\u00facej ocele. Chladiaci tunel m\u00e1 automatick\u00e9 sledovacie zariadenia umiestnen\u00e9 na vstupe a v\u00fdstupe chladiaceho tunela s laserov\u00fdmi sn\u00edma\u010dmi a pneumatick\u00fdmi cylindermi. To umo\u017e\u0148uje primeran\u00fa kontrolu napnutia p\u00e1su a zabra\u0148uje jeho preklzu.<\/p>\n<p>D\u013a\u017eka chladiaceho tunela sa vypo\u010d\u00edta a uprav\u00ed pod\u013ea procesu z\u00e1kazn\u00edka.<\/p>\n<p><strong>Pr\u00edklady pou\u017eitia<\/strong><\/p>\n<p><img decoding=\"async\" class=\"alignnone wp-image-3176\" src=\"https:\/\/cormac.eu\/wp-content\/uploads\/2022\/05\/candy-3665529_1920-1024x732-1-300x214.jpg\" alt=\"\" width=\"177\" height=\"127\" srcset=\"https:\/\/cormac.eu\/wp-content\/uploads\/2022\/05\/candy-3665529_1920-1024x732-1-300x214.jpg 300w, https:\/\/cormac.eu\/wp-content\/uploads\/2022\/05\/candy-3665529_1920-1024x732-1-768x549.jpg 768w, https:\/\/cormac.eu\/wp-content\/uploads\/2022\/05\/candy-3665529_1920-1024x732-1-600x429.jpg 600w, https:\/\/cormac.eu\/wp-content\/uploads\/2022\/05\/candy-3665529_1920-1024x732-1.jpg 1024w\" sizes=\"(max-width: 177px) 100vw, 177px\" \/>\u00a0 \u00a0<img decoding=\"async\" class=\"wp-image-3175\" src=\"https:\/\/cormac.eu\/wp-content\/uploads\/2022\/05\/granola-bar-with-nuts-fruit-and-berries-on-white-D7QCZ5B-V2-300x300.jpg\" alt=\"\" width=\"143\" height=\"143\" srcset=\"https:\/\/cormac.eu\/wp-content\/uploads\/2022\/05\/granola-bar-with-nuts-fruit-and-berries-on-white-D7QCZ5B-V2-300x300.jpg 300w, https:\/\/cormac.eu\/wp-content\/uploads\/2022\/05\/granola-bar-with-nuts-fruit-and-berries-on-white-D7QCZ5B-V2.jpg 1024w, https:\/\/cormac.eu\/wp-content\/uploads\/2022\/05\/granola-bar-with-nuts-fruit-and-berries-on-white-D7QCZ5B-V2-150x150.jpg 150w, https:\/\/cormac.eu\/wp-content\/uploads\/2022\/05\/granola-bar-with-nuts-fruit-and-berries-on-white-D7QCZ5B-V2-768x768.jpg 768w, https:\/\/cormac.eu\/wp-content\/uploads\/2022\/05\/granola-bar-with-nuts-fruit-and-berries-on-white-D7QCZ5B-V2-600x600.jpg 600w, https:\/\/cormac.eu\/wp-content\/uploads\/2022\/05\/granola-bar-with-nuts-fruit-and-berries-on-white-D7QCZ5B-V2-100x100.jpg 100w\" sizes=\"(max-width: 143px) 100vw, 143px\" \/> <img decoding=\"async\" class=\"alignnone wp-image-3168\" src=\"https:\/\/cormac.eu\/wp-content\/uploads\/2022\/05\/chocolate-rice-cakes-PZY8PSN-V2-300x300.jpg\" alt=\"\" width=\"156\" height=\"156\" srcset=\"https:\/\/cormac.eu\/wp-content\/uploads\/2022\/05\/chocolate-rice-cakes-PZY8PSN-V2-300x300.jpg 300w, https:\/\/cormac.eu\/wp-content\/uploads\/2022\/05\/chocolate-rice-cakes-PZY8PSN-V2.jpg 1024w, https:\/\/cormac.eu\/wp-content\/uploads\/2022\/05\/chocolate-rice-cakes-PZY8PSN-V2-150x150.jpg 150w, https:\/\/cormac.eu\/wp-content\/uploads\/2022\/05\/chocolate-rice-cakes-PZY8PSN-V2-768x768.jpg 768w, https:\/\/cormac.eu\/wp-content\/uploads\/2022\/05\/chocolate-rice-cakes-PZY8PSN-V2-600x600.jpg 600w, https:\/\/cormac.eu\/wp-content\/uploads\/2022\/05\/chocolate-rice-cakes-PZY8PSN-V2-100x100.jpg 100w\" sizes=\"(max-width: 156px) 100vw, 156px\" \/><img loading=\"lazy\" decoding=\"async\" class=\"alignnone wp-image-2956\" src=\"https:\/\/cormac.eu\/wp-content\/uploads\/2022\/05\/Wymbs-Picture-1-pressurized-DMF-300x168.jpg\" alt=\"\" width=\"192\" height=\"108\" srcset=\"https:\/\/cormac.eu\/wp-content\/uploads\/2022\/05\/Wymbs-Picture-1-pressurized-DMF-300x168.jpg 300w, https:\/\/cormac.eu\/wp-content\/uploads\/2022\/05\/Wymbs-Picture-1-pressurized-DMF.jpg 337w\" sizes=\"(max-width: 192px) 100vw, 192px\" \/><\/p>\n<table>\n<tbody>\n<tr>\n<td width=\"264\"><strong>F<\/strong><strong>eatures<\/strong><\/td>\n<td width=\"340\"><strong>V\u00fdhody<\/strong><\/td>\n<\/tr>\n<tr>\n<td width=\"264\">2-4 chladiace z\u00f3ny<\/td>\n<td width=\"340\">\n<ul>\n<li>Nez\u00e1visl\u00e1 z\u00f3nov\u00e1 regul\u00e1cia teploty<\/li>\n<\/ul>\n<\/td>\n<\/tr>\n<tr>\n<td width=\"264\">Polyuret\u00e1nov\u00fd dopravn\u00edkov\u00fd p\u00e1s<\/td>\n<td width=\"340\">\n<ul>\n<li>Potravin\u00e1rska trieda<\/li>\n<li>Antistatick\u00e9<\/li>\n<\/ul>\n<\/td>\n<\/tr>\n<tr>\n<td width=\"264\">Pohon motora SEW s frekven\u010dn\u00fdm meni\u010dom<\/td>\n<td width=\"340\">\n<ul>\n<li>Nastavenie r\u00fdchlosti p\u00e1su<\/li>\n<\/ul>\n<\/td>\n<\/tr>\n<tr>\n<td width=\"264\">Automatick\u00e9 sledovanie a nap\u00ednanie reme\u0148a<\/td>\n<td width=\"340\">\n<ul>\n<li>Kon\u0161tantn\u00e9 nap\u00e4tie dopravn\u00e9ho p\u00e1su<\/li>\n<li>Prevencia proti po\u0161myknutiu<\/li>\n<\/ul>\n<\/td>\n<\/tr>\n<tr>\n<td width=\"264\">Kon\u0161trukcia z nehrdzavej\u00facej ocele AISI304<\/td>\n<td width=\"340\">\n<ul>\n<li>Hygienick\u00e9<\/li>\n<li>Jednoduch\u00e9 \u010distenie<\/li>\n<\/ul>\n<\/td>\n<\/tr>\n<tr>\n<td width=\"264\">R\u00f4zne \u0161\u00edrky<\/td>\n<td width=\"340\">\n<ul>\n<li>Od 350 do 1500 mm<\/li>\n<\/ul>\n<\/td>\n<\/tr>\n<tr>\n<td width=\"264\"><strong>Volite\u013en\u00e9<\/strong><\/td>\n<td width=\"340\"><\/td>\n<\/tr>\n<tr>\n<td width=\"264\">\n<ul>\n<li>Vstrekovanie such\u00e9ho vzduchu<\/li>\n<\/ul>\n<\/td>\n<td width=\"340\">Extern\u00e1 su\u0161i\u010dka vzduchu, ktor\u00e1 vh\u00e1\u0148a such\u00fd vzduch do chladiaceho tunela.<\/td>\n<\/tr>\n<tr>\n<td width=\"264\">\n<ul>\n<li>Spodn\u00e9 chladiace studen\u00e9 dosky<\/li>\n<\/ul>\n<\/td>\n<td width=\"340\">Aby sa umo\u017enilo spodn\u00e9 chladenie, in\u0161taluje sa pod p\u00e1s chladen\u00fd vodou alebo glykolom.<\/td>\n<\/tr>\n<tr>\n<td width=\"264\">\n<ul>\n<li>Vodn\u00fd chladi\u010d<\/li>\n<\/ul>\n<\/td>\n<td width=\"340\">Ak nie je k dispoz\u00edcii v\u00fdrobn\u00e9 potrubie na pr\u00edvod studenej vody, je mo\u017en\u00e9 nain\u0161talova\u0165 extern\u00fd chladi\u010d, ktor\u00fd pracuje s vodou alebo glykolom.<\/td>\n<\/tr>\n<tr>\n<td width=\"264\">\n<ul>\n<li>Elektrick\u00fd ohrieva\u010d vzduchu<\/li>\n<\/ul>\n<\/td>\n<td width=\"340\">In\u0161taluje sa v bode n\u00e1vratu p\u00e1sov, aby sa zn\u00ed\u017eila vlhkos\u0165 ochladen\u00e9ho vzduchu jeho op\u00e4tovn\u00fdm ohrevom.<\/td>\n<\/tr>\n<tr>\n<td width=\"264\">\n<ul>\n<li>Automatick\u00fd p\u00e1sov\u00fd um\u00fdvac\u00ed voz\u00edk<\/li>\n<\/ul>\n<\/td>\n<td width=\"340\">In\u0161taluje sa v mieste n\u00e1vratu reme\u0148a, aby sa reme\u0148 vysu\u0161il. Jeho r\u00e1m je na kolieskach, tak\u017ee sa d\u00e1 \u013eahko odstr\u00e1ni\u0165. So \u0161krabkami na su\u0161enie, z\u00e1sobn\u00edkom na hor\u00facu vodu, motorizovan\u00fdmi kefami a pneumatick\u00fdmi valcami, ktor\u00e9 zdv\u00edhaj\u00fa voz\u00edk do um\u00fdvacej polohy a sp\u00fa\u0161\u0165aj\u00fa ho na odstr\u00e1nenie.<\/td>\n<\/tr>\n<\/tbody>\n<\/table>\n<p>&nbsp;<\/p>\n<p>&nbsp;<\/p>","protected":false},"excerpt":{"rendered":"<p>Chladiaci tunel na chladenie v\u00fdrobkov obalen\u00fdch \u010dokol\u00e1dou, zmesou alebo tukovou hmotou<\/p>","protected":false},"featured_media":3179,"comment_status":"open","ping_status":"closed","template":"","meta":{"uix_meta_title":"","uix_meta_description":"","uix_canonical_url":""},"product_brand":[],"product_cat":[104],"product_tag":[205,206,208,207],"class_list":{"0":"post-3178","1":"product","2":"type-product","3":"status-publish","4":"has-post-thumbnail","6":"product_cat-processing","7":"product_tag-candy-bars","8":"product_tag-chocolate-tablets","9":"product_tag-chocolates","10":"product_tag-pralines","12":"first","13":"instock","14":"shipping-taxable","15":"product-type-simple"},"_links":{"self":[{"href":"https:\/\/cormac.eu\/sk\/wp-json\/wp\/v2\/product\/3178","targetHints":{"allow":["GET"]}}],"collection":[{"href":"https:\/\/cormac.eu\/sk\/wp-json\/wp\/v2\/product"}],"about":[{"href":"https:\/\/cormac.eu\/sk\/wp-json\/wp\/v2\/types\/product"}],"replies":[{"embeddable":true,"href":"https:\/\/cormac.eu\/sk\/wp-json\/wp\/v2\/comments?post=3178"}],"wp:featuredmedia":[{"embeddable":true,"href":"https:\/\/cormac.eu\/sk\/wp-json\/wp\/v2\/media\/3179"}],"wp:attachment":[{"href":"https:\/\/cormac.eu\/sk\/wp-json\/wp\/v2\/media?parent=3178"}],"wp:term":[{"taxonomy":"product_brand","embeddable":true,"href":"https:\/\/cormac.eu\/sk\/wp-json\/wp\/v2\/product_brand?post=3178"},{"taxonomy":"product_cat","embeddable":true,"href":"https:\/\/cormac.eu\/sk\/wp-json\/wp\/v2\/product_cat?post=3178"},{"taxonomy":"product_tag","embeddable":true,"href":"https:\/\/cormac.eu\/sk\/wp-json\/wp\/v2\/product_tag?post=3178"}],"curies":[{"name":"wp","href":"https:\/\/api.w.org\/{rel}","templated":true}]}}