{"id":3173,"date":"2022-05-29T14:14:17","date_gmt":"2022-05-29T12:14:17","guid":{"rendered":"https:\/\/cormac.eu\/?post_type=product&#038;p=3173"},"modified":"2022-06-01T11:39:16","modified_gmt":"2022-06-01T09:39:16","slug":"stroj-na-zapracovanie-2","status":"publish","type":"product","link":"https:\/\/cormac.eu\/sk\/product\/enrobing-machine\/","title":{"rendered":"Enrobing stroj"},"content":{"rendered":"<p>Enrobingov\u00fd stroj, dostupn\u00fd v pracovn\u00fdch \u0161\u00edrkach od 350 do 1500 mm a r\u00fdchlostiach od 1,5 do 12 metrov za hodinu. Tento stroj m\u00e1 dvojit\u00fd kokov\u00fd z\u00e1ves a je ur\u010den\u00fd na pr\u00e1cu 24 hod\u00edn denne, 7 dn\u00ed v t\u00fd\u017edni. R\u00fdchla demont\u00e1\u017e z\u00e1sobn\u00edka na \u010dokol\u00e1du a s\u00fapravy siet\u00ed vr\u00e1tane v\u0161etk\u00fdch jej hriade\u013eov a \u010dast\u00ed. S\u00faprava \u00f4k je podopret\u00e1 vodidlami a n\u00e1sypka sa pou\u017e\u00edva na podopretie s\u00fapravy \u00f4k. Z\u00e1sobn\u00edk na \u010dokol\u00e1du nem\u00e1 \u017eiadne elektrick\u00e9 prvky, ktor\u00e9 by sa mohli po\u010das \u010distenia po\u0161kodi\u0165. V zadnej \u010dasti stroja, oproti strane obsluhy, je pr\u00edstupn\u00fd servisn\u00fd priestor jednoduch\u00fdm oto\u010den\u00edm elektrickej skrine. V\u010faka integrovan\u00e9mu cirkula\u010dn\u00e9mu okruhu vody sa v\u0161etky \u010dasti, ktor\u00e9 prich\u00e1dzaj\u00fa do kontaktu s v\u00fdrobkom, udr\u017eiavaj\u00fa na po\u017eadovanej teplote.<\/p>\n<p><strong>Aplik\u00e1cia<\/strong><\/p>\n<p>Obalovanie v\u00fdrobkov pravou \u010dokol\u00e1dou, zmesou alebo tukovou hmotou<\/p>\n<p><img decoding=\"async\" class=\"wp-image-3171\" src=\"https:\/\/cormac.eu\/wp-content\/uploads\/2022\/05\/waffles-with-chocolate-topping-GUSW6FC-V2-300x300.jpg\" alt=\"\" width=\"125\" height=\"125\" srcset=\"https:\/\/cormac.eu\/wp-content\/uploads\/2022\/05\/waffles-with-chocolate-topping-GUSW6FC-V2-300x300.jpg 300w, https:\/\/cormac.eu\/wp-content\/uploads\/2022\/05\/waffles-with-chocolate-topping-GUSW6FC-V2.jpg 1024w, https:\/\/cormac.eu\/wp-content\/uploads\/2022\/05\/waffles-with-chocolate-topping-GUSW6FC-V2-150x150.jpg 150w, https:\/\/cormac.eu\/wp-content\/uploads\/2022\/05\/waffles-with-chocolate-topping-GUSW6FC-V2-768x768.jpg 768w, https:\/\/cormac.eu\/wp-content\/uploads\/2022\/05\/waffles-with-chocolate-topping-GUSW6FC-V2-600x600.jpg 600w, https:\/\/cormac.eu\/wp-content\/uploads\/2022\/05\/waffles-with-chocolate-topping-GUSW6FC-V2-100x100.jpg 100w\" sizes=\"(max-width: 125px) 100vw, 125px\" \/>\u00a0 \u00a0<img decoding=\"async\" class=\"wp-image-3170\" src=\"https:\/\/cormac.eu\/wp-content\/uploads\/2022\/05\/glazed-donuts-PB5CCQD-V2-300x300.jpg\" alt=\"\" width=\"133\" height=\"133\" srcset=\"https:\/\/cormac.eu\/wp-content\/uploads\/2022\/05\/glazed-donuts-PB5CCQD-V2-300x300.jpg 300w, https:\/\/cormac.eu\/wp-content\/uploads\/2022\/05\/glazed-donuts-PB5CCQD-V2.jpg 1024w, https:\/\/cormac.eu\/wp-content\/uploads\/2022\/05\/glazed-donuts-PB5CCQD-V2-150x150.jpg 150w, https:\/\/cormac.eu\/wp-content\/uploads\/2022\/05\/glazed-donuts-PB5CCQD-V2-768x768.jpg 768w, https:\/\/cormac.eu\/wp-content\/uploads\/2022\/05\/glazed-donuts-PB5CCQD-V2-600x600.jpg 600w, https:\/\/cormac.eu\/wp-content\/uploads\/2022\/05\/glazed-donuts-PB5CCQD-V2-100x100.jpg 100w\" sizes=\"(max-width: 133px) 100vw, 133px\" \/> \u00a0\u00a0<img decoding=\"async\" class=\"alignnone wp-image-3168\" src=\"https:\/\/cormac.eu\/wp-content\/uploads\/2022\/05\/chocolate-rice-cakes-PZY8PSN-V2-300x300.jpg\" alt=\"\" width=\"152\" height=\"152\" srcset=\"https:\/\/cormac.eu\/wp-content\/uploads\/2022\/05\/chocolate-rice-cakes-PZY8PSN-V2-300x300.jpg 300w, https:\/\/cormac.eu\/wp-content\/uploads\/2022\/05\/chocolate-rice-cakes-PZY8PSN-V2.jpg 1024w, https:\/\/cormac.eu\/wp-content\/uploads\/2022\/05\/chocolate-rice-cakes-PZY8PSN-V2-150x150.jpg 150w, https:\/\/cormac.eu\/wp-content\/uploads\/2022\/05\/chocolate-rice-cakes-PZY8PSN-V2-768x768.jpg 768w, https:\/\/cormac.eu\/wp-content\/uploads\/2022\/05\/chocolate-rice-cakes-PZY8PSN-V2-600x600.jpg 600w, https:\/\/cormac.eu\/wp-content\/uploads\/2022\/05\/chocolate-rice-cakes-PZY8PSN-V2-100x100.jpg 100w\" sizes=\"(max-width: 152px) 100vw, 152px\" \/><img loading=\"lazy\" decoding=\"async\" class=\"wp-image-3166\" src=\"https:\/\/cormac.eu\/wp-content\/uploads\/2022\/05\/chocolate-dessert-PURBMSE-V3-300x300.jpg\" alt=\"\" width=\"149\" height=\"149\" srcset=\"https:\/\/cormac.eu\/wp-content\/uploads\/2022\/05\/chocolate-dessert-PURBMSE-V3-300x300.jpg 300w, https:\/\/cormac.eu\/wp-content\/uploads\/2022\/05\/chocolate-dessert-PURBMSE-V3.jpg 1024w, https:\/\/cormac.eu\/wp-content\/uploads\/2022\/05\/chocolate-dessert-PURBMSE-V3-150x150.jpg 150w, https:\/\/cormac.eu\/wp-content\/uploads\/2022\/05\/chocolate-dessert-PURBMSE-V3-768x768.jpg 768w, https:\/\/cormac.eu\/wp-content\/uploads\/2022\/05\/chocolate-dessert-PURBMSE-V3-600x600.jpg 600w, https:\/\/cormac.eu\/wp-content\/uploads\/2022\/05\/chocolate-dessert-PURBMSE-V3-100x100.jpg 100w\" sizes=\"(max-width: 149px) 100vw, 149px\" \/><\/p>\n<table width=\"586\">\n<tbody>\n<tr>\n<td width=\"245\"><strong>Funkcie<\/strong><\/td>\n<td width=\"340\"><strong>V\u00fdhody<\/strong><\/td>\n<\/tr>\n<tr>\n<td>Dvojit\u00e1 \u010dokol\u00e1dov\u00e1 z\u00e1clona<\/td>\n<td>\n<ul>\n<li>Rovnomern\u00fd n\u00e1ter<\/li>\n<\/ul>\n<\/td>\n<\/tr>\n<tr>\n<td>Rovnomern\u00e1 distrib\u00facia vzduchu alog side enrober<\/td>\n<td>\n<ul>\n<li>Regul\u00e1cia teploty<\/li>\n<\/ul>\n<\/td>\n<\/tr>\n<tr>\n<td>Kontaktn\u00e9 \u010dasti v\u00fdrobku s dvojit\u00fdm pl\u00e1\u0161\u0165om<\/td>\n<td>\n<ul>\n<li>Udr\u017eiavanie teploty \u010dokol\u00e1dy pre rovnomern\u00e9 nan\u00e1\u0161anie<\/li>\n<\/ul>\n<\/td>\n<\/tr>\n<tr>\n<td>PID regul\u00e1tory teploty<\/td>\n<td>\n<ul>\n<li>Vlastnosti temperovanej \u010dokol\u00e1dy<\/li>\n<\/ul>\n<\/td>\n<\/tr>\n<tr>\n<td>Kon\u0161trukcia z nehrdzavej\u00facej ocele<\/td>\n<td>\n<ul>\n<li>Hygienick\u00e9 jednoduch\u00e9 \u010distenie<\/li>\n<\/ul>\n<\/td>\n<\/tr>\n<tr>\n<td>Odn\u00edmate\u013en\u00fd z\u00e1sobn\u00edk na produkty<\/td>\n<td>\n<ul>\n<li>R\u00fdchla v\u00fdmena typu \u010dokol\u00e1dy menej prestojov<\/li>\n<\/ul>\n<\/td>\n<\/tr>\n<tr>\n<td>Kompletn\u00e1 odn\u00edmate\u013en\u00e1 sie\u0165ov\u00e1 s\u00faprava<\/td>\n<td>\n<ul>\n<li>R\u00fdchla zmena produktu<\/li>\n<li>jednoduch\u00e9 \u010distenie<\/li>\n<li>Menej prestojov<\/li>\n<\/ul>\n<\/td>\n<\/tr>\n<tr>\n<td>R\u00farky na r\u00fdchle pripojenie v\u00fdrobkov<\/td>\n<td>\n<ul>\n<li>Jednoduch\u00e9 \u010distenie a \u00fadr\u017eba<\/li>\n<\/ul>\n<\/td>\n<\/tr>\n<tr>\n<td>Kon\u0161trukcia bez strechy<\/td>\n<td>\n<ul>\n<li>Jednoduch\u00fd pr\u00edstup<\/li>\n<\/ul>\n<\/td>\n<\/tr>\n<tr>\n<td>Riaden\u00e9 PLC<\/td>\n<td>\n<ul>\n<li>Presn\u00e9 ovl\u00e1danie parametrov-recepty<\/li>\n<li>Skladovanie - nastavenie \u00farovne \u010dokol\u00e1dy<\/li>\n<\/ul>\n<\/td>\n<\/tr>\n<tr>\n<td>Vibra\u010dn\u00fd z\u00e1sobn\u00edk, pneumatick\u00fd<\/td>\n<td>\n<ul>\n<li>Rovnomern\u00fd efekt povlaku<\/li>\n<li>Riaden\u00e1 frekvencia<\/li>\n<\/ul>\n<\/td>\n<\/tr>\n<tr>\n<td>Mo\u017enosti<\/td>\n<td>\n<ul>\n<li>Filtra\u010dn\u00e9 syst\u00e9my<\/li>\n<li>Mie\u0161acie a taviace n\u00e1dr\u017ee<\/li>\n<li>Dekora\u010dn\u00e9 syst\u00e9my<\/li>\n<li>Zavla\u017eovacie syst\u00e9my<\/li>\n<li>Temperovacie stroje<\/li>\n<li>Pr\u00edvodn\u00fd st\u00f4l<\/li>\n<li>Alternat\u00edvny materi\u00e1l opasku<\/li>\n<\/ul>\n<\/td>\n<\/tr>\n<\/tbody>\n<\/table>\n<div class=\"mceTemp\"><\/div>\n<div class=\"mceTemp\"><\/div>","protected":false},"excerpt":{"rendered":"<p>Stroj na oba\u013eovanie v\u00fdrobkov \u010dokol\u00e1dou, zmesou alebo tukovou hmotou<\/p>","protected":false},"featured_media":3167,"comment_status":"open","ping_status":"closed","template":"","meta":{"uix_meta_title":"","uix_meta_description":"","uix_canonical_url":""},"product_brand":[],"product_cat":[104],"product_tag":[205,211,210,209],"class_list":{"0":"post-3173","1":"product","2":"type-product","3":"status-publish","4":"has-post-thumbnail","6":"product_cat-processing","7":"product_tag-candy-bars","8":"product_tag-chocolate-coated-products","9":"product_tag-cookies","10":"product_tag-wafers","12":"first","13":"instock","14":"shipping-taxable","15":"product-type-simple"},"_links":{"self":[{"href":"https:\/\/cormac.eu\/sk\/wp-json\/wp\/v2\/product\/3173","targetHints":{"allow":["GET"]}}],"collection":[{"href":"https:\/\/cormac.eu\/sk\/wp-json\/wp\/v2\/product"}],"about":[{"href":"https:\/\/cormac.eu\/sk\/wp-json\/wp\/v2\/types\/product"}],"replies":[{"embeddable":true,"href":"https:\/\/cormac.eu\/sk\/wp-json\/wp\/v2\/comments?post=3173"}],"wp:featuredmedia":[{"embeddable":true,"href":"https:\/\/cormac.eu\/sk\/wp-json\/wp\/v2\/media\/3167"}],"wp:attachment":[{"href":"https:\/\/cormac.eu\/sk\/wp-json\/wp\/v2\/media?parent=3173"}],"wp:term":[{"taxonomy":"product_brand","embeddable":true,"href":"https:\/\/cormac.eu\/sk\/wp-json\/wp\/v2\/product_brand?post=3173"},{"taxonomy":"product_cat","embeddable":true,"href":"https:\/\/cormac.eu\/sk\/wp-json\/wp\/v2\/product_cat?post=3173"},{"taxonomy":"product_tag","embeddable":true,"href":"https:\/\/cormac.eu\/sk\/wp-json\/wp\/v2\/product_tag?post=3173"}],"curies":[{"name":"wp","href":"https:\/\/api.w.org\/{rel}","templated":true}]}}