{"id":3160,"date":"2022-05-26T20:38:05","date_gmt":"2022-05-26T18:38:05","guid":{"rendered":"https:\/\/cormac.eu\/?post_type=product&#038;p=3160"},"modified":"2022-06-01T11:42:22","modified_gmt":"2022-06-01T09:42:22","slug":"inteligentny-temperometer","status":"publish","type":"product","link":"https:\/\/cormac.eu\/sk\/product\/smart-tempermeter\/","title":{"rendered":"Inteligentn\u00fd teplomer"},"content":{"rendered":"<p>Tento \u0161pi\u010dkov\u00fd TEMPERMETER meria kry\u0161taliz\u00e1ciu \u010dokol\u00e1dy a automaticky vypo\u010d\u00edta \u0161tyri charakteristiky bodu inflexie: sklon, teplotu, \u010das a RSI (index od 1 do 10). Je porovnate\u013en\u00fd s v\u00e4\u010d\u0161inou ostatn\u00fdch zariaden\u00ed na trhu, pokia\u013e ide o teplotn\u00fa sondu PT100, typ poh\u00e1rov, studen\u00fd blok a v\u00fdpo\u010det indexu. Jeho tabu\u013ekov\u00fd studen\u00fd blok zaru\u010duje a vysok\u00fa opakovate\u013enos\u0165 a krivka indexu je priamo vidite\u013en\u00e1 na obrazovke. D\u00f4le\u017eit\u00fdmi v\u00fdhodami tohto tempera\u010dn\u00e9ho pr\u00edstroja s\u00fa sledovate\u013enos\u0165, kontrola v\u00fdroby, neust\u00e1le zlep\u0161ovanie a kontrola kvality.<\/p>\n<p><img decoding=\"async\" class=\"alignnone wp-image-3158\" src=\"https:\/\/cormac.eu\/wp-content\/uploads\/2022\/05\/tempered-chocolate-300x298.jpg\" alt=\"\" width=\"149\" height=\"148\" srcset=\"https:\/\/cormac.eu\/wp-content\/uploads\/2022\/05\/tempered-chocolate-300x300.jpg 300w, https:\/\/cormac.eu\/wp-content\/uploads\/2022\/05\/tempered-chocolate-150x150.jpg 150w, https:\/\/cormac.eu\/wp-content\/uploads\/2022\/05\/tempered-chocolate-100x100.jpg 100w, https:\/\/cormac.eu\/wp-content\/uploads\/2022\/05\/tempered-chocolate.jpg 498w\" sizes=\"(max-width: 149px) 100vw, 149px\" \/>\u00a0 <img decoding=\"async\" class=\"alignnone wp-image-3156\" src=\"https:\/\/cormac.eu\/wp-content\/uploads\/2022\/05\/cups-300x206.jpg\" alt=\"\" width=\"213\" height=\"146\" srcset=\"https:\/\/cormac.eu\/wp-content\/uploads\/2022\/05\/cups-300x206.jpg 300w, https:\/\/cormac.eu\/wp-content\/uploads\/2022\/05\/cups.jpg 392w\" sizes=\"(max-width: 213px) 100vw, 213px\" \/><\/p>\n<p>&nbsp;<\/p>\n<table>\n<tbody>\n<tr>\n<td width=\"295\">\u00a0<strong>Funkcie<\/strong><\/td>\n<td width=\"266\">\u00a0<strong>V\u00fdhody<\/strong><\/td>\n<\/tr>\n<tr>\n<td><\/td>\n<td><\/td>\n<\/tr>\n<tr>\n<td>Tabu\u013eka studen\u00e9ho bloku<\/td>\n<td>\n<ul>\n<li>Presn\u00e9 meranie<\/li>\n<li>Vysok\u00e1 opakovate\u013enos\u0165<\/li>\n<\/ul>\n<\/td>\n<\/tr>\n<tr>\n<td>Predhriata teplotn\u00e1 sonda<\/td>\n<td>\n<ul>\n<li>Meranie pod\u013ea teploty \u010dokol\u00e1dy<\/li>\n<\/ul>\n<\/td>\n<\/tr>\n<tr>\n<td>Farebn\u00e1 obrazovka LCD so zabudovanou tla\u010diar\u0148ou<\/td>\n<td>\n<ul>\n<li>Krivka je okam\u017eite vidite\u013en\u00e1<\/li>\n<li>Okam\u017eit\u00e1 tla\u010d krivky<\/li>\n<li>\u0160pecifik\u00e1cia na l\u00edstku<\/li>\n<\/ul>\n<\/td>\n<\/tr>\n<tr>\n<td>Pou\u017e\u00edvanie hlin\u00edkov\u00fdch poh\u00e1rov<\/td>\n<td>\n<ul>\n<li>Zlep\u0161en\u00fd tepeln\u00fd v\u00fdkon<\/li>\n<\/ul>\n<\/td>\n<\/tr>\n<tr>\n<td>Kompaktn\u00e9<\/td>\n<td>\n<ul>\n<li>Len 5,5 kg<\/li>\n<li>Jedno pripojenie<\/li>\n<li>\u013dahko prenosn\u00e9<\/li>\n<\/ul>\n<\/td>\n<\/tr>\n<\/tbody>\n<\/table>","protected":false},"excerpt":{"rendered":"<p>Kompaktn\u00fd a \u00fa\u010dinn\u00fd temperometer na meranie kry\u0161taliz\u00e1cie \u010dokol\u00e1dy .<\/p>","protected":false},"featured_media":3157,"comment_status":"open","ping_status":"closed","template":"","meta":{"uix_meta_title":"","uix_meta_description":"","uix_canonical_url":""},"product_brand":[],"product_cat":[107,135,104],"product_tag":[208,212],"class_list":{"0":"post-3160","1":"product","2":"type-product","3":"status-publish","4":"has-post-thumbnail","6":"product_cat-artisanal","7":"product_cat-laboratory","8":"product_cat-processing","9":"product_tag-chocolates","10":"product_tag-tempermeter","12":"first","13":"instock","14":"shipping-taxable","15":"product-type-simple"},"_links":{"self":[{"href":"https:\/\/cormac.eu\/sk\/wp-json\/wp\/v2\/product\/3160","targetHints":{"allow":["GET"]}}],"collection":[{"href":"https:\/\/cormac.eu\/sk\/wp-json\/wp\/v2\/product"}],"about":[{"href":"https:\/\/cormac.eu\/sk\/wp-json\/wp\/v2\/types\/product"}],"replies":[{"embeddable":true,"href":"https:\/\/cormac.eu\/sk\/wp-json\/wp\/v2\/comments?post=3160"}],"wp:featuredmedia":[{"embeddable":true,"href":"https:\/\/cormac.eu\/sk\/wp-json\/wp\/v2\/media\/3157"}],"wp:attachment":[{"href":"https:\/\/cormac.eu\/sk\/wp-json\/wp\/v2\/media?parent=3160"}],"wp:term":[{"taxonomy":"product_brand","embeddable":true,"href":"https:\/\/cormac.eu\/sk\/wp-json\/wp\/v2\/product_brand?post=3160"},{"taxonomy":"product_cat","embeddable":true,"href":"https:\/\/cormac.eu\/sk\/wp-json\/wp\/v2\/product_cat?post=3160"},{"taxonomy":"product_tag","embeddable":true,"href":"https:\/\/cormac.eu\/sk\/wp-json\/wp\/v2\/product_tag?post=3160"}],"curies":[{"name":"wp","href":"https:\/\/api.w.org\/{rel}","templated":true}]}}