{"id":3077,"date":"2022-05-20T23:37:45","date_gmt":"2022-05-20T21:37:45","guid":{"rendered":"https:\/\/cormac.eu\/?post_type=product&#038;p=3077"},"modified":"2022-06-05T13:56:08","modified_gmt":"2022-06-05T11:56:08","slug":"univerzalny-system-pohonu-rozdelovaca-2","status":"publish","type":"product","link":"https:\/\/cormac.eu\/sk\/product\/universal-manifold-drive-system\/","title":{"rendered":"Univerz\u00e1lny syst\u00e9m pohonu rozde\u013eova\u010da"},"content":{"rendered":"<p>Univerz\u00e1lny horn\u00fd ukladac\u00ed syst\u00e9m sa zvy\u010dajne montuje nad existuj\u00facu v\u00fdrobn\u00fa linku, p\u00e1sov\u00fa oce\u013eov\u00fa pec alebo dopravn\u00edk z\u00e1sobn\u00edkov. M\u00f4\u017ee by\u0165 vybaven\u00fd r\u00f4znymi typmi tlakov\u00fdch rozde\u013eova\u010dov na oby\u010dajn\u00e9 ukladanie , kombinovan\u00fdmi rozde\u013eova\u010dmi alebo rozde\u013eova\u010dmi na rezanie dr\u00f4tu. Pri pou\u017eit\u00ed pre marshmallows umo\u017en\u00ed v\u00fdrobcovi vyr\u00e1ba\u0165 usadzovan\u00e9, vytl\u00e1\u010dan\u00e9 alebo dr\u00f4tom rezan\u00e9 v\u00fdrobky.<\/p>\n<p><img decoding=\"async\" class=\"alignnone wp-image-3075\" src=\"https:\/\/cormac.eu\/wp-content\/uploads\/2022\/05\/Wymbs-Universal-MDS-peep-1.jpg\" alt=\"\" width=\"153\" height=\"124\" \/> \u00a0<img decoding=\"async\" class=\"alignnone wp-image-2973\" src=\"https:\/\/cormac.eu\/wp-content\/uploads\/2022\/05\/wymbs-wire-cut-product-1.jpg\" alt=\"\" width=\"123\" height=\"111\" \/>\u00a0 \u00a0 <img decoding=\"async\" class=\"alignnone wp-image-2815\" src=\"https:\/\/cormac.eu\/wp-content\/uploads\/2022\/04\/marshmallow-IMG_0607-300x300.webp\" alt=\"\" width=\"135\" height=\"135\" srcset=\"https:\/\/cormac.eu\/wp-content\/uploads\/2022\/04\/marshmallow-IMG_0607-300x300.webp 300w, https:\/\/cormac.eu\/wp-content\/uploads\/2022\/04\/marshmallow-IMG_0607-1024x1024.webp 1024w, https:\/\/cormac.eu\/wp-content\/uploads\/2022\/04\/marshmallow-IMG_0607-150x150.webp 150w, https:\/\/cormac.eu\/wp-content\/uploads\/2022\/04\/marshmallow-IMG_0607-768x768.webp 768w, https:\/\/cormac.eu\/wp-content\/uploads\/2022\/04\/marshmallow-IMG_0607-1536x1536.webp 1536w, https:\/\/cormac.eu\/wp-content\/uploads\/2022\/04\/marshmallow-IMG_0607-600x600.webp 600w, https:\/\/cormac.eu\/wp-content\/uploads\/2022\/04\/marshmallow-IMG_0607-100x100.webp 100w, https:\/\/cormac.eu\/wp-content\/uploads\/2022\/04\/marshmallow-IMG_0607.webp 1920w\" sizes=\"(max-width: 135px) 100vw, 135px\" \/><img loading=\"lazy\" decoding=\"async\" class=\"alignnone wp-image-2958\" src=\"https:\/\/cormac.eu\/wp-content\/uploads\/2022\/05\/Wymbs-picture-3-DMF.jpg\" alt=\"\" width=\"158\" height=\"158\" srcset=\"https:\/\/cormac.eu\/wp-content\/uploads\/2022\/05\/Wymbs-picture-3-DMF.jpg 125w, https:\/\/cormac.eu\/wp-content\/uploads\/2022\/05\/Wymbs-picture-3-DMF-100x100.jpg 100w\" sizes=\"(max-width: 158px) 100vw, 158px\" \/><\/p>\n<p>Inak sa m\u00f4\u017eu vyr\u00e1ba\u0165 jednoduch\u00e9 cukr\u00e1rensk\u00e9 v\u00fdrobky, ako napr\u00edklad v\u00fdrobky ukladan\u00e9 na cukrov\u00e9 alebo \u0161krobov\u00e9 dopravn\u00edky alebo v\u00fdrobky ukladan\u00e9 na su\u0161ienky alebo medzi su\u0161ienky ako n\u00e1pl\u0148.<\/p>\n<p><img loading=\"lazy\" decoding=\"async\" class=\"alignnone wp-image-3073\" src=\"https:\/\/cormac.eu\/wp-content\/uploads\/2022\/05\/Wymbs-Universal-MDS-jaffa-4.jpg\" alt=\"\" width=\"148\" height=\"127\" \/><img loading=\"lazy\" decoding=\"async\" class=\"alignnone wp-image-3074\" src=\"https:\/\/cormac.eu\/wp-content\/uploads\/2022\/05\/Wymbs-Universal-MDS-ladyfinger-2.jpg\" alt=\"\" width=\"222\" height=\"131\" \/> <img loading=\"lazy\" decoding=\"async\" class=\"alignnone wp-image-3076\" src=\"https:\/\/cormac.eu\/wp-content\/uploads\/2022\/05\/Wymbs-Univesral-MDS-marshmallow-3.jpg\" alt=\"\" width=\"191\" height=\"107\" \/> <img loading=\"lazy\" decoding=\"async\" class=\"alignnone wp-image-3079\" src=\"https:\/\/cormac.eu\/wp-content\/uploads\/2022\/05\/Wymbs-Universal-MDS-prod-5.jpg\" alt=\"\" width=\"173\" height=\"130\" \/><\/p>\n<p>Kombin\u00e1cia r\u00f4znych typov rozde\u013eova\u010dov s t\u00fdmto univerz\u00e1lnym syst\u00e9mom pohonu rozde\u013eova\u010dov, s integrovan\u00fdmi procesn\u00fdmi dopravn\u00edkmi, rota\u010dn\u00fdmi indexovac\u00edmi syst\u00e9mami , z\u00e1sobn\u00edkmi na pod\u00e1vanie su\u0161ienok at\u010f. pon\u00faka v\u00fdrobcovi \u0161irok\u00fa \u0161k\u00e1lu aplik\u00e1ci\u00ed na ukladanie. Typicky sa tieto syst\u00e9my vyr\u00e1baj\u00fa pre pracovn\u00e9 \u0161\u00edrky 800 mm, 1000 mm, 1200 mm, 1500 mm.<\/p>\n<p>&nbsp;<\/p>\n<table>\n<tbody>\n<tr>\n<td width=\"295\">\n<p style=\"text-align: center\"><strong>Funkcie<\/strong><\/p>\n<\/td>\n<td width=\"219\">\n<p style=\"text-align: center\"><strong>V\u00fdhody<\/strong><\/p>\n<\/td>\n<\/tr>\n<tr>\n<td><\/td>\n<td><\/td>\n<\/tr>\n<tr>\n<td>Obklad a kon\u0161trukcia z nehrdzavej\u00facej ocele<\/td>\n<td>\n<ul>\n<li>Siln\u00fd<\/li>\n<li>Hygienick\u00e9<\/li>\n<\/ul>\n<\/td>\n<\/tr>\n<tr>\n<td>Dotykov\u00fd displej HMI so vzdialen\u00fdm elektrick\u00fdm panelom<\/td>\n<td>\n<ul>\n<li>Presn\u00e9 riadenie depoz\u00edcie<\/li>\n<li>Ukladanie receptov<br \/>\nUkladanie \u00fadajov<\/li>\n<li>Monitorovanie procesov a teploty<\/li>\n<\/ul>\n<\/td>\n<\/tr>\n<tr>\n<td>Pohyb XYZ<\/td>\n<td>\n<ul>\n<li>Mo\u017enos\u0165 3 os\u00ed pohybu<\/li>\n<\/ul>\n<\/td>\n<\/tr>\n<tr>\n<td>Mo\u017enosti<\/td>\n<td>\n<ul>\n<li>Voz\u00edk na \u00fadr\u017ebu<\/li>\n<li>Integrovan\u00fd ukladac\u00ed dopravn\u00edk<\/li>\n<li>d\u00e1vkova\u010d su\u0161ienok<\/li>\n<\/ul>\n<\/td>\n<\/tr>\n<\/tbody>\n<\/table>\n<p>&nbsp;<\/p>","protected":false},"excerpt":{"rendered":"<p>Univerz\u00e1lny syst\u00e9m pohonu rozde\u013eova\u010da na kombin\u00e1ciu s r\u00f4znymi rozde\u013eova\u010dmi pre r\u00f4znorod\u00e9 mo\u017enosti depoositingu.<\/p>","protected":false},"featured_media":3072,"comment_status":"open","ping_status":"closed","template":"","meta":{"uix_meta_title":"","uix_meta_description":"","uix_canonical_url":""},"product_brand":[],"product_cat":[104],"product_tag":[219,195,196,198,202,200],"class_list":{"0":"post-3077","1":"product","2":"type-product","3":"status-publish","4":"has-post-thumbnail","6":"product_cat-processing","7":"product_tag-jaffa-cakes","8":"product_tag-lady-fingers","9":"product_tag-marshmallows","10":"product_tag-muffins-cupcakes","11":"product_tag-sponge-drops","12":"product_tag-tea0cake-mallows","14":"first","15":"instock","16":"shipping-taxable","17":"product-type-simple"},"_links":{"self":[{"href":"https:\/\/cormac.eu\/sk\/wp-json\/wp\/v2\/product\/3077","targetHints":{"allow":["GET"]}}],"collection":[{"href":"https:\/\/cormac.eu\/sk\/wp-json\/wp\/v2\/product"}],"about":[{"href":"https:\/\/cormac.eu\/sk\/wp-json\/wp\/v2\/types\/product"}],"replies":[{"embeddable":true,"href":"https:\/\/cormac.eu\/sk\/wp-json\/wp\/v2\/comments?post=3077"}],"wp:featuredmedia":[{"embeddable":true,"href":"https:\/\/cormac.eu\/sk\/wp-json\/wp\/v2\/media\/3072"}],"wp:attachment":[{"href":"https:\/\/cormac.eu\/sk\/wp-json\/wp\/v2\/media?parent=3077"}],"wp:term":[{"taxonomy":"product_brand","embeddable":true,"href":"https:\/\/cormac.eu\/sk\/wp-json\/wp\/v2\/product_brand?post=3077"},{"taxonomy":"product_cat","embeddable":true,"href":"https:\/\/cormac.eu\/sk\/wp-json\/wp\/v2\/product_cat?post=3077"},{"taxonomy":"product_tag","embeddable":true,"href":"https:\/\/cormac.eu\/sk\/wp-json\/wp\/v2\/product_tag?post=3077"}],"curies":[{"name":"wp","href":"https:\/\/api.w.org\/{rel}","templated":true}]}}