{"id":3069,"date":"2022-05-20T21:55:46","date_gmt":"2022-05-20T19:55:46","guid":{"rendered":"https:\/\/cormac.eu\/?post_type=product&#038;p=3069"},"modified":"2022-06-01T11:48:33","modified_gmt":"2022-06-01T09:48:33","slug":"rozdelovac-folii-a-vytlacanie","status":"publish","type":"product","link":"https:\/\/cormac.eu\/sk\/product\/sheeting-and-extrusion-manifold\/","title":{"rendered":"Rozde\u013eova\u010d plechov a vytl\u00e1\u010danie"},"content":{"rendered":"<p>Rozde\u013eova\u010d na v\u00fdrobu f\u00f3li\u00ed a vytl\u00e1\u010danie je ur\u010den\u00fd na priame pripojenie k s\u00favisl\u00e9mu pr\u00fadu hmoty. T\u00e1to hmota m\u00f4\u017ee poch\u00e1dza\u0165 z kontinu\u00e1lneho prevzdu\u0161\u0148ovacieho syst\u00e9mu alebo z d\u00e1vkovacieho syst\u00e9mu, ako je napr\u00edklad \u010derpacia jednotka.  Rozde\u013eova\u010d dod\u00e1va s\u00favisl\u00fa f\u00f3liu plnej \u0161\u00edrky na p\u00e1se alebo na ur\u010denom po\u010dte str\u00fan pevnej \u0161\u00edrky (viacp\u00e1sov\u00e9). Navrhne sa tak, aby sa optim\u00e1lne vyu\u017eila \u0161\u00edrka prij\u00edmacieho p\u00e1su.  Rozde\u013eova\u010d plechov a vytla\u010dovac\u00edch p\u00e1sov mo\u017eno dodato\u010dne namontova\u0165 na existuj\u00face v\u00fdrobn\u00e9 linky.<\/p>\n<p>Pr\u00edklady pou\u017eitia<\/p>\n<p><img decoding=\"async\" class=\"alignnone wp-image-3063\" src=\"https:\/\/cormac.eu\/wp-content\/uploads\/2022\/05\/product-2-287x300.jpg\" alt=\"\" width=\"171\" height=\"179\" srcset=\"https:\/\/cormac.eu\/wp-content\/uploads\/2022\/05\/product-2-287x300.jpg 287w, https:\/\/cormac.eu\/wp-content\/uploads\/2022\/05\/product-2.jpg 311w\" sizes=\"(max-width: 171px) 100vw, 171px\" \/>\u00a0 \u00a0 \u00a0\u00a0<img decoding=\"async\" class=\"alignnone wp-image-3062\" src=\"https:\/\/cormac.eu\/wp-content\/uploads\/2022\/05\/product-1.jpg\" alt=\"\" width=\"169\" height=\"165\" \/><img decoding=\"async\" class=\"alignnone wp-image-3066\" src=\"https:\/\/cormac.eu\/wp-content\/uploads\/2022\/05\/product-5-300x213.jpg\" alt=\"\" width=\"181\" height=\"129\" srcset=\"https:\/\/cormac.eu\/wp-content\/uploads\/2022\/05\/product-5-300x213.jpg 300w, https:\/\/cormac.eu\/wp-content\/uploads\/2022\/05\/product-5.jpg 305w\" sizes=\"(max-width: 181px) 100vw, 181px\" \/> <img loading=\"lazy\" decoding=\"async\" class=\"alignnone wp-image-3065\" src=\"https:\/\/cormac.eu\/wp-content\/uploads\/2022\/05\/Product-4.jpg\" alt=\"\" width=\"157\" height=\"128\" \/><\/p>\n<p>&nbsp;<\/p>\n<table>\n<tbody>\n<tr>\n<td width=\"295\">\u00a0<strong>Funkcie<\/strong><\/td>\n<td width=\"197\">\u00a0<strong>V\u00fdhody<\/strong><\/td>\n<\/tr>\n<tr>\n<td><\/td>\n<td><\/td>\n<\/tr>\n<tr>\n<td>Kon\u0161trukcia z hlin\u00edka alebo nehrdzavej\u00facej ocele<\/td>\n<td>N\u00edzka hmotnos\u0165<br \/>\nHygienick\u00e9<\/td>\n<\/tr>\n<tr>\n<td>Manu\u00e1lne alebo servom riaden\u00e1 hr\u00fabka plechu<\/td>\n<td>Pod\u013ea po\u017eiadaviek z\u00e1kazn\u00edka<\/td>\n<\/tr>\n<tr>\n<td>Vn\u00fatorn\u00fd vodn\u00fd okruh (s pl\u00e1\u0161\u0165om)<\/td>\n<td>Dokonal\u00e1 regul\u00e1cia teploty<br \/>\npre v\u00fdrobok citliv\u00fd na teplotu<\/td>\n<\/tr>\n<tr>\n<td>Oto\u010dn\u00e9 ventily z nehrdzavej\u00facej ocele<\/td>\n<td>Hygienick\u00e9<br \/>\njednoduch\u00e9 \u010distenie<\/td>\n<\/tr>\n<tr>\n<td>Mo\u017enosti<\/td>\n<td>\u010cistiaci nadstavec pre CIP<br \/>\nOby\u010dajn\u00e9 alebo viacvrcholov\u00e9 d\u00fdzy<br \/>\nHlavn\u00e9 telo z tit\u00e1nu<\/td>\n<\/tr>\n<\/tbody>\n<\/table>","protected":false},"excerpt":{"rendered":"<p>Rozde\u013eova\u010d plechov a vytl\u00e1\u010danie na priame pripojenie na kontinu\u00e1lny pr\u00fad hmoty, vhodn\u00fd na dodato\u010dn\u00fa mont\u00e1\u017e.<\/p>","protected":false},"featured_media":3070,"comment_status":"open","ping_status":"closed","template":"","meta":{"uix_meta_title":"","uix_meta_description":"","uix_canonical_url":""},"product_brand":[],"product_cat":[104],"product_tag":[203,187,190,191,196,201],"class_list":{"0":"post-3069","1":"product","2":"type-product","3":"status-publish","4":"has-post-thumbnail","6":"product_cat-processing","7":"product_tag-batter","8":"product_tag-biscuit-creams","9":"product_tag-dairy-creams","10":"product_tag-fondants-icings","11":"product_tag-marshmallows","12":"product_tag-wafer-creams","14":"first","15":"instock","16":"shipping-taxable","17":"product-type-simple"},"_links":{"self":[{"href":"https:\/\/cormac.eu\/sk\/wp-json\/wp\/v2\/product\/3069","targetHints":{"allow":["GET"]}}],"collection":[{"href":"https:\/\/cormac.eu\/sk\/wp-json\/wp\/v2\/product"}],"about":[{"href":"https:\/\/cormac.eu\/sk\/wp-json\/wp\/v2\/types\/product"}],"replies":[{"embeddable":true,"href":"https:\/\/cormac.eu\/sk\/wp-json\/wp\/v2\/comments?post=3069"}],"wp:featuredmedia":[{"embeddable":true,"href":"https:\/\/cormac.eu\/sk\/wp-json\/wp\/v2\/media\/3070"}],"wp:attachment":[{"href":"https:\/\/cormac.eu\/sk\/wp-json\/wp\/v2\/media?parent=3069"}],"wp:term":[{"taxonomy":"product_brand","embeddable":true,"href":"https:\/\/cormac.eu\/sk\/wp-json\/wp\/v2\/product_brand?post=3069"},{"taxonomy":"product_cat","embeddable":true,"href":"https:\/\/cormac.eu\/sk\/wp-json\/wp\/v2\/product_cat?post=3069"},{"taxonomy":"product_tag","embeddable":true,"href":"https:\/\/cormac.eu\/sk\/wp-json\/wp\/v2\/product_tag?post=3069"}],"curies":[{"name":"wp","href":"https:\/\/api.w.org\/{rel}","templated":true}]}}