{"id":2976,"date":"2022-05-20T20:39:17","date_gmt":"2022-05-20T18:39:17","guid":{"rendered":"https:\/\/cormac.eu\/?post_type=product&#038;p=2976"},"modified":"2022-06-01T11:54:24","modified_gmt":"2022-06-01T09:54:24","slug":"objemovy-depozitny-rozdelovac","status":"publish","type":"product","link":"https:\/\/cormac.eu\/sk\/product\/volumetric-depositing-manifold\/","title":{"rendered":"Objemov\u00fd depozitn\u00fd rozde\u013eova\u010d"},"content":{"rendered":"<p>Objemov\u00fd rozde\u013eova\u010d sa pou\u017e\u00edva v uzavretom syst\u00e9me, teda bez n\u00e1sypky, v\u010faka \u010domu mo\u017eno dosiahnu\u0165 dokonal\u00fa kontrolu objemu usadeniny. Tento typ rozde\u013eova\u010da sa m\u00f4\u017ee namontova\u0165 na horn\u00fd alebo spodn\u00fd syst\u00e9m pohonu rozde\u013eova\u010da, ktor\u00fd sa m\u00f4\u017ee in\u0161talova\u0165 nad\/pod existuj\u00face spracovate\u013esk\u00e9 linky priemyseln\u00e9ho rozsahu, oce\u013eov\u00e9 p\u00e1sy pec\u00ed alebo z\u00e1sobn\u00edkov\u00e9 dopravn\u00edky. V opa\u010dnom pr\u00edpade ho mo\u017eno namontova\u0165 aj na men\u0161\u00ed pohonn\u00fd syst\u00e9m OCD pre men\u0161ie v\u00fdkony.<\/p>\n<p>Aplik\u00e1cie (pr\u00edklady)<\/p>\n<p><img decoding=\"async\" class=\"alignnone wp-image-3055\" src=\"https:\/\/cormac.eu\/wp-content\/uploads\/2022\/05\/fondants-and-icings-298x300.jpg\" alt=\"\" width=\"166\" height=\"167\" srcset=\"https:\/\/cormac.eu\/wp-content\/uploads\/2022\/05\/fondants-and-icings-298x300.jpg 298w, https:\/\/cormac.eu\/wp-content\/uploads\/2022\/05\/fondants-and-icings-150x150.jpg 150w, https:\/\/cormac.eu\/wp-content\/uploads\/2022\/05\/fondants-and-icings-300x300.jpg 300w, https:\/\/cormac.eu\/wp-content\/uploads\/2022\/05\/fondants-and-icings-100x100.jpg 100w, https:\/\/cormac.eu\/wp-content\/uploads\/2022\/05\/fondants-and-icings.jpg 375w\" sizes=\"(max-width: 166px) 100vw, 166px\" \/>\u00a0 <img decoding=\"async\" class=\"alignnone wp-image-3056\" src=\"https:\/\/cormac.eu\/wp-content\/uploads\/2022\/05\/VDM-product-picture-295x300.jpg\" alt=\"\" width=\"191\" height=\"194\" srcset=\"https:\/\/cormac.eu\/wp-content\/uploads\/2022\/05\/VDM-product-picture-295x300.jpg 295w, https:\/\/cormac.eu\/wp-content\/uploads\/2022\/05\/VDM-product-picture.jpg 301w\" sizes=\"(max-width: 191px) 100vw, 191px\" \/> <img decoding=\"async\" class=\"alignnone wp-image-3057\" src=\"https:\/\/cormac.eu\/wp-content\/uploads\/2022\/05\/VDM-spongecake-280x300.jpg\" alt=\"\" width=\"172\" height=\"185\" srcset=\"https:\/\/cormac.eu\/wp-content\/uploads\/2022\/05\/VDM-spongecake-280x300.jpg 280w, https:\/\/cormac.eu\/wp-content\/uploads\/2022\/05\/VDM-spongecake-957x1024.jpg 957w, https:\/\/cormac.eu\/wp-content\/uploads\/2022\/05\/VDM-spongecake-768x821.jpg 768w, https:\/\/cormac.eu\/wp-content\/uploads\/2022\/05\/VDM-spongecake-600x642.jpg 600w, https:\/\/cormac.eu\/wp-content\/uploads\/2022\/05\/VDM-spongecake.jpg 1005w\" sizes=\"(max-width: 172px) 100vw, 172px\" \/>\u00a0 <img loading=\"lazy\" decoding=\"async\" class=\"alignnone wp-image-2815\" src=\"https:\/\/cormac.eu\/wp-content\/uploads\/2022\/04\/marshmallow-IMG_0607-300x300.webp\" alt=\"\" width=\"202\" height=\"202\" srcset=\"https:\/\/cormac.eu\/wp-content\/uploads\/2022\/04\/marshmallow-IMG_0607-300x300.webp 300w, https:\/\/cormac.eu\/wp-content\/uploads\/2022\/04\/marshmallow-IMG_0607-1024x1024.webp 1024w, https:\/\/cormac.eu\/wp-content\/uploads\/2022\/04\/marshmallow-IMG_0607-150x150.webp 150w, https:\/\/cormac.eu\/wp-content\/uploads\/2022\/04\/marshmallow-IMG_0607-768x768.webp 768w, https:\/\/cormac.eu\/wp-content\/uploads\/2022\/04\/marshmallow-IMG_0607-1536x1536.webp 1536w, https:\/\/cormac.eu\/wp-content\/uploads\/2022\/04\/marshmallow-IMG_0607-600x600.webp 600w, https:\/\/cormac.eu\/wp-content\/uploads\/2022\/04\/marshmallow-IMG_0607-100x100.webp 100w, https:\/\/cormac.eu\/wp-content\/uploads\/2022\/04\/marshmallow-IMG_0607.webp 1920w\" sizes=\"(max-width: 202px) 100vw, 202px\" \/><\/p>\n<p>&nbsp;<\/p>\n<table style=\"height: 650px\" width=\"679\">\n<tbody>\n<tr>\n<td width=\"295\">\n<p style=\"text-align: center\">\u00a0<strong>Funkcie<\/strong><\/p>\n<\/td>\n<td width=\"197\">\n<p style=\"text-align: center\">\u00a0<strong>V\u00fdhody<\/strong><\/p>\n<\/td>\n<\/tr>\n<tr>\n<td><\/td>\n<td><\/td>\n<\/tr>\n<tr>\n<td>Kombin\u00e1cia nekovov\u00fdch piestov poh\u00e1\u0148an\u00fdch servopohonom<br \/>\ns valcami z nehrdzavej\u00facej ocele<\/td>\n<td>\n<ul>\n<li>Vysok\u00e1 presnos\u0165 ukladania<\/li>\n<\/ul>\n<\/td>\n<\/tr>\n<tr>\n<td>Vn\u00fatorn\u00fd vodn\u00fd okruh<\/td>\n<td>\n<ul>\n<li>Dokonal\u00e1 regul\u00e1cia teploty<\/li>\n<\/ul>\n<\/td>\n<\/tr>\n<tr>\n<td>Oto\u010dn\u00e9 ventily z nehrdzavej\u00facej ocele<\/td>\n<td>\n<ul>\n<li>Hygienick\u00e9<\/li>\n<li>Jednoduch\u00e9 \u010distenie<\/li>\n<\/ul>\n<\/td>\n<\/tr>\n<tr>\n<td>Objemov\u00e9<\/td>\n<td>\n<ul>\n<li>Nie je potrebn\u00e9 \u017eiadne vyva\u017eovanie<\/li>\n<\/ul>\n<\/td>\n<\/tr>\n<tr>\n<td>HMI namontovan\u00e9 na (pr\u00eddavnom) syst\u00e9me pohonu rozde\u013eova\u010da<\/td>\n<td>\n<ul>\n<li>Kontrola hmotnosti vkladu<\/li>\n<li>Riadenie r\u00fdchlosti<\/li>\n<\/ul>\n<\/td>\n<\/tr>\n<tr>\n<td>Mo\u017enosti<\/td>\n<td>\n<ul>\n<li>\u010cistiaci nadstavec pre CIP<\/li>\n<li>Oby\u010dajn\u00e9 alebo viacvrcholov\u00e9 d\u00fdzy<\/li>\n<li>Hlavn\u00e9 telo Tittanium<\/li>\n<\/ul>\n<p>&nbsp;<\/td>\n<\/tr>\n<\/tbody>\n<\/table>","protected":false},"excerpt":{"rendered":"<p>Objemov\u00fd rozde\u013eova\u010d sa pou\u017e\u00edva v uzavretom syst\u00e9me bez prij\u00edmacieho z\u00e1sobn\u00edka.<\/p>","protected":false},"featured_media":3061,"comment_status":"open","ping_status":"closed","template":"","meta":{"uix_meta_title":"","uix_meta_description":"","uix_canonical_url":""},"product_brand":[],"product_cat":[104],"product_tag":[203,188,191,194,196,197],"class_list":{"0":"post-2976","1":"product","2":"type-product","3":"status-publish","4":"has-post-thumbnail","6":"product_cat-processing","7":"product_tag-batter","8":"product_tag-caramels-toffees","9":"product_tag-fondants-icings","10":"product_tag-jams-jellies","11":"product_tag-marshmallows","12":"product_tag-meringues","14":"first","15":"instock","16":"shipping-taxable","17":"product-type-simple"},"_links":{"self":[{"href":"https:\/\/cormac.eu\/sk\/wp-json\/wp\/v2\/product\/2976","targetHints":{"allow":["GET"]}}],"collection":[{"href":"https:\/\/cormac.eu\/sk\/wp-json\/wp\/v2\/product"}],"about":[{"href":"https:\/\/cormac.eu\/sk\/wp-json\/wp\/v2\/types\/product"}],"replies":[{"embeddable":true,"href":"https:\/\/cormac.eu\/sk\/wp-json\/wp\/v2\/comments?post=2976"}],"wp:featuredmedia":[{"embeddable":true,"href":"https:\/\/cormac.eu\/sk\/wp-json\/wp\/v2\/media\/3061"}],"wp:attachment":[{"href":"https:\/\/cormac.eu\/sk\/wp-json\/wp\/v2\/media?parent=2976"}],"wp:term":[{"taxonomy":"product_brand","embeddable":true,"href":"https:\/\/cormac.eu\/sk\/wp-json\/wp\/v2\/product_brand?post=2976"},{"taxonomy":"product_cat","embeddable":true,"href":"https:\/\/cormac.eu\/sk\/wp-json\/wp\/v2\/product_cat?post=2976"},{"taxonomy":"product_tag","embeddable":true,"href":"https:\/\/cormac.eu\/sk\/wp-json\/wp\/v2\/product_tag?post=2976"}],"curies":[{"name":"wp","href":"https:\/\/api.w.org\/{rel}","templated":true}]}}