{"id":2971,"date":"2022-05-19T23:29:08","date_gmt":"2022-05-19T21:29:08","guid":{"rendered":"https:\/\/cormac.eu\/?post_type=product&#038;p=2971"},"modified":"2022-06-01T11:56:02","modified_gmt":"2022-06-01T09:56:02","slug":"rozdelovac-s-rezanym-drotom-2","status":"publish","type":"product","link":"https:\/\/cormac.eu\/sk\/product\/wire-cut-manifold\/","title":{"rendered":"Rozde\u013eova\u010d s rezan\u00fdm dr\u00f4tom"},"content":{"rendered":"<p>Tlakov\u00e9 rozde\u013eova\u010de s\u00fa ur\u010den\u00e9 na priame pripojenie ku kontinu\u00e1lnej aera\u010dnej jednotke alebo d\u00e1vkovaciemu syst\u00e9mu, ako je napr\u00edklad \u010derpadlov\u00e1 jednotka. Ke\u010f\u017ee ide o uzavret\u00e9 syst\u00e9my, v ktor\u00fdch sa nepou\u017e\u00edvaj\u00fa \u017eiadne z\u00e1sobn\u00edky, tieto rozde\u013eova\u010de s\u00fa vhodn\u00e9 najm\u00e4 na nan\u00e1\u0161anie jemn\u00fdch hm\u00f4t a \u013eahk\u00fdch pien. Rozde\u013eova\u010de s rezan\u00fdm dr\u00f4tom sa daj\u00fa vytvori\u0165 z <a href=\"https:\/\/cormac.eu\/sk\/produkt\/ukladaci-rozdelovac-2\/\">\"oby\u010dajn\u00fd\" rozde\u013eova\u010d<\/a> pre jednofarebn\u00fa n\u00e1pl\u0148 marshmallow alebo z na\u0161ich kombinovan\u00fdch verzi\u00ed pre dvojfarebn\u00fa n\u00e1pl\u0148. Rota\u010dn\u00e9 ventily s\u00fa spravidla poh\u00e1\u0148an\u00e9 servopohonom, zatia\u013e \u010do n\u00e1stavec na rezanie vratn\u00e9ho dr\u00f4tu je ovl\u00e1dan\u00fd pneumaticky.<\/p>\n<p>&nbsp;<\/p>\n<p><strong>Aplik\u00e1cie<\/strong><\/p>\n<p><img decoding=\"async\" class=\"alignnone wp-image-2975\" src=\"https:\/\/cormac.eu\/wp-content\/uploads\/2022\/05\/wymbs-wire-cut-product-3.jpg\" alt=\"\" width=\"154\" height=\"134\" \/>\u00a0 <img decoding=\"async\" class=\"alignnone wp-image-2974\" src=\"https:\/\/cormac.eu\/wp-content\/uploads\/2022\/05\/wymbs-wire-cut-product-2.jpg\" alt=\"\" width=\"166\" height=\"132\" \/> <img decoding=\"async\" class=\"alignnone wp-image-2973\" src=\"https:\/\/cormac.eu\/wp-content\/uploads\/2022\/05\/wymbs-wire-cut-product-1.jpg\" alt=\"\" width=\"166\" height=\"151\" \/><\/p>\n<p>&nbsp;<\/p>\n<p>&nbsp;<\/p>\n<p>&nbsp;<\/p>\n<table>\n<tbody>\n<tr>\n<td width=\"253\">\u00a0<strong>Funkcie<\/strong><\/td>\n<td width=\"351\">\u00a0<strong>V\u00fdhody<\/strong><\/td>\n<\/tr>\n<tr>\n<td>Vysokokvalitn\u00e1 hlin\u00edkov\u00e1 kon\u0161trukcia<\/td>\n<td>\n<ul>\n<li>N\u00edzka hmotnos\u0165<\/li>\n<li>Siln\u00fd<\/li>\n<\/ul>\n<\/td>\n<\/tr>\n<tr>\n<td>Bezn\u00e1strojov\u00e9 vyva\u017eovanie syst\u00e9mu<\/td>\n<td>\n<ul>\n<li>Jednoduch\u00e9 vyv\u00e1\u017eenie tlaku v syst\u00e9me<\/li>\n<\/ul>\n<\/td>\n<\/tr>\n<tr>\n<td>Vn\u00fatorn\u00fd syst\u00e9m cirkul\u00e1cie vody<\/td>\n<td>\n<ul>\n<li>Riaden\u00e9 vykurovanie a chladenie<\/li>\n<\/ul>\n<\/td>\n<\/tr>\n<tr>\n<td>Rota\u010dn\u00fd ventil poh\u00e1\u0148an\u00fd servopohonom, utesnen\u00fd v nekovovom polym\u00e9ri<\/td>\n<td>\n<ul>\n<li>Vysok\u00e1 odolnos\u0165<\/li>\n<li>n\u00edzke trenie<\/li>\n<li>dokonal\u00e9 riadenie pohybu ventilov<\/li>\n<\/ul>\n<\/td>\n<\/tr>\n<tr>\n<td>Mo\u017enosti<\/td>\n<td>\n<ul>\n<li>Pr\u00eddavn\u00e9 \u010distiace nadstavce na \u010distenie na linke (CIP)<\/li>\n<li>\u0160peci\u00e1lne zliatiny chr\u00e1niace pred hmotami s vysokou kyslos\u0165ou<\/li>\n<\/ul>\n<\/td>\n<\/tr>\n<\/tbody>\n<\/table>\n<p>&nbsp;<\/p>","protected":false},"excerpt":{"rendered":"<p>Rozde\u013eova\u010d s rezan\u00fdm dr\u00f4tom, spravidla na v\u00fdrobu v\u00fdrobkov s ploch\u00fdm dnom marshmallow<\/p>","protected":false},"featured_media":2972,"comment_status":"open","ping_status":"closed","template":"","meta":{"uix_meta_title":"","uix_meta_description":"","uix_canonical_url":""},"product_brand":[],"product_cat":[104],"product_tag":[196],"class_list":{"0":"post-2971","1":"product","2":"type-product","3":"status-publish","4":"has-post-thumbnail","6":"product_cat-processing","7":"product_tag-marshmallows","9":"first","10":"instock","11":"sold-individually","12":"shipping-taxable","13":"purchasable","14":"product-type-simple"},"_links":{"self":[{"href":"https:\/\/cormac.eu\/sk\/wp-json\/wp\/v2\/product\/2971","targetHints":{"allow":["GET"]}}],"collection":[{"href":"https:\/\/cormac.eu\/sk\/wp-json\/wp\/v2\/product"}],"about":[{"href":"https:\/\/cormac.eu\/sk\/wp-json\/wp\/v2\/types\/product"}],"replies":[{"embeddable":true,"href":"https:\/\/cormac.eu\/sk\/wp-json\/wp\/v2\/comments?post=2971"}],"wp:featuredmedia":[{"embeddable":true,"href":"https:\/\/cormac.eu\/sk\/wp-json\/wp\/v2\/media\/2972"}],"wp:attachment":[{"href":"https:\/\/cormac.eu\/sk\/wp-json\/wp\/v2\/media?parent=2971"}],"wp:term":[{"taxonomy":"product_brand","embeddable":true,"href":"https:\/\/cormac.eu\/sk\/wp-json\/wp\/v2\/product_brand?post=2971"},{"taxonomy":"product_cat","embeddable":true,"href":"https:\/\/cormac.eu\/sk\/wp-json\/wp\/v2\/product_cat?post=2971"},{"taxonomy":"product_tag","embeddable":true,"href":"https:\/\/cormac.eu\/sk\/wp-json\/wp\/v2\/product_tag?post=2971"}],"curies":[{"name":"wp","href":"https:\/\/api.w.org\/{rel}","templated":true}]}}