{"id":2969,"date":"2022-05-19T23:25:00","date_gmt":"2022-05-19T21:25:00","guid":{"rendered":"https:\/\/cormac.eu\/?post_type=product&#038;p=2969"},"modified":"2022-06-05T22:25:45","modified_gmt":"2022-06-05T20:25:45","slug":"tlakovy-kombinovany-rozdelovac-2","status":"publish","type":"product","link":"https:\/\/cormac.eu\/sk\/product\/pressurized-combined-manifold\/","title":{"rendered":"Kombinovan\u00fd tlakov\u00fd rozde\u013eova\u010d"},"content":{"rendered":"<p>Tlakov\u00e9 rozde\u013eova\u010de s\u00fa ur\u010den\u00e9 na priame pripojenie ku kontinu\u00e1lnej aera\u010dnej jednotke alebo d\u00e1vkovaciemu syst\u00e9mu, ako je napr\u00edklad \u010derpadlov\u00e1 jednotka. Ke\u010f\u017ee ide o uzavret\u00e9 syst\u00e9my, v ktor\u00fdch sa nepou\u017e\u00edvaj\u00fa \u017eiadne z\u00e1sobn\u00edky, tieto rozde\u013eova\u010de s\u00fa vhodn\u00e9 najm\u00e4 na nan\u00e1\u0161anie jemn\u00fdch hm\u00f4t a \u013eahk\u00fdch pien. Kombinovan\u00e9 alebo stredovo plnen\u00e9 depozitory maj\u00fa dve komory na hmotu a dva rady regula\u010dn\u00fdch ventilov prietoku. To umo\u017e\u0148uje s\u00fa\u010dasn\u00e9 ukladanie r\u00f4znych hm\u00f4t cez jednu d\u00fdzu.<\/p>\n<p><strong>Aplik\u00e1cie:<\/strong><\/p>\n<p>D\u017eem v marshmallow, \u010dokol\u00e1dov\u00fd kr\u00e9m v marshmallow, jemn\u00fd karamel v marshmallow, marshmallow, su\u0161ienkov\u00fd kr\u00e9m a d\u017eem ved\u013ea seba<\/p>\n<p><img decoding=\"async\" class=\"alignnone wp-image-2966\" src=\"https:\/\/cormac.eu\/wp-content\/uploads\/2022\/05\/wymbs-product-CFD-3.jpg\" alt=\"\" width=\"157\" height=\"130\" \/> <img decoding=\"async\" class=\"alignnone wp-image-2965\" src=\"https:\/\/cormac.eu\/wp-content\/uploads\/2022\/05\/wymbs-product-CFD-2.jpg\" alt=\"\" width=\"159\" height=\"131\" \/> <img decoding=\"async\" class=\"alignnone wp-image-2967\" src=\"https:\/\/cormac.eu\/wp-content\/uploads\/2022\/05\/wymbs-product-CFD-4.jpg\" alt=\"\" width=\"194\" height=\"156\" \/> <img loading=\"lazy\" decoding=\"async\" class=\"alignnone wp-image-2963\" src=\"https:\/\/cormac.eu\/wp-content\/uploads\/2022\/05\/wymbs-product-CFD-1.jpg\" alt=\"\" width=\"180\" height=\"168\" \/><\/p>\n<p>&nbsp;<\/p>\n<table>\n<tbody>\n<tr>\n<td width=\"253\">\u00a0<strong>Funkcie<\/strong><\/td>\n<td width=\"351\">\u00a0<strong>V\u00fdhody<\/strong><\/td>\n<\/tr>\n<tr>\n<td>Vysokokvalitn\u00e1 hlin\u00edkov\u00e1 kon\u0161trukcia<\/td>\n<td>\n<ul>\n<li>N\u00edzka hmotnos\u0165<\/li>\n<li>Siln\u00fd<\/li>\n<\/ul>\n<\/td>\n<\/tr>\n<tr>\n<td>Bezn\u00e1strojov\u00e9 vyva\u017eovanie syst\u00e9mu<\/td>\n<td>\n<ul>\n<li>Jednoduch\u00e9 vyv\u00e1\u017eenie tlaku v syst\u00e9me<\/li>\n<\/ul>\n<\/td>\n<\/tr>\n<tr>\n<td>Vn\u00fatorn\u00fd syst\u00e9m cirkul\u00e1cie vody<\/td>\n<td>\n<ul>\n<li>Riaden\u00e9 vykurovanie a chladenie<\/li>\n<\/ul>\n<\/td>\n<\/tr>\n<tr>\n<td>Rota\u010dn\u00fd ventil utesnen\u00fd v nekovovom polym\u00e9ri<\/td>\n<td>\n<ul>\n<li>Vysok\u00e1 odolnos\u0165<\/li>\n<li>n\u00edzke trenie<\/li>\n<\/ul>\n<\/td>\n<\/tr>\n<tr>\n<td>Rota\u010dn\u00fd ventil poh\u00e1\u0148an\u00fd servopohonom<\/td>\n<td>\n<ul>\n<li>Presn\u00e9 riadenie pohybu ventilu<\/li>\n<\/ul>\n<\/td>\n<\/tr>\n<tr>\n<td>Mo\u017enosti<\/td>\n<td>\n<ul>\n<li>Pr\u00eddavn\u00e9 \u010distiace nadstavce na \u010distenie na linke (CIP)<\/li>\n<li>\u0160peci\u00e1lne zliatiny chr\u00e1niace pred hmotami s vysokou kyslos\u0165ou<\/li>\n<li>\u0160peci\u00e1lne d\u00fdzy s dvojit\u00fdm vkladom<\/li>\n<li>\u0160peci\u00e1lne viacvrcholov\u00e9 d\u00fdzy<\/li>\n<\/ul>\n<\/td>\n<\/tr>\n<\/tbody>\n<\/table>\n<p>&nbsp;<\/p>","protected":false},"excerpt":{"rendered":"<p>Tlakov\u00fd rozde\u013eova\u010d na stredov\u00e9 plnenie, ukladanie ved\u013ea seba a viacvrstvov\u00e9 ukladanie<\/p>","protected":false},"featured_media":2962,"comment_status":"open","ping_status":"closed","template":"","meta":{"uix_meta_title":"","uix_meta_description":"","uix_canonical_url":""},"product_brand":[],"product_cat":[104],"product_tag":[187,196],"class_list":{"0":"post-2969","1":"product","2":"type-product","3":"status-publish","4":"has-post-thumbnail","6":"product_cat-processing","7":"product_tag-biscuit-creams","8":"product_tag-marshmallows","10":"first","11":"instock","12":"shipping-taxable","13":"product-type-simple"},"_links":{"self":[{"href":"https:\/\/cormac.eu\/sk\/wp-json\/wp\/v2\/product\/2969","targetHints":{"allow":["GET"]}}],"collection":[{"href":"https:\/\/cormac.eu\/sk\/wp-json\/wp\/v2\/product"}],"about":[{"href":"https:\/\/cormac.eu\/sk\/wp-json\/wp\/v2\/types\/product"}],"replies":[{"embeddable":true,"href":"https:\/\/cormac.eu\/sk\/wp-json\/wp\/v2\/comments?post=2969"}],"wp:featuredmedia":[{"embeddable":true,"href":"https:\/\/cormac.eu\/sk\/wp-json\/wp\/v2\/media\/2962"}],"wp:attachment":[{"href":"https:\/\/cormac.eu\/sk\/wp-json\/wp\/v2\/media?parent=2969"}],"wp:term":[{"taxonomy":"product_brand","embeddable":true,"href":"https:\/\/cormac.eu\/sk\/wp-json\/wp\/v2\/product_brand?post=2969"},{"taxonomy":"product_cat","embeddable":true,"href":"https:\/\/cormac.eu\/sk\/wp-json\/wp\/v2\/product_cat?post=2969"},{"taxonomy":"product_tag","embeddable":true,"href":"https:\/\/cormac.eu\/sk\/wp-json\/wp\/v2\/product_tag?post=2969"}],"curies":[{"name":"wp","href":"https:\/\/api.w.org\/{rel}","templated":true}]}}