{"id":2951,"date":"2022-05-19T22:53:20","date_gmt":"2022-05-19T20:53:20","guid":{"rendered":"https:\/\/cormac.eu\/?post_type=product&#038;p=2951"},"modified":"2022-06-05T15:15:09","modified_gmt":"2022-06-05T13:15:09","slug":"ukladaci-rozdelovac-2","status":"publish","type":"product","link":"https:\/\/cormac.eu\/sk\/product\/depositing-manifold\/","title":{"rendered":"Tlakov\u00fd rozde\u013eova\u010d"},"content":{"rendered":"<p>Tlakov\u00e9 rozde\u013eova\u010de s\u00fa ur\u010den\u00e9 na priame pripojenie ku kontinu\u00e1lnej aera\u010dnej jednotke alebo d\u00e1vkovaciemu syst\u00e9mu, ako je napr\u00edklad \u010derpadlov\u00e1 jednotka. Ke\u010f\u017ee ide o uzavret\u00e9 syst\u00e9my, v ktor\u00fdch sa nepou\u017e\u00edvaj\u00fa \u017eiadne z\u00e1sobn\u00edky, tieto rozde\u013eova\u010de s\u00fa vhodn\u00e9 najm\u00e4 na nan\u00e1\u0161anie jemn\u00fdch hm\u00f4t a \u013eahk\u00fdch pien. Verzia \"oby\u010dajn\u00e9ho usadzovania\" m\u00e1 jednu komoru na hmotu, v ktorej je vyrovnan\u00fd syst\u00e9mov\u00fd tlak. Ka\u017ed\u00e1 usadzovacia d\u00fdza na rozde\u013eova\u010di je ovl\u00e1dan\u00e1 samostatn\u00fdm regula\u010dn\u00fdm ventilom prietoku. Takto mo\u017eno dosiahnu\u0165 jemn\u00e9 vyrovnanie tlaku v celom rozde\u013eova\u010di.<\/p>\n<p>&nbsp;<\/p>\n<p>Aplik\u00e1cie<\/p>\n<p><img decoding=\"async\" class=\"alignnone wp-image-2959\" src=\"https:\/\/cormac.eu\/wp-content\/uploads\/2022\/05\/Wymbs-picture-4-DMF.jpg\" alt=\"\" width=\"107\" height=\"107\" srcset=\"https:\/\/cormac.eu\/wp-content\/uploads\/2022\/05\/Wymbs-picture-4-DMF.jpg 125w, https:\/\/cormac.eu\/wp-content\/uploads\/2022\/05\/Wymbs-picture-4-DMF-100x100.jpg 100w\" sizes=\"(max-width: 107px) 100vw, 107px\" \/> <img decoding=\"async\" class=\"alignnone size-full wp-image-2958\" src=\"https:\/\/cormac.eu\/wp-content\/uploads\/2022\/05\/Wymbs-picture-3-DMF.jpg\" alt=\"\" width=\"125\" height=\"125\" srcset=\"https:\/\/cormac.eu\/wp-content\/uploads\/2022\/05\/Wymbs-picture-3-DMF.jpg 125w, https:\/\/cormac.eu\/wp-content\/uploads\/2022\/05\/Wymbs-picture-3-DMF-100x100.jpg 100w\" sizes=\"(max-width: 125px) 100vw, 125px\" \/> <img decoding=\"async\" class=\"alignnone size-full wp-image-2957\" src=\"https:\/\/cormac.eu\/wp-content\/uploads\/2022\/05\/Wymbs-picture-2-DMF.jpg\" alt=\"\" width=\"125\" height=\"125\" srcset=\"https:\/\/cormac.eu\/wp-content\/uploads\/2022\/05\/Wymbs-picture-2-DMF.jpg 125w, https:\/\/cormac.eu\/wp-content\/uploads\/2022\/05\/Wymbs-picture-2-DMF-100x100.jpg 100w\" sizes=\"(max-width: 125px) 100vw, 125px\" \/>\u00a0 \u00a0 <img loading=\"lazy\" decoding=\"async\" class=\"alignnone wp-image-2960\" src=\"https:\/\/cormac.eu\/wp-content\/uploads\/2022\/05\/strawberry-jaffa-cakes-1-300x227.jpg\" alt=\"\" width=\"139\" height=\"105\" srcset=\"https:\/\/cormac.eu\/wp-content\/uploads\/2022\/05\/strawberry-jaffa-cakes-1-300x227.jpg 300w, https:\/\/cormac.eu\/wp-content\/uploads\/2022\/05\/strawberry-jaffa-cakes-1-768x581.jpg 768w, https:\/\/cormac.eu\/wp-content\/uploads\/2022\/05\/strawberry-jaffa-cakes-1-600x454.jpg 600w, https:\/\/cormac.eu\/wp-content\/uploads\/2022\/05\/strawberry-jaffa-cakes-1.jpg 969w\" sizes=\"(max-width: 139px) 100vw, 139px\" \/><\/p>\n<p>&nbsp;<\/p>\n<table>\n<tbody>\n<tr>\n<td width=\"253\">\u00a0<strong>Funkcie<\/strong><\/td>\n<td width=\"351\">\u00a0<strong>V\u00fdhody<\/strong><\/td>\n<\/tr>\n<tr>\n<td>Vysokokvalitn\u00e1 hlin\u00edkov\u00e1 kon\u0161trukcia<\/td>\n<td>\n<ul>\n<li>N\u00edzka hmotnos\u0165<\/li>\n<li>Siln\u00fd<\/li>\n<\/ul>\n<\/td>\n<\/tr>\n<tr>\n<td>Bezn\u00e1strojov\u00e9 vyva\u017eovanie syst\u00e9mu<\/td>\n<td>\n<ul>\n<li>Jednoduch\u00e9 vyv\u00e1\u017eenie tlaku v syst\u00e9me<\/li>\n<\/ul>\n<\/td>\n<\/tr>\n<tr>\n<td>Vn\u00fatorn\u00fd syst\u00e9m cirkul\u00e1cie vody<\/td>\n<td>\n<ul>\n<li>Riaden\u00e9 vykurovanie a chladenie<\/li>\n<\/ul>\n<\/td>\n<\/tr>\n<tr>\n<td>Rota\u010dn\u00fd ventil utesnen\u00fd v nekovovom polym\u00e9ri<\/td>\n<td>\n<ul>\n<li>Vysok\u00e1 odolnos\u0165<\/li>\n<li>n\u00edzke trenie<\/li>\n<\/ul>\n<\/td>\n<\/tr>\n<tr>\n<td>Mo\u017enosti<\/td>\n<td>\n<ul>\n<li>Pr\u00eddavn\u00e9 \u010distiace nadstavce na \u010distenie na linke (CIP)<\/li>\n<li>\u0160peci\u00e1lne zliatiny chr\u00e1niace pred hmotami s vysokou kyslos\u0165ou<\/li>\n<li>rota\u010dn\u00fd ventil poh\u00e1\u0148an\u00fd servopohonom alebo pneumaticky<\/li>\n<\/ul>\n<\/td>\n<\/tr>\n<\/tbody>\n<\/table>\n<p>&nbsp;<\/p>","protected":false},"excerpt":{"rendered":"<p>Tlakov\u00fd rozde\u013eova\u010d na pr\u00e1cu v uzavretom syst\u00e9me<\/p>","protected":false},"featured_media":2955,"comment_status":"open","ping_status":"closed","template":"","meta":{"uix_meta_title":"","uix_meta_description":"","uix_canonical_url":""},"product_brand":[],"product_cat":[104],"product_tag":[187,215,210,191,196],"class_list":{"0":"post-2951","1":"product","2":"type-product","3":"status-publish","4":"has-post-thumbnail","6":"product_cat-processing","7":"product_tag-biscuit-creams","8":"product_tag-center-filled-products","9":"product_tag-cookies","10":"product_tag-fondants-icings","11":"product_tag-marshmallows","13":"first","14":"instock","15":"shipping-taxable","16":"product-type-simple"},"_links":{"self":[{"href":"https:\/\/cormac.eu\/sk\/wp-json\/wp\/v2\/product\/2951","targetHints":{"allow":["GET"]}}],"collection":[{"href":"https:\/\/cormac.eu\/sk\/wp-json\/wp\/v2\/product"}],"about":[{"href":"https:\/\/cormac.eu\/sk\/wp-json\/wp\/v2\/types\/product"}],"replies":[{"embeddable":true,"href":"https:\/\/cormac.eu\/sk\/wp-json\/wp\/v2\/comments?post=2951"}],"wp:featuredmedia":[{"embeddable":true,"href":"https:\/\/cormac.eu\/sk\/wp-json\/wp\/v2\/media\/2955"}],"wp:attachment":[{"href":"https:\/\/cormac.eu\/sk\/wp-json\/wp\/v2\/media?parent=2951"}],"wp:term":[{"taxonomy":"product_brand","embeddable":true,"href":"https:\/\/cormac.eu\/sk\/wp-json\/wp\/v2\/product_brand?post=2951"},{"taxonomy":"product_cat","embeddable":true,"href":"https:\/\/cormac.eu\/sk\/wp-json\/wp\/v2\/product_cat?post=2951"},{"taxonomy":"product_tag","embeddable":true,"href":"https:\/\/cormac.eu\/sk\/wp-json\/wp\/v2\/product_tag?post=2951"}],"curies":[{"name":"wp","href":"https:\/\/api.w.org\/{rel}","templated":true}]}}