{"id":2915,"date":"2022-04-24T14:28:14","date_gmt":"2022-04-24T12:28:14","guid":{"rendered":"https:\/\/cormac.eu\/?post_type=product&#038;p=2915"},"modified":"2022-06-01T12:24:06","modified_gmt":"2022-06-01T10:24:06","slug":"cokoladovy-depozitar-kcm-beta-2","status":"publish","type":"product","link":"https:\/\/cormac.eu\/sk\/product\/chocolate-depositer-kcm-beta\/","title":{"rendered":"\u010cokol\u00e1dov\u00fd depozit\u00e1r KCM Beta"},"content":{"rendered":"<p>V\u010faka svojej konzolovej kon\u0161trukcii sa jednoradov\u00fd model Beta \u010dasto pou\u017e\u00edva ako dodato\u010dne vybaven\u00fd vkladac\u00ed stroj v existuj\u00facich priemyseln\u00fdch link\u00e1ch na v\u00fdrobu \u010dokol\u00e1dy.  Bol \u0161peci\u00e1lne navrhnut\u00fd na umiestnenie nad existuj\u00face dopravn\u00e9 p\u00e1sy alebo na integr\u00e1ciu do v\u00fdrobn\u00fdch liniek tret\u00edch str\u00e1n. Z\u00e1kazn\u00edk tak z\u00edskava atrakt\u00edvnu mo\u017enos\u0165 jednoduchej v\u00fdmeny opotrebovan\u00fdch jednotiek depozit\u00e1rov. Tento stroj je vhodn\u00fd na ukladanie pevn\u00fdch v\u00fdrobkov, ako aj na dekorat\u00edvne aplik\u00e1cie. V\u00fdhodou v porovnan\u00ed s dvojriadkov\u00fdmi modelmi, ako s\u00fa Eta \/ Theta, je jeho \u0161t\u00edhla kon\u0161trukcia tela, v d\u00f4sledku \u010doho mo\u017eno tento stroj Beta in\u0161talova\u0165 na miestach s obmedzen\u00fdm priestorom. Modely Beta s\u00fa vybaven\u00e9 najnov\u0161ou technol\u00f3giou servopohonov a konzolov\u00e1 kon\u0161trukcia umo\u017e\u0148uje jednoduch\u00fa manipul\u00e1ciu, \u010distenie a r\u00fdchlu v\u00fdmenu za in\u00e9 v\u00fdrobky. V\u010faka jedine\u010dn\u00e9mu syst\u00e9mu ot\u00e1\u010dania piestu mo\u017eno dosiahnu\u0165 ve\u013emi presn\u00fd objem.<\/p>\n<p><img fetchpriority=\"high\" decoding=\"async\" class=\"alignnone size-medium wp-image-2920\" src=\"https:\/\/cormac.eu\/wp-content\/uploads\/2022\/04\/Knobel-Piston-system-pic_800031-300x200.jpg\" alt=\"\" width=\"300\" height=\"200\" srcset=\"https:\/\/cormac.eu\/wp-content\/uploads\/2022\/04\/Knobel-Piston-system-pic_800031-300x200.jpg 300w, https:\/\/cormac.eu\/wp-content\/uploads\/2022\/04\/Knobel-Piston-system-pic_800031.jpg 540w\" sizes=\"(max-width: 300px) 100vw, 300px\" \/><\/p>\n<p>S volite\u013enou funkciou Nut-execution mo\u017eno zariadenie Beta pou\u017ei\u0165 aj na ukladanie cel\u00fdch orechov a in\u00fdch inkl\u00fazi\u00ed. Orechy, hrozienka, ry\u017eov\u00e9 such\u00e9 ovocie alebo in\u00e9 inkl\u00fazie sa do n\u00e1sypky KCM dostan\u00fa v po\u017eadovanej zmesi. Programovate\u013en\u00fd horizont\u00e1lny mie\u0161ac\u00ed syst\u00e9m vo vn\u00fatri n\u00e1sypky zabezpe\u010d\u00ed dobr\u00e9 rozlo\u017eenie pr\u00edsad v zmesi. R\u00f4zne inkl\u00fazie sa m\u00f4\u017eu mie\u0161a\u0165 s\u00fa\u010dasne.<\/p>\n<div data-row=\"1\">\n<div>\n<p>\u00a0 <img decoding=\"async\" class=\"alignnone wp-image-2921\" src=\"https:\/\/cormac.eu\/wp-content\/uploads\/2022\/04\/chocolate-with-nuts-pic_809973-300x225.jpg\" alt=\"\" width=\"263\" height=\"197\" srcset=\"https:\/\/cormac.eu\/wp-content\/uploads\/2022\/04\/chocolate-with-nuts-pic_809973-300x225.jpg 300w, https:\/\/cormac.eu\/wp-content\/uploads\/2022\/04\/chocolate-with-nuts-pic_809973.jpg 540w\" sizes=\"(max-width: 263px) 100vw, 263px\" \/> <img decoding=\"async\" class=\"alignnone wp-image-2917\" src=\"https:\/\/cormac.eu\/wp-content\/uploads\/2022\/04\/Bij-KCM-beta-pic_800033-300x200.png\" alt=\"\" width=\"327\" height=\"218\" srcset=\"https:\/\/cormac.eu\/wp-content\/uploads\/2022\/04\/Bij-KCM-beta-pic_800033-300x200.png 300w, https:\/\/cormac.eu\/wp-content\/uploads\/2022\/04\/Bij-KCM-beta-pic_800033.png 540w\" sizes=\"(max-width: 327px) 100vw, 327px\" \/><\/p>\n<\/div>\n<p>&nbsp;<\/p>\n<p>V\u0161etky modely Beta m\u00f4\u017eu by\u0165 vybaven\u00e9 3-osov\u00fdm pohybom (CAD), ktor\u00fd umo\u017e\u0148uje pohybova\u0165 depozitnou hlavou vo v\u0161etk\u00fdch smeroch.<\/p>\n<\/div>\n<table style=\"height: 544px\" width=\"792\">\n<tbody>\n<tr>\n<td width=\"226\">\u00a0<strong>Funkcie<\/strong><\/td>\n<td width=\"227\">\u00a0<strong>V\u00fdhody<\/strong><\/td>\n<\/tr>\n<tr>\n<td>Plne elektro poh\u00e1\u0148an\u00e9<\/td>\n<td>\n<ul>\n<li>presn\u00e9<\/li>\n<li>r\u00fdchlo<\/li>\n<li>spo\u013eahliv\u00e9<\/li>\n<\/ul>\n<\/td>\n<\/tr>\n<tr>\n<td>\u00a0Navrhnut\u00e9 na integr\u00e1ciu do linky<\/td>\n<td>\n<ul>\n<li>vhodn\u00e9 na moderniz\u00e1ciu<\/li>\n<li>s\u00fa\u010das\u0165 modul\u00e1rnych syst\u00e9mov Knobel<\/li>\n<li>umo\u017e\u0148uje pou\u017e\u00edva\u0165 existuj\u00face v\u00fdrobn\u00e9 zariadenia<\/li>\n<\/ul>\n<\/td>\n<\/tr>\n<tr>\n<td>\u00a0Patentovan\u00fd syst\u00e9m ot\u00e1\u010dania piestu<\/td>\n<td>\n<ul>\n<li>jednoduch\u00e9 \u010distenie<\/li>\n<li>r\u00fdchly prechod na nov\u00fa technol\u00f3giu<\/li>\n<li>vynikaj\u00faca presnos\u0165 vkladania<\/li>\n<\/ul>\n<\/td>\n<\/tr>\n<tr>\n<td>Skon\u0161truovan\u00e9 pre r\u00f4zny ak\u010dn\u00fd r\u00e1dius<\/td>\n<td>\n<ul>\n<li>Mo\u017enosti vo\u013en\u00e9ho obliekania<\/li>\n<li>V\u00fdroba vrstven\u00fdch v\u00fdrobkov<\/li>\n<\/ul>\n<\/td>\n<\/tr>\n<\/tbody>\n<\/table>\n<div data-row=\"1\">\n<p>&nbsp;<\/p>\n<\/div>","protected":false},"excerpt":{"rendered":"<p>Priemyseln\u00e1 \u010dokol\u00e1dov\u0148a s 3-osov\u00fdm pohybom na v\u00fdrobu tuh\u00fdch v\u00fdrobkov a tuh\u00fdch v\u00fdrobkov s pr\u00edsadami. Tento depozit\u00e1r je obzvl\u00e1\u0161\u0165 vhodn\u00fd na dodato\u010dn\u00fa mont\u00e1\u017e na odch\u00e1dzaj\u00face linky, a to aj od v\u00fdrobcov tret\u00edch str\u00e1n.<\/p>","protected":false},"featured_media":2916,"comment_status":"open","ping_status":"closed","template":"","meta":{"uix_meta_title":"","uix_meta_description":"","uix_canonical_url":""},"product_brand":[],"product_cat":[104],"product_tag":[206,217,208,218],"class_list":{"0":"post-2915","1":"product","2":"type-product","3":"status-publish","4":"has-post-thumbnail","6":"product_cat-processing","7":"product_tag-chocolate-tablets","8":"product_tag-chocolate-tablets-with-whole-nuts","9":"product_tag-chocolates","10":"product_tag-chocolates-with-inclusions","12":"first","13":"instock","14":"shipping-taxable","15":"product-type-simple"},"_links":{"self":[{"href":"https:\/\/cormac.eu\/sk\/wp-json\/wp\/v2\/product\/2915","targetHints":{"allow":["GET"]}}],"collection":[{"href":"https:\/\/cormac.eu\/sk\/wp-json\/wp\/v2\/product"}],"about":[{"href":"https:\/\/cormac.eu\/sk\/wp-json\/wp\/v2\/types\/product"}],"replies":[{"embeddable":true,"href":"https:\/\/cormac.eu\/sk\/wp-json\/wp\/v2\/comments?post=2915"}],"wp:featuredmedia":[{"embeddable":true,"href":"https:\/\/cormac.eu\/sk\/wp-json\/wp\/v2\/media\/2916"}],"wp:attachment":[{"href":"https:\/\/cormac.eu\/sk\/wp-json\/wp\/v2\/media?parent=2915"}],"wp:term":[{"taxonomy":"product_brand","embeddable":true,"href":"https:\/\/cormac.eu\/sk\/wp-json\/wp\/v2\/product_brand?post=2915"},{"taxonomy":"product_cat","embeddable":true,"href":"https:\/\/cormac.eu\/sk\/wp-json\/wp\/v2\/product_cat?post=2915"},{"taxonomy":"product_tag","embeddable":true,"href":"https:\/\/cormac.eu\/sk\/wp-json\/wp\/v2\/product_tag?post=2915"}],"curies":[{"name":"wp","href":"https:\/\/api.w.org\/{rel}","templated":true}]}}