{"id":2905,"date":"2022-04-24T13:34:09","date_gmt":"2022-04-24T11:34:09","guid":{"rendered":"https:\/\/cormac.eu\/?post_type=product&#038;p=2905"},"modified":"2022-06-05T19:05:25","modified_gmt":"2022-06-05T17:05:25","slug":"akumulacna-vyrovnavacia-nadrz-2","status":"publish","type":"product","link":"https:\/\/cormac.eu\/sk\/product\/storage-buffer-tank\/","title":{"rendered":"Skladovacie\/vyrovn\u00e1vacie n\u00e1dr\u017ee"},"content":{"rendered":"<p>N\u00e1dr\u017ee AR sa vyr\u00e1baj\u00fa s dvojit\u00fdm pl\u00e1\u0161\u0165om a s\u00fa vybaven\u00e9 v s\u00falade s aplik\u00e1ciou. Napr\u00edklad na tavenie sa pou\u017e\u00edva typ ARFO, na skladovanie typ ARA a na pop\u00fa\u0161\u0165anie a kon\u0161ovanie typ ARX. N\u00e1dr\u017ee AR maj\u00fa vo v\u0161eobecnosti dvojit\u00fd pl\u00e1\u0161\u0165 s vodou rozvedenou po celej n\u00e1dr\u017ei v \u00fa\u010dinnom okruhu, \u010d\u00edm sa dosiahne dokonal\u00e9 rozlo\u017eenie tepla. N\u00e1dr\u017ee s\u00fa skon\u0161truovan\u00e9 s planet\u00e1rnym mie\u0161adlom, aby sa zabr\u00e1nilo tvorbe hrudiek v hmote a dosiahla sa v\u00e4\u010d\u0161ia homogenita a plasticita. Vykurovac\u00ed syst\u00e9m pozost\u00e1va z elektrick\u00fdch ohrieva\u010dov ponoren\u00fdch v dvojitom pl\u00e1\u0161ti, ktor\u00e9 s\u00fa riaden\u00e9 termostatom. Na lep\u0161iu tempera\u010dn\u00fa pr\u00e1cu mo\u017eno volite\u013ene doda\u0165 plne automatick\u00fa regul\u00e1ciu teploty. N\u00e1dr\u017e sa dod\u00e1va s motorov\u00fdm reduktorom, teplomerom obsahu a \u010derpadlom na cirkul\u00e1ciu vody umiestnen\u00fdm v spodnej \u010dasti stroja. Ur\u00fdch\u013eova\u010d kon\u0161ovania pou\u017eit\u00fd vo verzii ARX je umiestnen\u00fd v hornej \u010dasti n\u00e1dr\u017ee. Odober\u00e1 \u010dokol\u00e1du z toho ist\u00e9ho \u010derpadla, ktor\u00e9 vypr\u00e1zd\u0148uje n\u00e1dr\u017e recirkul\u00e1ciou cez \u010derpadlo do hornej \u010dasti n\u00e1dr\u017ee. Ke\u010f potrubie dosiahne vrchol, jeho v\u00fdstup sa z\u00fa\u017ei do koncovky s ryb\u00edm chvostom, \u010d\u00edm sa vytvor\u00ed ve\u013emi tenk\u00e1 vrstva \u010dokol\u00e1dy. Hor\u00faci vzduch sa vh\u00e1\u0148a priamo cez t\u00fato vrstvu \u010dokol\u00e1dy, \u010d\u00edm sa odparuje vlhkos\u0165, prchav\u00e9 kyseliny a \u010dokol\u00e1dov\u00e1 hmota sa kondenzuje. Recirkul\u00e1cia cez toto zariadenie sa m\u00f4\u017ee pred\u013a\u017ei\u0165 pod\u013ea potreby. kapacita sa pohybuje od 250 do 7 000 kg.<\/p>\n<p>&nbsp;<\/p>\n<table style=\"height: 592px\" width=\"776\">\n<tbody>\n<tr>\n<td width=\"197\"><strong>\u00a0Funkcie<\/strong><\/td>\n<td width=\"197\">\u00a0<strong>V\u00fdhody<\/strong><\/td>\n<\/tr>\n<tr>\n<td>Dvojpl\u00e1\u0161\u0165ov\u00e1 n\u00e1dr\u017e<\/td>\n<td>\n<ul>\n<li>Vynikaj\u00face tempera\u010dn\u00e9 vlastnosti<\/li>\n<\/ul>\n<\/td>\n<\/tr>\n<tr>\n<td>Mie\u0161adlo s planet\u00e1rnym pohybom<\/td>\n<td>\n<ul>\n<li>Homog\u00e9nna \u00faprava hmotnosti<\/li>\n<\/ul>\n<\/td>\n<\/tr>\n<tr>\n<td>Vr\u00e1tane motorov\u00e9ho reduktora, teplomera a obehov\u00e9ho \u010derpadla<\/td>\n<td>\n<ul>\n<li>Robustn\u00e9 a spo\u013eahliv\u00e9<\/li>\n<li>kompletn\u00fd<\/li>\n<li>dobr\u00e1 kontrola procesu<\/li>\n<\/ul>\n<\/td>\n<\/tr>\n<tr>\n<td>Volite\u013en\u00fd ur\u00fdch\u013eova\u010d kon\u0161ovania<\/td>\n<td>\n<ul>\n<li>zv\u00fd\u0161en\u00e1 kvalita v\u00fdrobkov<\/li>\n<li>lep\u0161ia homogeniz\u00e1cia<\/li>\n<li>lep\u0161ia chu\u0165<\/li>\n<\/ul>\n<\/td>\n<\/tr>\n<tr>\n<td>Volite\u013en\u00e9 prevedenie z nehrdzavej\u00facej ocele<\/td>\n<td>\n<ul>\n<li>Hygienick\u00e9 prevedenie<\/li>\n<\/ul>\n<\/td>\n<\/tr>\n<\/tbody>\n<\/table>","protected":false},"excerpt":{"rendered":"<p>N\u00e1dr\u017e na skladovanie a mie\u0161anie pri nastavenej teplote pre tukov\u00e9 hmoty, ako s\u00fa zmesi, \u010dokol\u00e1dov\u00e9 hmoty a kr\u00e9my.<\/p>","protected":false},"featured_media":2904,"comment_status":"open","ping_status":"closed","template":"","meta":{"uix_meta_title":"","uix_meta_description":"","uix_canonical_url":""},"product_brand":[],"product_cat":[104],"product_tag":[238,237,239],"class_list":{"0":"post-2905","1":"product","2":"type-product","3":"status-publish","4":"has-post-thumbnail","6":"product_cat-processing","7":"product_tag-chocolate-mass","8":"product_tag-fat-masses","9":"product_tag-storage","11":"first","12":"instock","13":"shipping-taxable","14":"product-type-simple"},"_links":{"self":[{"href":"https:\/\/cormac.eu\/sk\/wp-json\/wp\/v2\/product\/2905","targetHints":{"allow":["GET"]}}],"collection":[{"href":"https:\/\/cormac.eu\/sk\/wp-json\/wp\/v2\/product"}],"about":[{"href":"https:\/\/cormac.eu\/sk\/wp-json\/wp\/v2\/types\/product"}],"replies":[{"embeddable":true,"href":"https:\/\/cormac.eu\/sk\/wp-json\/wp\/v2\/comments?post=2905"}],"wp:featuredmedia":[{"embeddable":true,"href":"https:\/\/cormac.eu\/sk\/wp-json\/wp\/v2\/media\/2904"}],"wp:attachment":[{"href":"https:\/\/cormac.eu\/sk\/wp-json\/wp\/v2\/media?parent=2905"}],"wp:term":[{"taxonomy":"product_brand","embeddable":true,"href":"https:\/\/cormac.eu\/sk\/wp-json\/wp\/v2\/product_brand?post=2905"},{"taxonomy":"product_cat","embeddable":true,"href":"https:\/\/cormac.eu\/sk\/wp-json\/wp\/v2\/product_cat?post=2905"},{"taxonomy":"product_tag","embeddable":true,"href":"https:\/\/cormac.eu\/sk\/wp-json\/wp\/v2\/product_tag?post=2905"}],"curies":[{"name":"wp","href":"https:\/\/api.w.org\/{rel}","templated":true}]}}