{"id":2897,"date":"2022-04-24T12:40:29","date_gmt":"2022-04-24T10:40:29","guid":{"rendered":"https:\/\/cormac.eu\/?post_type=product&#038;p=2897"},"modified":"2022-04-24T12:40:29","modified_gmt":"2022-04-24T10:40:29","slug":"rozsireny-laboratorny-lakovaci-stroj-2","status":"publish","type":"product","link":"https:\/\/cormac.eu\/sk\/product\/extended-laboratory-coating-machine\/","title":{"rendered":"Roz\u0161\u00edren\u00fd laborat\u00f3rny lakovac\u00ed stroj"},"content":{"rendered":"<p>Povlakovac\u00ed stroj ADG je laborat\u00f3rny stroj vybaven\u00fd zariaden\u00edm na ohrev a\/alebo chladenie procesn\u00e9ho vzduchu. Cel\u00fd klimatiza\u010dn\u00fd syst\u00e9m je uzavret\u00fd v z\u00e1kladnej jednotke, na ktorej je upevnen\u00e1 laborat\u00f3rna lakovacia panva. Ovl\u00e1dac\u00ed panel je nain\u0161talovan\u00fd v bl\u00edzkosti lakovacieho stroja, tak\u017ee ovl\u00e1dac\u00ed panel a stroj tvoria jednu u\u017e\u00edvate\u013esky pr\u00edvetiv\u00fa jednotku. Rovnako ako lakovac\u00ed stroj ADO maj\u00fa v\u0161etky panvice rovnak\u00e9 pr\u00edrubov\u00e9 pripojenie. S\u00fa teda \u013eahko zamenite\u013en\u00e9. Uhol panvice je v rozmedz\u00ed od 0\u00b0 do 50\u00b0 k vodorovnej \u010diare a d\u00e1 sa meni\u0165 pomocou ru\u010dne ovl\u00e1danej p\u00e1ky. Uhol panvy sa preto m\u00f4\u017ee prisp\u00f4sobi\u0165 r\u00f4znym v\u00fdrobkom.<\/p>\n<p>&nbsp;<\/p>\n<table style=\"height: 356px\" width=\"633\">\n<tbody>\n<tr>\n<td width=\"171\">\u00a0<strong>Funkcie<\/strong><\/td>\n<td width=\"171\">\u00a0<strong>V\u00fdhody<\/strong><\/td>\n<\/tr>\n<tr>\n<td>Nerezov\u00e1 oce\u013e 1.4301<\/td>\n<td>\n<ul>\n<li>Kysl\u00edkov\u00e1 realiz\u00e1cia<\/li>\n<\/ul>\n<\/td>\n<\/tr>\n<tr>\n<td>\u00a0Frekven\u010dne riaden\u00fd pohon<\/td>\n<td>\n<ul>\n<li>regul\u00e1cia r\u00fdchlosti<\/li>\n<\/ul>\n<\/td>\n<\/tr>\n<tr>\n<td>\u00a0Digit\u00e1lny ukazovate\u013e r\u00fdchlosti<\/td>\n<td>\n<ul>\n<li>riadenie procesu<\/li>\n<\/ul>\n<\/td>\n<\/tr>\n<tr>\n<td>kontrola receptov na po\u017eiadanie<\/td>\n<td>\n<ul>\n<li>r\u00f4znorod\u00e1 laborat\u00f3rna pr\u00e1ca<\/li>\n<\/ul>\n<\/td>\n<\/tr>\n<\/tbody>\n<\/table>","protected":false},"excerpt":{"rendered":"<p>Laborat\u00f3rna lakovacia panvica, kompletne vybaven\u00e1 zariaden\u00edm na ohrev a\/alebo chladenie procesn\u00e9ho vzduchu.<\/p>","protected":false},"featured_media":2896,"comment_status":"open","ping_status":"closed","template":"","meta":{"uix_meta_title":"","uix_meta_description":"","uix_canonical_url":""},"product_brand":[],"product_cat":[107,135,104],"product_tag":[],"class_list":{"0":"post-2897","1":"product","2":"type-product","3":"status-publish","4":"has-post-thumbnail","6":"product_cat-artisanal","7":"product_cat-laboratory","8":"product_cat-processing","10":"first","11":"instock","12":"shipping-taxable","13":"product-type-simple"},"_links":{"self":[{"href":"https:\/\/cormac.eu\/sk\/wp-json\/wp\/v2\/product\/2897","targetHints":{"allow":["GET"]}}],"collection":[{"href":"https:\/\/cormac.eu\/sk\/wp-json\/wp\/v2\/product"}],"about":[{"href":"https:\/\/cormac.eu\/sk\/wp-json\/wp\/v2\/types\/product"}],"replies":[{"embeddable":true,"href":"https:\/\/cormac.eu\/sk\/wp-json\/wp\/v2\/comments?post=2897"}],"wp:featuredmedia":[{"embeddable":true,"href":"https:\/\/cormac.eu\/sk\/wp-json\/wp\/v2\/media\/2896"}],"wp:attachment":[{"href":"https:\/\/cormac.eu\/sk\/wp-json\/wp\/v2\/media?parent=2897"}],"wp:term":[{"taxonomy":"product_brand","embeddable":true,"href":"https:\/\/cormac.eu\/sk\/wp-json\/wp\/v2\/product_brand?post=2897"},{"taxonomy":"product_cat","embeddable":true,"href":"https:\/\/cormac.eu\/sk\/wp-json\/wp\/v2\/product_cat?post=2897"},{"taxonomy":"product_tag","embeddable":true,"href":"https:\/\/cormac.eu\/sk\/wp-json\/wp\/v2\/product_tag?post=2897"}],"curies":[{"name":"wp","href":"https:\/\/api.w.org\/{rel}","templated":true}]}}