{"id":2895,"date":"2022-04-24T12:37:20","date_gmt":"2022-04-24T10:37:20","guid":{"rendered":"https:\/\/cormac.eu\/?post_type=product&#038;p=2895"},"modified":"2022-04-24T12:37:20","modified_gmt":"2022-04-24T10:37:20","slug":"laboratorna-panvica-na-obalovanie-cukrom","status":"publish","type":"product","link":"https:\/\/cormac.eu\/sk\/product\/laboratory-sugar-coating-pan\/","title":{"rendered":"Laborat\u00f3rna panvica na oba\u013eovanie cukrom"},"content":{"rendered":"<p>Povlakovac\u00ed stroj typu ADO je men\u0161\u00ed stroj vhodn\u00fd do laborat\u00f3ria. Uhol nato\u010denia je v rozmedz\u00ed od 0\u00b0 do 50\u00b0 k vodorovnej \u010diare a d\u00e1 sa meni\u0165 pomocou ru\u010dne ovl\u00e1danej p\u00e1ky. Uhol panvice sa preto m\u00f4\u017ee prisp\u00f4sobi\u0165 r\u00f4znym v\u00fdrobkom. Zadn\u00e1 \u010das\u0165 panvice, hriadele, lo\u017eisk\u00e1 at\u010f. s\u00fa natret\u00e9 dvojzlo\u017ekovou farbou. Na po\u017eiadanie m\u00f4\u017ee by\u0165 zadn\u00e1 \u010das\u0165 panvice a hriadele vyroben\u00e9 aj z nehrdzavej\u00facej ocele. Je mo\u017en\u00e1 dod\u00e1vka strojov na lakovanie riaden\u00fdch pod\u013ea recept\u00fary.<\/p>\n<p>&nbsp;<\/p>\n<table style=\"height: 350px\" width=\"620\">\n<tbody>\n<tr>\n<td width=\"153\">\u00a0<strong>Funkcie<\/strong><\/td>\n<td width=\"153\">\u00a0<strong>V\u00fdhody<\/strong><\/td>\n<\/tr>\n<tr>\n<td>Vyhotovenie z nehrdzavej\u00facej ocele<\/td>\n<td>\n<ul>\n<li>Hygenic<\/li>\n<\/ul>\n<\/td>\n<\/tr>\n<tr>\n<td>Robustn\u00e1 kon\u0161trukcia<\/td>\n<td>\n<ul>\n<li>Odoln\u00e9<\/li>\n<\/ul>\n<\/td>\n<\/tr>\n<tr>\n<td>Frekven\u010dne riaden\u00fd pohon<\/td>\n<td>\n<ul>\n<li>regul\u00e1cia r\u00fdchlosti<\/li>\n<\/ul>\n<\/td>\n<\/tr>\n<tr>\n<td>Digit\u00e1lny ukazovate\u013e r\u00fdchlosti<\/td>\n<td>\n<ul>\n<li>riadenie procesu<\/li>\n<\/ul>\n<\/td>\n<\/tr>\n<\/tbody>\n<\/table>","protected":false},"excerpt":{"rendered":"<p>Panvica na oba\u013eovanie cukrom pre laborat\u00f3rne a remeseln\u00e9 pou\u017eitie.<\/p>","protected":false},"featured_media":2894,"comment_status":"open","ping_status":"closed","template":"","meta":{"uix_meta_title":"","uix_meta_description":"","uix_canonical_url":""},"product_brand":[],"product_cat":[107,135,104],"product_tag":[],"class_list":{"0":"post-2895","1":"product","2":"type-product","3":"status-publish","4":"has-post-thumbnail","6":"product_cat-artisanal","7":"product_cat-laboratory","8":"product_cat-processing","10":"first","11":"instock","12":"shipping-taxable","13":"product-type-simple"},"_links":{"self":[{"href":"https:\/\/cormac.eu\/sk\/wp-json\/wp\/v2\/product\/2895","targetHints":{"allow":["GET"]}}],"collection":[{"href":"https:\/\/cormac.eu\/sk\/wp-json\/wp\/v2\/product"}],"about":[{"href":"https:\/\/cormac.eu\/sk\/wp-json\/wp\/v2\/types\/product"}],"replies":[{"embeddable":true,"href":"https:\/\/cormac.eu\/sk\/wp-json\/wp\/v2\/comments?post=2895"}],"wp:featuredmedia":[{"embeddable":true,"href":"https:\/\/cormac.eu\/sk\/wp-json\/wp\/v2\/media\/2894"}],"wp:attachment":[{"href":"https:\/\/cormac.eu\/sk\/wp-json\/wp\/v2\/media?parent=2895"}],"wp:term":[{"taxonomy":"product_brand","embeddable":true,"href":"https:\/\/cormac.eu\/sk\/wp-json\/wp\/v2\/product_brand?post=2895"},{"taxonomy":"product_cat","embeddable":true,"href":"https:\/\/cormac.eu\/sk\/wp-json\/wp\/v2\/product_cat?post=2895"},{"taxonomy":"product_tag","embeddable":true,"href":"https:\/\/cormac.eu\/sk\/wp-json\/wp\/v2\/product_tag?post=2895"}],"curies":[{"name":"wp","href":"https:\/\/api.w.org\/{rel}","templated":true}]}}