{"id":2886,"date":"2022-04-24T12:19:21","date_gmt":"2022-04-24T10:19:21","guid":{"rendered":"https:\/\/cormac.eu\/?post_type=product&#038;p=2886"},"modified":"2022-04-24T12:19:42","modified_gmt":"2022-04-24T10:19:42","slug":"dopravne-systemy-2","status":"publish","type":"product","link":"https:\/\/cormac.eu\/sk\/product\/conveying-systems\/","title":{"rendered":"Dopravn\u00e9 syst\u00e9my"},"content":{"rendered":"<p>\u0160tandardn\u00e9, zdv\u00edhacie dopravn\u00e9 syst\u00e9my a dopravn\u00e9 syst\u00e9my s hus\u00edm krkom. Variabiln\u00e1 r\u00fdchlos\u0165 p\u00e1su sa dosahuje pou\u017eit\u00edm frekven\u010dne riaden\u00fdch prevodov\u00fdch motorov, ktor\u00e9 zabezpe\u010duj\u00fa flexibiln\u00fd dopravn\u00fd syst\u00e9m. Dopravn\u00e9 syst\u00e9my na plnenie a vypr\u00e1zd\u0148ovanie lakovac\u00edch strojov zaru\u010duj\u00fa vysok\u00fd stupe\u0148 automatiz\u00e1cie a bezprobl\u00e9mov\u00fa v\u00fdrobu. Konfigur\u00e1cia pod\u013ea po\u017eiadaviek z\u00e1kazn\u00edka.<\/p>\n<p>&nbsp;<\/p>\n<table style=\"height: 335px\" width=\"653\">\n<tbody>\n<tr>\n<td width=\"160\">\u00a0<strong>Funkcie<\/strong><\/td>\n<td width=\"160\">\u00a0<strong>V\u00fdhody<\/strong><\/td>\n<\/tr>\n<tr>\n<td>Potravin\u00e1rsky materi\u00e1l p\u00e1su<\/td>\n<td>\n<ul>\n<li>hygienick\u00e9<\/li>\n<li>\u013eahko sa \u010dist\u00ed<\/li>\n<\/ul>\n<\/td>\n<\/tr>\n<tr>\n<td>Odoln\u00e1 kon\u0161trukcia<\/td>\n<td>\n<ul>\n<li>odoln\u00e9<\/li>\n<li>spo\u013eahliv\u00e9<\/li>\n<\/ul>\n<\/td>\n<\/tr>\n<tr>\n<td>Frekven\u010dne riaden\u00e9 pohony<\/td>\n<td>\n<ul>\n<li>plynul\u00fd chod<\/li>\n<li>bezporuchov\u00e1 prev\u00e1dzka<\/li>\n<\/ul>\n<\/td>\n<\/tr>\n<\/tbody>\n<\/table>\n<p>&nbsp;<\/p>\n<p>&nbsp;<\/p>\n<p>&nbsp;<\/p>","protected":false},"excerpt":{"rendered":"<p>P\u00e1sov\u00fd dopravn\u00edk na pr\u00edjem a prepravu v\u00fdrobku.<\/p>","protected":false},"featured_media":2885,"comment_status":"open","ping_status":"closed","template":"","meta":{"uix_meta_title":"","uix_meta_description":"","uix_canonical_url":""},"product_brand":[],"product_cat":[104],"product_tag":[],"class_list":{"0":"post-2886","1":"product","2":"type-product","3":"status-publish","4":"has-post-thumbnail","6":"product_cat-processing","8":"first","9":"instock","10":"shipping-taxable","11":"product-type-simple"},"_links":{"self":[{"href":"https:\/\/cormac.eu\/sk\/wp-json\/wp\/v2\/product\/2886","targetHints":{"allow":["GET"]}}],"collection":[{"href":"https:\/\/cormac.eu\/sk\/wp-json\/wp\/v2\/product"}],"about":[{"href":"https:\/\/cormac.eu\/sk\/wp-json\/wp\/v2\/types\/product"}],"replies":[{"embeddable":true,"href":"https:\/\/cormac.eu\/sk\/wp-json\/wp\/v2\/comments?post=2886"}],"wp:featuredmedia":[{"embeddable":true,"href":"https:\/\/cormac.eu\/sk\/wp-json\/wp\/v2\/media\/2885"}],"wp:attachment":[{"href":"https:\/\/cormac.eu\/sk\/wp-json\/wp\/v2\/media?parent=2886"}],"wp:term":[{"taxonomy":"product_brand","embeddable":true,"href":"https:\/\/cormac.eu\/sk\/wp-json\/wp\/v2\/product_brand?post=2886"},{"taxonomy":"product_cat","embeddable":true,"href":"https:\/\/cormac.eu\/sk\/wp-json\/wp\/v2\/product_cat?post=2886"},{"taxonomy":"product_tag","embeddable":true,"href":"https:\/\/cormac.eu\/sk\/wp-json\/wp\/v2\/product_tag?post=2886"}],"curies":[{"name":"wp","href":"https:\/\/api.w.org\/{rel}","templated":true}]}}