{"id":2880,"date":"2022-04-24T12:07:22","date_gmt":"2022-04-24T10:07:22","guid":{"rendered":"https:\/\/cormac.eu\/?post_type=product&#038;p=2880"},"modified":"2022-04-24T12:07:22","modified_gmt":"2022-04-24T10:07:22","slug":"coating-pan-ads","status":"publish","type":"product","link":"https:\/\/cormac.eu\/sk\/product\/coating-pan-ads\/","title":{"rendered":"Coating pan ADS"},"content":{"rendered":"<p>Tpe ADS coating machine is a development by Friedhelm Stechel.\u00a0 The pan swivels within a U-shaped frame, so that the angle of the pan can be changed. Filling and emptying of existing coating machines can be automated as they can be mounted into that special frame. One of the remarkable features of this design is that the total width of the coater is not larger than the pan itself. Thus making the ADS a space saving unit. Of course, this coating machine can be equipped with hoods for the guidance of supply and exhaust air and connections for a spraying system. Capacity: as per customer requirement.<\/p>\n<p>&nbsp;<\/p>\n<table style=\"height: 489px\" width=\"595\">\n<tbody>\n<tr>\n<td width=\"158\">\u00a0<strong>Funkcie<\/strong><\/td>\n<td width=\"158\">\u00a0<strong>V\u00fdhody<\/strong><\/td>\n<\/tr>\n<tr>\n<td>U-shaped frame<\/td>\n<td>\n<ul>\n<li>large range of pan angles<\/li>\n<li>easier automation<\/li>\n<\/ul>\n<\/td>\n<\/tr>\n<tr>\n<td>Nerezov\u00e1 oce\u013e 1.4301<\/td>\n<td>\n<ul>\n<li>hygienick\u00e9<\/li>\n<li>rugged construction<\/li>\n<li>benefit 3<\/li>\n<\/ul>\n<\/td>\n<\/tr>\n<tr>\n<td>Frekven\u010dne riaden\u00fd pohon<\/td>\n<td>\n<ul>\n<li>regul\u00e1cia r\u00fdchlosti<\/li>\n<\/ul>\n<\/td>\n<\/tr>\n<tr>\n<td>Digit\u00e1lny ukazovate\u013e r\u00fdchlosti<\/td>\n<td>\n<ul>\n<li>riadenie procesu<\/li>\n<\/ul>\n<\/td>\n<\/tr>\n<\/tbody>\n<\/table>\n<p>&nbsp;<\/p>","protected":false},"excerpt":{"rendered":"<p>Coating pan for industrial scale sugar coating<\/p>","protected":false},"featured_media":2879,"comment_status":"open","ping_status":"closed","template":"","meta":{"uix_meta_title":"","uix_meta_description":"","uix_canonical_url":""},"product_brand":[],"product_cat":[104],"product_tag":[],"class_list":{"0":"post-2880","1":"product","2":"type-product","3":"status-publish","4":"has-post-thumbnail","6":"product_cat-processing","8":"first","9":"instock","10":"shipping-taxable","11":"product-type-simple"},"_links":{"self":[{"href":"https:\/\/cormac.eu\/sk\/wp-json\/wp\/v2\/product\/2880","targetHints":{"allow":["GET"]}}],"collection":[{"href":"https:\/\/cormac.eu\/sk\/wp-json\/wp\/v2\/product"}],"about":[{"href":"https:\/\/cormac.eu\/sk\/wp-json\/wp\/v2\/types\/product"}],"replies":[{"embeddable":true,"href":"https:\/\/cormac.eu\/sk\/wp-json\/wp\/v2\/comments?post=2880"}],"wp:featuredmedia":[{"embeddable":true,"href":"https:\/\/cormac.eu\/sk\/wp-json\/wp\/v2\/media\/2879"}],"wp:attachment":[{"href":"https:\/\/cormac.eu\/sk\/wp-json\/wp\/v2\/media?parent=2880"}],"wp:term":[{"taxonomy":"product_brand","embeddable":true,"href":"https:\/\/cormac.eu\/sk\/wp-json\/wp\/v2\/product_brand?post=2880"},{"taxonomy":"product_cat","embeddable":true,"href":"https:\/\/cormac.eu\/sk\/wp-json\/wp\/v2\/product_cat?post=2880"},{"taxonomy":"product_tag","embeddable":true,"href":"https:\/\/cormac.eu\/sk\/wp-json\/wp\/v2\/product_tag?post=2880"}],"curies":[{"name":"wp","href":"https:\/\/api.w.org\/{rel}","templated":true}]}}