{"id":2868,"date":"2022-04-24T11:30:16","date_gmt":"2022-04-24T09:30:16","guid":{"rendered":"https:\/\/cormac.eu\/?post_type=product&#038;p=2868"},"modified":"2022-07-04T16:44:13","modified_gmt":"2022-07-04T14:44:13","slug":"lakovaci-bubon-2","status":"publish","type":"product","link":"https:\/\/cormac.eu\/sk\/product\/coating-drum\/","title":{"rendered":"Bubon s n\u00e1terom"},"content":{"rendered":"<p>Cukrovac\u00ed bubon Vomacoat nan\u00e1\u0161a na \u017eel\u00e9 a \u017euva\u010dky jemn\u00fd kry\u0161t\u00e1lov\u00fd cukrov\u00fd povlak. Cez naparovac\u00ed p\u00e1s sa odpra\u0161ovan\u00e9 v\u00fdrobky priv\u00e1dzaj\u00fa do parn\u00e9ho oddelenia, kde sa p\u00f4soben\u00edm suchej pary st\u00e1vaj\u00fa lepkav\u00fdmi. Potom sa v\u00fdrobky vlo\u017eia do cukrovarn\u00edckeho bubna.  Dopravn\u00e1 dr\u00e1\u017eka vo vn\u00fatri bubna pos\u00fava v\u00fdrobok a kry\u0161t\u00e1lov\u00fd cukor cez bubon. Na vypr\u00e1zd\u0148ovacom konci m\u00e1 bubon s dvojit\u00fdmi stenami perforovan\u00fa z\u00f3nu. Tu sa v\u00fdrobok a prebyto\u010dn\u00fd cukor oddelia. Prebyto\u010dn\u00fd cukor sa zmie\u0161a s \u010derstv\u00fdm cukrom a po\u010das su\u0161enia sa \u0161pir\u00e1lovou kon\u0161trukciou medzi vn\u00fatorn\u00fdm a vonkaj\u0161\u00edm bubnom doprav\u00ed sp\u00e4\u0165 do priestoru d\u00e1vkovania cukru. Cukrom obalen\u00fd v\u00fdrobok op\u00fa\u0161\u0165a bubon. Toto zariadenie je vybaven\u00e9 teplovzdu\u0161nou su\u0161i\u010dkou vyhrievanou parou, ktor\u00e1 odstra\u0148uje vlhkos\u0165. Bubon sa m\u00f4\u017ee ot\u00e1\u010da\u0165 do\u013eava aj doprava. To je potrebn\u00e9 na odstr\u00e1nenie cukru z bubna po\u010das \u010distenia. R\u00fdchlos\u0165 ot\u00e1\u010dania bubna je frekven\u010dne riaden\u00e1. Tieto stroje maj\u00fa hygienick\u00fd dizajn a s\u00fa vyroben\u00e9 v\u00fdlu\u010dne z nehrdzavej\u00facej ocele. Kapacita sa pohybuje od 1 000 do 5 000 kg\/hod.<\/p>\n<p>&nbsp;<\/p>\n<p><img decoding=\"async\" class=\"alignnone size-full wp-image-2876\" src=\"https:\/\/cormac.eu\/wp-content\/uploads\/2022\/04\/Vomacoat-product-sample-2.jpg\" alt=\"\" width=\"220\" height=\"220\" srcset=\"https:\/\/cormac.eu\/wp-content\/uploads\/2022\/04\/Vomacoat-product-sample-2.jpg 220w, https:\/\/cormac.eu\/wp-content\/uploads\/2022\/04\/Vomacoat-product-sample-2-150x150.jpg 150w, https:\/\/cormac.eu\/wp-content\/uploads\/2022\/04\/Vomacoat-product-sample-2-100x100.jpg 100w\" sizes=\"(max-width: 220px) 100vw, 220px\" \/> <img decoding=\"async\" class=\"alignnone wp-image-2875\" src=\"https:\/\/cormac.eu\/wp-content\/uploads\/2022\/04\/sugar-coated-candy-300x300.jpg\" alt=\"\" width=\"222\" height=\"222\" srcset=\"https:\/\/cormac.eu\/wp-content\/uploads\/2022\/04\/sugar-coated-candy-300x300.jpg 300w, https:\/\/cormac.eu\/wp-content\/uploads\/2022\/04\/sugar-coated-candy-150x150.jpg 150w, https:\/\/cormac.eu\/wp-content\/uploads\/2022\/04\/sugar-coated-candy-100x100.jpg 100w, https:\/\/cormac.eu\/wp-content\/uploads\/2022\/04\/sugar-coated-candy.jpg 600w\" sizes=\"(max-width: 222px) 100vw, 222px\" \/>\u00a0 <img fetchpriority=\"high\" decoding=\"async\" class=\"alignnone wp-image-2874\" src=\"https:\/\/cormac.eu\/wp-content\/uploads\/2022\/04\/sugar-coated-2-300x233.jpg\" alt=\"\" width=\"291\" height=\"226\" srcset=\"https:\/\/cormac.eu\/wp-content\/uploads\/2022\/04\/sugar-coated-2-300x233.jpg 300w, https:\/\/cormac.eu\/wp-content\/uploads\/2022\/04\/sugar-coated-2.jpg 518w\" sizes=\"(max-width: 291px) 100vw, 291px\" \/><\/p>\n<p>&nbsp;<\/p>\n<table style=\"height: 687px\" width=\"771\">\n<tbody>\n<tr>\n<td width=\"197\">\u00a0<strong>Funkcie<\/strong><\/td>\n<td width=\"249\">\u00a0<strong>V\u00fdhody<\/strong><\/td>\n<\/tr>\n<tr>\n<td>\u00a0P\u00e1sov\u00e9 vlo\u017eky na pod\u00e1vanie v\u00fdrobkov<br \/>\ndo bubna<\/td>\n<td>\n<ul>\n<li>priame vystavenie cukrovej hmle<\/li>\n<\/ul>\n<\/td>\n<\/tr>\n<tr>\n<td>\u00a0Vynikaj\u00faca technol\u00f3gia zv\u00e1rania<\/td>\n<td>\n<ul>\n<li>hygienick\u00e9 prevedenie<\/li>\n<li>\u017eiadne trhliny v oceli<\/li>\n<li>jednoduch\u00e9 \u010distenie a splachovanie<\/li>\n<\/ul>\n<\/td>\n<\/tr>\n<tr>\n<td>\u00a0Teplovzdu\u0161n\u00e1 a vykurovacia \u0161pir\u00e1la<\/td>\n<td>\n<ul>\n<li>\u00fa\u010dinn\u00e9 su\u0161enie cukrovej zmesi<\/li>\n<\/ul>\n<\/td>\n<\/tr>\n<tr>\n<td>\u00a0Prepravn\u00e9 kliny<\/td>\n<td>\n<ul>\n<li>jemn\u00e1 manipul\u00e1cia s v\u00fdrobkami<\/li>\n<\/ul>\n<\/td>\n<\/tr>\n<tr>\n<td>Tepl\u00fd vzduch a mie\u0161anie \u010derstv\u00e9ho cukru<\/td>\n<td>\n<ul>\n<li>dlh\u0161\u00ed \u010das stagn\u00e1cie cukru<\/li>\n<li>cel\u00e1 a kon\u0161tantn\u00e1 cukrov\u00e1 clona<\/li>\n<\/ul>\n<\/td>\n<\/tr>\n<tr>\n<td>Kr\u00fa\u017eok beh\u00fa\u0148a kolesa<\/td>\n<td>\n<ul>\n<li>\u017diadna deform\u00e1cia bubna<\/li>\n<\/ul>\n<\/td>\n<\/tr>\n<tr>\n<td>Centrovac\u00ed kr\u00fa\u017eok kolesa<\/td>\n<td>\n<ul>\n<li>plynul\u00e9 ot\u00e1\u010danie bubna<\/li>\n<\/ul>\n<\/td>\n<\/tr>\n<tr>\n<td>\u0164a\u017ek\u00e1 kon\u0161trukcia<\/td>\n<td>\n<ul>\n<li>nen\u00e1ro\u010dn\u00e1 \u00fadr\u017eba<\/li>\n<\/ul>\n<\/td>\n<\/tr>\n<\/tbody>\n<\/table>\n<p>&nbsp;<\/p>\n<p>&nbsp;<\/p>\n<p>&nbsp;<\/p>\n<p>&nbsp;<\/p>","protected":false},"excerpt":{"rendered":"<p>Povlakovac\u00ed bubon na nan\u00e1\u0161anie cukrovej vrstvy na v\u00fdrobky tvarovan\u00e9 zo \u0161krobu, ako s\u00fa \u017eel\u00e9 a \u017euva\u010dky.<\/p>","protected":false},"featured_media":2866,"comment_status":"open","ping_status":"closed","template":"","meta":{"uix_meta_title":"","uix_meta_description":"","uix_canonical_url":""},"product_brand":[],"product_cat":[104],"product_tag":[],"class_list":{"0":"post-2868","1":"product","2":"type-product","3":"status-publish","4":"has-post-thumbnail","6":"product_cat-processing","8":"first","9":"instock","10":"shipping-taxable","11":"product-type-simple"},"_links":{"self":[{"href":"https:\/\/cormac.eu\/sk\/wp-json\/wp\/v2\/product\/2868","targetHints":{"allow":["GET"]}}],"collection":[{"href":"https:\/\/cormac.eu\/sk\/wp-json\/wp\/v2\/product"}],"about":[{"href":"https:\/\/cormac.eu\/sk\/wp-json\/wp\/v2\/types\/product"}],"replies":[{"embeddable":true,"href":"https:\/\/cormac.eu\/sk\/wp-json\/wp\/v2\/comments?post=2868"}],"wp:featuredmedia":[{"embeddable":true,"href":"https:\/\/cormac.eu\/sk\/wp-json\/wp\/v2\/media\/2866"}],"wp:attachment":[{"href":"https:\/\/cormac.eu\/sk\/wp-json\/wp\/v2\/media?parent=2868"}],"wp:term":[{"taxonomy":"product_brand","embeddable":true,"href":"https:\/\/cormac.eu\/sk\/wp-json\/wp\/v2\/product_brand?post=2868"},{"taxonomy":"product_cat","embeddable":true,"href":"https:\/\/cormac.eu\/sk\/wp-json\/wp\/v2\/product_cat?post=2868"},{"taxonomy":"product_tag","embeddable":true,"href":"https:\/\/cormac.eu\/sk\/wp-json\/wp\/v2\/product_tag?post=2868"}],"curies":[{"name":"wp","href":"https:\/\/api.w.org\/{rel}","templated":true}]}}